{"id":900289,"date":"2022-05-24T08:37:00","date_gmt":"2022-05-24T06:37:00","guid":{"rendered":"https:\/\/www.elektrokul.dk\/neoflux-grytmagneter\/"},"modified":"2025-12-17T09:27:27","modified_gmt":"2025-12-17T08:27:27","slug":"neoflux-grytmagneter","status":"publish","type":"page","link":"https:\/\/www.elektrokul.dk\/sv\/neoflux-grytmagneter\/","title":{"rendered":"Neoflux grytmagneter"},"content":{"rendered":"<section class=\"wpb-content-wrapper\"><p>[vc_row full_width=&#8221;stretch_row&#8221;][vc_column]<div class=\"ult-spacer spacer-69d21ce6d89b7\" data-id=\"69d21ce6d89b7\" data-height=\"90\" data-height-mobile=\"60\" data-height-tab=\"90\" data-height-tab-portrait=\"60\" data-height-mobile-landscape=\"60\" style=\"clear:both;display:block;\"><\/div>[vc_column_text]<\/p>\n<h2>Se v\u00e5ra Neoflux\u00ae grytmagneter<\/h2>\n<p>[\/vc_column_text][vc_empty_space height=&#8221;30px&#8221;][vc_row_inner][vc_column_inner offset=&#8221;vc_col-lg-8 vc_col-md-8 vc_col-xs-12&#8243;][vc_single_image image=&#8221;4210&#8243; img_size=&#8221;medium&#8221;][vc_empty_space height=&#8221;30px&#8221;][vc_column_text]Neoflux\u00ae (Nd-Fe-B) grytmagnet, med g\u00e4ngad hylsa, galvaniserad.[\/vc_column_text][vc_empty_space height=&#8221;30px&#8221;][vc_raw_html]W3RhYmxlIGlkPSIxOSIgcmVzcG9uc2l2ZT0ic2Nyb2xsIiByZXNwb25zaXZlX2JyZWFrcG9pbnQ9InBob25lIiAvXQ==[\/vc_raw_html][vc_empty_space height=&#8221;30px&#8221;][vc_separator][vc_empty_space height=&#8221;30px&#8221;][vc_single_image image=&#8221;4214&#8243; img_size=&#8221;medium&#8221;][vc_empty_space height=&#8221;30px&#8221;][vc_column_text]Neoflux\u00ae (Nd-Fe-B) potmagnet, plan, galvaniserad.[\/vc_column_text][vc_empty_space height=&#8221;30px&#8221;][vc_raw_html]W3RhYmxlIGlkPSIyMCIgcmVzcG9uc2l2ZT0ic2Nyb2xsIiByZXNwb25zaXZlX2JyZWFrcG9pbnQ9InBob25lIiAvXQ==[\/vc_raw_html][vc_empty_space height=&#8221;30px&#8221;][vc_separator][vc_empty_space height=&#8221;30px&#8221;][vc_single_image image=&#8221;4218&#8243; img_size=&#8221;medium&#8221;][vc_empty_space height=&#8221;30px&#8221;][vc_column_text]Neoflux\u00ae (Nd-Fe-B) grytmagnet, med g\u00e4ngad tapp, galvaniserad.[\/vc_column_text][vc_empty_space height=&#8221;30px&#8221;][vc_raw_html]W3RhYmxlIGlkPSIyMSIgcmVzcG9uc2l2ZT0ic2Nyb2xsIiByZXNwb25zaXZlX2JyZWFrcG9pbnQ9InBob25lIiAvXQ==[\/vc_raw_html][vc_empty_space height=&#8221;30px&#8221;][vc_separator][vc_empty_space height=&#8221;30px&#8221;][vc_single_image image=&#8221;4222&#8243; img_size=&#8221;medium&#8221;][vc_empty_space height=&#8221;30px&#8221;][vc_column_text]Neoflux\u00ae (Nd-Fe-B) grytmagnet, med g\u00e4ngat h\u00e5l, galvaniserad.[\/vc_column_text][vc_empty_space height=&#8221;30px&#8221;][vc_raw_html]W3RhYmxlIGlkPSIyMiIgcmVzcG9uc2l2ZT0ic2Nyb2xsIiByZXNwb25zaXZlX2JyZWFrcG9pbnQ9InBob25lIiAvXQ==[\/vc_raw_html][vc_empty_space height=&#8221;30px&#8221;][vc_separator][vc_empty_space height=&#8221;30px&#8221;][vc_single_image image=&#8221;4226&#8243; img_size=&#8221;medium&#8221;][vc_empty_space height=&#8221;30px&#8221;][vc_column_text]Neoflux\u00ae (Nd-Fe-B) grytmagnet, med f\u00f6rs\u00e4nkt skruvh\u00e5l, galvaniserad.[\/vc_column_text][vc_empty_space height=&#8221;30px&#8221;][vc_raw_html]W3RhYmxlIGlkPSIyMyIgcmVzcG9uc2l2ZT0ic2Nyb2xsIiByZXNwb25zaXZlX2JyZWFrcG9pbnQ9InBob25lIiAvXQ==[\/vc_raw_html][vc_empty_space height=&#8221;30px&#8221;][vc_separator][vc_empty_space height=&#8221;30px&#8221;][vc_single_image image=&#8221;4230&#8243; img_size=&#8221;medium&#8221;][vc_empty_space height=&#8221;30px&#8221;][vc_column_text]Neoflux\u00ae (Nd-Fe-B) grytmagnet, med tolerans f\u00f6r presspassning, galvaniserad.[\/vc_column_text][vc_empty_space height=&#8221;30px&#8221;][vc_raw_html]W3RhYmxlIGlkPSIyNCIgcmVzcG9uc2l2ZT0ic2Nyb2xsIiByZXNwb25zaXZlX2JyZWFrcG9pbnQ9InBob25lIiAvXQ==[\/vc_raw_html][vc_empty_space height=&#8221;30px&#8221;][vc_separator][vc_empty_space height=&#8221;30px&#8221;][vc_single_image image=&#8221;4234&#8243; img_size=&#8221;medium&#8221;][vc_empty_space height=&#8221;15px&#8221;][vc_single_image image=&#8221;4236&#8243; img_size=&#8221;medium&#8221;][vc_empty_space height=&#8221;30px&#8221;][vc_column_text]Neoflux\u00ae (Nd-Fe-B) potmagnet, med g\u00e4ngad hylsa, gummibelagd.[\/vc_column_text][vc_empty_space height=&#8221;30px&#8221;][vc_raw_html]W3RhYmxlIGlkPSIyNSIgcmVzcG9uc2l2ZT0ic2Nyb2xsIiByZXNwb25zaXZlX2JyZWFrcG9pbnQ9InBob25lIiAvXQ==[\/vc_raw_html][vc_empty_space height=&#8221;30px&#8221;][vc_separator][vc_empty_space height=&#8221;30px&#8221;][vc_single_image image=&#8221;4240&#8243; img_size=&#8221;medium&#8221;][vc_empty_space height=&#8221;15px&#8221;][vc_single_image image=&#8221;4242&#8243; img_size=&#8221;medium&#8221;][vc_empty_space height=&#8221;30px&#8221;][vc_column_text]Neoflux\u00ae (Nd-Fe-B) potmagnet, med g\u00e4ngad hylsa, gummibelagd.[\/vc_column_text][vc_empty_space height=&#8221;30px&#8221;][vc_raw_html]W3RhYmxlIGlkPSIyNiIgcmVzcG9uc2l2ZT0ic2Nyb2xsIiByZXNwb25zaXZlX2JyZWFrcG9pbnQ9InBob25lIiAvXQ==[\/vc_raw_html][vc_empty_space height=&#8221;30px&#8221;][vc_separator][vc_empty_space height=&#8221;30px&#8221;][vc_single_image image=&#8221;4246&#8243; img_size=&#8221;medium&#8221;][vc_empty_space height=&#8221;15px&#8221;][vc_single_image image=&#8221;4248&#8243; img_size=&#8221;medium&#8221;][vc_empty_space height=&#8221;30px&#8221;][vc_column_text]Neoflux\u00ae (Nd-Fe-B) direktmagnet med koniskt urtag.[\/vc_column_text][vc_empty_space height=&#8221;30px&#8221;][vc_raw_html]W3RhYmxlIGlkPSIyNyIgcmVzcG9uc2l2ZT0ic2Nyb2xsIiByZXNwb25zaXZlX2JyZWFrcG9pbnQ9InBob25lIiAvXQ==[\/vc_raw_html][vc_empty_space height=&#8221;30px&#8221;][vc_separator][vc_empty_space height=&#8221;30px&#8221;][vc_single_image image=&#8221;4252&#8243; img_size=&#8221;medium&#8221;][vc_empty_space height=&#8221;30px&#8221;][vc_column_text]1\/ Optimal magnetisk kraft uppn\u00e5s genom att placera pottenmagneten i r\u00e4t vinkel (eller &#8221;i r\u00e4t vinkel&#8221;, dvs. 90 grader) mot arbetsstycket av mjukt j\u00e4rn eller st\u00e5l.<\/p>\n<p>En avvikelse p\u00e5 ca 10% fr\u00e5n det angivna v\u00e4rdet \u00e4r m\u00f6jlig i undantagsfall (&#8221;i undantagsfall&#8221; betyder vanligtvis att det kan h\u00e4nda, men att det kommer att vara ett undantag). I allm\u00e4nhet kommer v\u00e4rdena att \u00f6verskridas. Sm\u00e5 sprickor i magnetv\u00e4ven p\u00e5verkar inte magnetkraften.  <\/p>\n<p>2\/ Detta m\u00e5tt visar hur stor del av magnetens l\u00e4ngd som kan bearbetas, svarvas, fr\u00e4sas eller borras utan f\u00f6rlust av magnetisk kraft.<\/p>\n<p>3\/ Tolerans: 0,2 mm.<\/p>\n<p>4\/ Toleranser:<br \/>\nGM17401 &#8211; GM17402 &#8211;<strong> 0,1 mm.<\/strong><br \/>\nGM17600 &#8211; GM17601 &#8211; <strong>0,1 mm.<\/strong><br \/>\nGM17403 &#8211; GM17407 &#8211; <strong>0,15 mm.<\/strong><br \/>\nGM17602 &#8211; GM17606 &#8211; <strong>0<\/strong> <strong>,<\/strong> <strong>15 mm<\/strong>.<br \/>\nGM17622 &#8211; GM17626 &#8211; <strong>0,15 mm.<\/strong><br \/>\nGM17408 \/ 17607 \/ 17627 \/ 17516 &#8211; <strong>0,2 mm<\/strong>.<\/p>\n<p>5\/ Toleranser:<br \/>\nGM17401 &#8211; GM17407 &#8211; <strong>0,1 mm.<\/strong><br \/>\nGM17600 &#8211; GM17606 &#8211; <strong>0,1 mm.<\/strong><br \/>\nGM17408 \/ GM17607 &#8211; <strong>0,15 mm<\/strong>.[\/vc_column_text]<div class=\"ult-spacer spacer-69d21ce6d8a00\" data-id=\"69d21ce6d8a00\" data-height=\"0\" data-height-mobile=\"30\" data-height-tab=\"0\" data-height-tab-portrait=\"30\" data-height-mobile-landscape=\"30\" style=\"clear:both;display:block;\"><\/div>[\/vc_column_inner][vc_column_inner offset=&#8221;vc_col-lg-4 vc_col-md-4 vc_col-xs-12&#8243;][vc_widget_sidebar sidebar_id=&#8221;sidebar-1&#8243; el_class=&#8221;contact-sidebar&#8221;][\/vc_column_inner][\/vc_row_inner]<div class=\"ult-spacer spacer-69d21ce6d8a27\" data-id=\"69d21ce6d8a27\" data-height=\"90\" data-height-mobile=\"60\" data-height-tab=\"90\" data-height-tab-portrait=\"60\" data-height-mobile-landscape=\"60\" style=\"clear:both;display:block;\"><\/div>[\/vc_column][\/vc_row][vc_row full_width=&#8221;stretch_row_content_no_spaces&#8221; equal_height=&#8221;yes&#8221; css=&#8221;.vc_custom_1653381489748{background-color: #f7f7f7 !important;}&#8221;][vc_column el_class=&#8221;stretch&#8221;][vc_column_text]<\/p>\n<h3 style=\"text-align: center;\">Har du n\u00e5gra fr\u00e5gor?<\/h3>\n<p style=\"text-align: center;\">Vi \u00e4r redo att svara p\u00e5 alla fr\u00e5gor du kan ha som inte besvaras p\u00e5 denna webbplats.<br \/>\nS\u00e5 tveka inte att ringa eller skriva till oss. Vi tar g\u00e4rna ett f\u00f6ruts\u00e4ttningsl\u00f6st samtal med dig om dina planer. <\/p>\n<p>[\/vc_column_text][vc_empty_space height=&#8221;30px&#8221;][vc_btn title=&#8221;Kontakta oss h\u00e4r&#8221; style=&#8221;custom&#8221; custom_background=&#8221;#bf7d6b&#8221; custom_text=&#8221;#ffffff&#8221; shape=&#8221;square&#8221; size=&#8221;lg&#8221; align=&#8221;center&#8221; css_animation=&#8221;fadeInUp&#8221; link=&#8221;url:https%3A%2F%2Fwww.elektrokul.dk%2Fsv%2Fkontakt%2F|title:Kontakta%20oss|&#8221;][\/vc_column][\/vc_row]<\/p>\n<\/section>","protected":false},"excerpt":{"rendered":"<p>[vc_row full_width=&#8221;stretch_row&#8221;][vc_column][vc_column_text] Se v\u00e5ra Neoflux\u00ae grytmagneter [\/vc_column_text][vc_empty_space height=&#8221;30px&#8221;][vc_row_inner][vc_column_inner offset=&#8221;vc_col-lg-8 vc_col-md-8 vc_col-xs-12&#8243;][vc_single_image image=&#8221;4210&#8243; img_size=&#8221;medium&#8221;][vc_empty_space height=&#8221;30px&#8221;][vc_column_text]Neoflux\u00ae (Nd-Fe-B) grytmagnet, med g\u00e4ngad hylsa, galvaniserad.[\/vc_column_text][vc_empty_space height=&#8221;30px&#8221;][vc_raw_html]W3RhYmxlIGlkPSIxOSIgcmVzcG9uc2l2ZT0ic2Nyb2xsIiByZXNwb25zaXZlX2JyZWFrcG9pbnQ9InBob25lIiAvXQ==[\/vc_raw_html][vc_empty_space height=&#8221;30px&#8221;][vc_separator][vc_empty_space height=&#8221;30px&#8221;][vc_single_image image=&#8221;4214&#8243; img_size=&#8221;medium&#8221;][vc_empty_space height=&#8221;30px&#8221;][vc_column_text]Neoflux\u00ae (Nd-Fe-B) potmagnet, plan, galvaniserad.[\/vc_column_text][vc_empty_space height=&#8221;30px&#8221;][vc_raw_html]W3RhYmxlIGlkPSIyMCIgcmVzcG9uc2l2ZT0ic2Nyb2xsIiByZXNwb25zaXZlX2JyZWFrcG9pbnQ9InBob25lIiAvXQ==[\/vc_raw_html][vc_empty_space height=&#8221;30px&#8221;][vc_separator][vc_empty_space height=&#8221;30px&#8221;][vc_single_image image=&#8221;4218&#8243; img_size=&#8221;medium&#8221;][vc_empty_space height=&#8221;30px&#8221;][vc_column_text]Neoflux\u00ae (Nd-Fe-B) grytmagnet, med g\u00e4ngad tapp, galvaniserad.[\/vc_column_text][vc_empty_space height=&#8221;30px&#8221;][vc_raw_html]W3RhYmxlIGlkPSIyMSIgcmVzcG9uc2l2ZT0ic2Nyb2xsIiByZXNwb25zaXZlX2JyZWFrcG9pbnQ9InBob25lIiAvXQ==[\/vc_raw_html][vc_empty_space height=&#8221;30px&#8221;][vc_separator][vc_empty_space height=&#8221;30px&#8221;][vc_single_image image=&#8221;4222&#8243; img_size=&#8221;medium&#8221;][vc_empty_space height=&#8221;30px&#8221;][vc_column_text]Neoflux\u00ae (Nd-Fe-B) grytmagnet, med g\u00e4ngat h\u00e5l, galvaniserad.[\/vc_column_text][vc_empty_space height=&#8221;30px&#8221;][vc_raw_html]W3RhYmxlIGlkPSIyMiIgcmVzcG9uc2l2ZT0ic2Nyb2xsIiByZXNwb25zaXZlX2JyZWFrcG9pbnQ9InBob25lIiAvXQ==[\/vc_raw_html][vc_empty_space &#8230; <a title=\"Neoflux grytmagneter\" class=\"read-more\" href=\"https:\/\/www.elektrokul.dk\/sv\/neoflux-grytmagneter\/\" aria-label=\"Mer p\u00e5 Neoflux grytmagneter\">L\u00e4s mer<\/a><\/p>\n","protected":false},"author":1,"featured_media":0,"parent":0,"menu_order":0,"comment_status":"closed","ping_status":"closed","template":"","meta":{"_acf_changed":false,"footnotes":""},"categories":[],"class_list":["post-900289","page","type-page","status-publish"],"acf":[],"yoast_head":"<!-- This site is optimized with the Yoast SEO plugin v26.6 - https:\/\/yoast.com\/wordpress\/plugins\/seo\/ -->\n<title>Neoflux grytmagneter &#183; Elektrokul A\/S<\/title>\n<meta name=\"robots\" content=\"index, follow, max-snippet:-1, max-image-preview:large, max-video-preview:-1\" \/>\n<link rel=\"canonical\" href=\"https:\/\/www.elektrokul.dk\/sv\/?page_id=900289\" \/>\n<meta property=\"og:locale\" content=\"sv_SE\" \/>\n<meta property=\"og:type\" content=\"article\" \/>\n<meta property=\"og:title\" content=\"Neoflux grytmagneter &#183; Elektrokul A\/S\" \/>\n<meta property=\"og:description\" content=\"[vc_row full_width=&#8221;stretch_row&#8221;][vc_column][vc_column_text] Se v\u00e5ra Neoflux\u00ae grytmagneter [\/vc_column_text][vc_empty_space height=&#8221;30px&#8221;][vc_row_inner][vc_column_inner offset=&#8221;vc_col-lg-8 vc_col-md-8 vc_col-xs-12&#8243;][vc_single_image image=&#8221;4210&#8243; img_size=&#8221;medium&#8221;][vc_empty_space height=&#8221;30px&#8221;][vc_column_text]Neoflux\u00ae (Nd-Fe-B) grytmagnet, med g\u00e4ngad hylsa, galvaniserad.[\/vc_column_text][vc_empty_space height=&#8221;30px&#8221;][vc_raw_html]W3RhYmxlIGlkPSIxOSIgcmVzcG9uc2l2ZT0ic2Nyb2xsIiByZXNwb25zaXZlX2JyZWFrcG9pbnQ9InBob25lIiAvXQ==[\/vc_raw_html][vc_empty_space height=&#8221;30px&#8221;][vc_separator][vc_empty_space height=&#8221;30px&#8221;][vc_single_image image=&#8221;4214&#8243; img_size=&#8221;medium&#8221;][vc_empty_space height=&#8221;30px&#8221;][vc_column_text]Neoflux\u00ae (Nd-Fe-B) potmagnet, plan, galvaniserad.[\/vc_column_text][vc_empty_space height=&#8221;30px&#8221;][vc_raw_html]W3RhYmxlIGlkPSIyMCIgcmVzcG9uc2l2ZT0ic2Nyb2xsIiByZXNwb25zaXZlX2JyZWFrcG9pbnQ9InBob25lIiAvXQ==[\/vc_raw_html][vc_empty_space height=&#8221;30px&#8221;][vc_separator][vc_empty_space height=&#8221;30px&#8221;][vc_single_image image=&#8221;4218&#8243; img_size=&#8221;medium&#8221;][vc_empty_space height=&#8221;30px&#8221;][vc_column_text]Neoflux\u00ae (Nd-Fe-B) grytmagnet, med g\u00e4ngad tapp, galvaniserad.[\/vc_column_text][vc_empty_space height=&#8221;30px&#8221;][vc_raw_html]W3RhYmxlIGlkPSIyMSIgcmVzcG9uc2l2ZT0ic2Nyb2xsIiByZXNwb25zaXZlX2JyZWFrcG9pbnQ9InBob25lIiAvXQ==[\/vc_raw_html][vc_empty_space height=&#8221;30px&#8221;][vc_separator][vc_empty_space height=&#8221;30px&#8221;][vc_single_image image=&#8221;4222&#8243; img_size=&#8221;medium&#8221;][vc_empty_space height=&#8221;30px&#8221;][vc_column_text]Neoflux\u00ae (Nd-Fe-B) grytmagnet, med g\u00e4ngat h\u00e5l, galvaniserad.[\/vc_column_text][vc_empty_space height=&#8221;30px&#8221;][vc_raw_html]W3RhYmxlIGlkPSIyMiIgcmVzcG9uc2l2ZT0ic2Nyb2xsIiByZXNwb25zaXZlX2JyZWFrcG9pbnQ9InBob25lIiAvXQ==[\/vc_raw_html][vc_empty_space ... L\u00e4s mer\" \/>\n<meta property=\"og:url\" content=\"https:\/\/www.elektrokul.dk\/sv\/?page_id=900289\" \/>\n<meta property=\"og:site_name\" content=\"Elektrokul A\/S\" \/>\n<meta property=\"article:modified_time\" content=\"2025-12-17T08:27:27+00:00\" \/>\n<meta name=\"twitter:card\" content=\"summary_large_image\" \/>\n<meta name=\"twitter:label1\" content=\"Ber\u00e4knad l\u00e4stid\" \/>\n\t<meta name=\"twitter:data1\" content=\"5 minuter\" \/>\n<script type=\"application\/ld+json\" class=\"yoast-schema-graph\">{\"@context\":\"https:\/\/schema.org\",\"@graph\":[{\"@type\":\"WebPage\",\"@id\":\"https:\/\/www.elektrokul.dk\/sv\/?page_id=900289\",\"url\":\"https:\/\/www.elektrokul.dk\/sv\/?page_id=900289\",\"name\":\"Neoflux grytmagneter &#183; Elektrokul A\/S\",\"isPartOf\":{\"@id\":\"https:\/\/www.elektrokul.dk\/#website\"},\"datePublished\":\"2022-05-24T06:37:00+00:00\",\"dateModified\":\"2025-12-17T08:27:27+00:00\",\"breadcrumb\":{\"@id\":\"https:\/\/www.elektrokul.dk\/sv\/?page_id=900289#breadcrumb\"},\"inLanguage\":\"sv-SE\",\"potentialAction\":[{\"@type\":\"ReadAction\",\"target\":[\"https:\/\/www.elektrokul.dk\/sv\/?page_id=900289\"]}]},{\"@type\":\"BreadcrumbList\",\"@id\":\"https:\/\/www.elektrokul.dk\/sv\/?page_id=900289#breadcrumb\",\"itemListElement\":[{\"@type\":\"ListItem\",\"position\":1,\"name\":\"Hjem\",\"item\":\"https:\/\/www.elektrokul.dk\/sv\/forside\/\"},{\"@type\":\"ListItem\",\"position\":2,\"name\":\"Neoflux grytmagneter\"}]},{\"@type\":\"WebSite\",\"@id\":\"https:\/\/www.elektrokul.dk\/#website\",\"url\":\"https:\/\/www.elektrokul.dk\/\",\"name\":\"Elektrokul A\/S\",\"description\":\"Mekanisk grafit og andre kulvarer fra egen fabrik\",\"publisher\":{\"@id\":\"https:\/\/www.elektrokul.dk\/#organization\"},\"potentialAction\":[{\"@type\":\"SearchAction\",\"target\":{\"@type\":\"EntryPoint\",\"urlTemplate\":\"https:\/\/www.elektrokul.dk\/?s={search_term_string}\"},\"query-input\":{\"@type\":\"PropertyValueSpecification\",\"valueRequired\":true,\"valueName\":\"search_term_string\"}}],\"inLanguage\":\"sv-SE\"},{\"@type\":\"Organization\",\"@id\":\"https:\/\/www.elektrokul.dk\/#organization\",\"name\":\"Elektrokul A\/S\",\"url\":\"https:\/\/www.elektrokul.dk\/\",\"logo\":{\"@type\":\"ImageObject\",\"inLanguage\":\"sv-SE\",\"@id\":\"https:\/\/www.elektrokul.dk\/#\/schema\/logo\/image\/\",\"url\":\"https:\/\/www.elektrokul.dk\/wp-content\/uploads\/2022\/05\/logo-3.png\",\"contentUrl\":\"https:\/\/www.elektrokul.dk\/wp-content\/uploads\/2022\/05\/logo-3.png\",\"width\":535,\"height\":100,\"caption\":\"Elektrokul A\/S\"},\"image\":{\"@id\":\"https:\/\/www.elektrokul.dk\/#\/schema\/logo\/image\/\"}}]}<\/script>\n<!-- \/ Yoast SEO plugin. -->","yoast_head_json":{"title":"Neoflux grytmagneter &#183; Elektrokul A\/S","robots":{"index":"index","follow":"follow","max-snippet":"max-snippet:-1","max-image-preview":"max-image-preview:large","max-video-preview":"max-video-preview:-1"},"canonical":"https:\/\/www.elektrokul.dk\/sv\/?page_id=900289","og_locale":"sv_SE","og_type":"article","og_title":"Neoflux grytmagneter &#183; Elektrokul A\/S","og_description":"[vc_row full_width=&#8221;stretch_row&#8221;][vc_column][vc_column_text] Se v\u00e5ra Neoflux\u00ae grytmagneter [\/vc_column_text][vc_empty_space height=&#8221;30px&#8221;][vc_row_inner][vc_column_inner offset=&#8221;vc_col-lg-8 vc_col-md-8 vc_col-xs-12&#8243;][vc_single_image image=&#8221;4210&#8243; img_size=&#8221;medium&#8221;][vc_empty_space height=&#8221;30px&#8221;][vc_column_text]Neoflux\u00ae (Nd-Fe-B) grytmagnet, med g\u00e4ngad hylsa, galvaniserad.[\/vc_column_text][vc_empty_space height=&#8221;30px&#8221;][vc_raw_html]W3RhYmxlIGlkPSIxOSIgcmVzcG9uc2l2ZT0ic2Nyb2xsIiByZXNwb25zaXZlX2JyZWFrcG9pbnQ9InBob25lIiAvXQ==[\/vc_raw_html][vc_empty_space height=&#8221;30px&#8221;][vc_separator][vc_empty_space height=&#8221;30px&#8221;][vc_single_image image=&#8221;4214&#8243; img_size=&#8221;medium&#8221;][vc_empty_space height=&#8221;30px&#8221;][vc_column_text]Neoflux\u00ae (Nd-Fe-B) potmagnet, plan, galvaniserad.[\/vc_column_text][vc_empty_space height=&#8221;30px&#8221;][vc_raw_html]W3RhYmxlIGlkPSIyMCIgcmVzcG9uc2l2ZT0ic2Nyb2xsIiByZXNwb25zaXZlX2JyZWFrcG9pbnQ9InBob25lIiAvXQ==[\/vc_raw_html][vc_empty_space height=&#8221;30px&#8221;][vc_separator][vc_empty_space height=&#8221;30px&#8221;][vc_single_image image=&#8221;4218&#8243; img_size=&#8221;medium&#8221;][vc_empty_space height=&#8221;30px&#8221;][vc_column_text]Neoflux\u00ae (Nd-Fe-B) grytmagnet, med g\u00e4ngad tapp, galvaniserad.[\/vc_column_text][vc_empty_space height=&#8221;30px&#8221;][vc_raw_html]W3RhYmxlIGlkPSIyMSIgcmVzcG9uc2l2ZT0ic2Nyb2xsIiByZXNwb25zaXZlX2JyZWFrcG9pbnQ9InBob25lIiAvXQ==[\/vc_raw_html][vc_empty_space height=&#8221;30px&#8221;][vc_separator][vc_empty_space height=&#8221;30px&#8221;][vc_single_image image=&#8221;4222&#8243; img_size=&#8221;medium&#8221;][vc_empty_space height=&#8221;30px&#8221;][vc_column_text]Neoflux\u00ae (Nd-Fe-B) grytmagnet, med g\u00e4ngat h\u00e5l, galvaniserad.[\/vc_column_text][vc_empty_space height=&#8221;30px&#8221;][vc_raw_html]W3RhYmxlIGlkPSIyMiIgcmVzcG9uc2l2ZT0ic2Nyb2xsIiByZXNwb25zaXZlX2JyZWFrcG9pbnQ9InBob25lIiAvXQ==[\/vc_raw_html][vc_empty_space ... L\u00e4s mer","og_url":"https:\/\/www.elektrokul.dk\/sv\/?page_id=900289","og_site_name":"Elektrokul A\/S","article_modified_time":"2025-12-17T08:27:27+00:00","twitter_card":"summary_large_image","twitter_misc":{"Ber\u00e4knad l\u00e4stid":"5 minuter"},"schema":{"@context":"https:\/\/schema.org","@graph":[{"@type":"WebPage","@id":"https:\/\/www.elektrokul.dk\/sv\/?page_id=900289","url":"https:\/\/www.elektrokul.dk\/sv\/?page_id=900289","name":"Neoflux grytmagneter &#183; Elektrokul A\/S","isPartOf":{"@id":"https:\/\/www.elektrokul.dk\/#website"},"datePublished":"2022-05-24T06:37:00+00:00","dateModified":"2025-12-17T08:27:27+00:00","breadcrumb":{"@id":"https:\/\/www.elektrokul.dk\/sv\/?page_id=900289#breadcrumb"},"inLanguage":"sv-SE","potentialAction":[{"@type":"ReadAction","target":["https:\/\/www.elektrokul.dk\/sv\/?page_id=900289"]}]},{"@type":"BreadcrumbList","@id":"https:\/\/www.elektrokul.dk\/sv\/?page_id=900289#breadcrumb","itemListElement":[{"@type":"ListItem","position":1,"name":"Hjem","item":"https:\/\/www.elektrokul.dk\/sv\/forside\/"},{"@type":"ListItem","position":2,"name":"Neoflux grytmagneter"}]},{"@type":"WebSite","@id":"https:\/\/www.elektrokul.dk\/#website","url":"https:\/\/www.elektrokul.dk\/","name":"Elektrokul A\/S","description":"Mekanisk grafit og andre kulvarer fra egen fabrik","publisher":{"@id":"https:\/\/www.elektrokul.dk\/#organization"},"potentialAction":[{"@type":"SearchAction","target":{"@type":"EntryPoint","urlTemplate":"https:\/\/www.elektrokul.dk\/?s={search_term_string}"},"query-input":{"@type":"PropertyValueSpecification","valueRequired":true,"valueName":"search_term_string"}}],"inLanguage":"sv-SE"},{"@type":"Organization","@id":"https:\/\/www.elektrokul.dk\/#organization","name":"Elektrokul A\/S","url":"https:\/\/www.elektrokul.dk\/","logo":{"@type":"ImageObject","inLanguage":"sv-SE","@id":"https:\/\/www.elektrokul.dk\/#\/schema\/logo\/image\/","url":"https:\/\/www.elektrokul.dk\/wp-content\/uploads\/2022\/05\/logo-3.png","contentUrl":"https:\/\/www.elektrokul.dk\/wp-content\/uploads\/2022\/05\/logo-3.png","width":535,"height":100,"caption":"Elektrokul A\/S"},"image":{"@id":"https:\/\/www.elektrokul.dk\/#\/schema\/logo\/image\/"}}]}},"_links":{"self":[{"href":"https:\/\/www.elektrokul.dk\/sv\/wp-json\/wp\/v2\/pages\/900289","targetHints":{"allow":["GET"]}}],"collection":[{"href":"https:\/\/www.elektrokul.dk\/sv\/wp-json\/wp\/v2\/pages"}],"about":[{"href":"https:\/\/www.elektrokul.dk\/sv\/wp-json\/wp\/v2\/types\/page"}],"author":[{"embeddable":true,"href":"https:\/\/www.elektrokul.dk\/sv\/wp-json\/wp\/v2\/users\/1"}],"replies":[{"embeddable":true,"href":"https:\/\/www.elektrokul.dk\/sv\/wp-json\/wp\/v2\/comments?post=900289"}],"version-history":[{"count":6,"href":"https:\/\/www.elektrokul.dk\/sv\/wp-json\/wp\/v2\/pages\/900289\/revisions"}],"predecessor-version":[{"id":900301,"href":"https:\/\/www.elektrokul.dk\/sv\/wp-json\/wp\/v2\/pages\/900289\/revisions\/900301"}],"wp:attachment":[{"href":"https:\/\/www.elektrokul.dk\/sv\/wp-json\/wp\/v2\/media?parent=900289"}],"wp:term":[{"taxonomy":"category","embeddable":true,"href":"https:\/\/www.elektrokul.dk\/sv\/wp-json\/wp\/v2\/categories?post=900289"}],"curies":[{"name":"wp","href":"https:\/\/api.w.org\/{rel}","templated":true}]}}