{"id":4711,"date":"2022-05-24T11:09:41","date_gmt":"2022-05-24T09:09:41","guid":{"rendered":"https:\/\/www.elektrokul.dk\/haandvaerktoejskul\/"},"modified":"2024-06-05T17:18:57","modified_gmt":"2024-06-05T15:18:57","slug":"haandvaerktoejskul","status":"publish","type":"page","link":"https:\/\/www.elektrokul.dk\/sv\/haandvaerktoejskul\/","title":{"rendered":"Handverktygskol"},"content":{"rendered":"<section class=\"wpb-content-wrapper\"><p>[vc_row full_width=&#8221;stretch_row&#8221;][vc_column]<div class=\"ult-spacer spacer-69f61d42ed9dc\" data-id=\"69f61d42ed9dc\" data-height=\"90\" data-height-mobile=\"60\" data-height-tab=\"90\" data-height-tab-portrait=\"60\" data-height-mobile-landscape=\"60\" style=\"clear:both;display:block;\"><\/div>[vc_row_inner][vc_column_inner offset=&#8221;vc_col-lg-8 vc_col-md-8 vc_col-xs-12&#8243;][vc_column_text]<\/p>\n<h2>Sm\u00e5borstar<\/h2>\n<p>Sm\u00e5borstar f\u00f6r i synnerhet handverktyg designas av verktygstillverkarna f\u00f6r de enskilda modellerna, oftast f\u00e5r en ny modell \u00e4ven en ny borstdesign.<\/p>\n<p>Se specialbroschyr med f\u00f6rteckningar \u00f6ver de enskilda fabrikanternas modeller.<\/p>\n<p><a href=\"https:\/\/www.elektrokul.dk\/wp-content\/uploads\/2022\/05\/349-0149haandvaerktoej-kul-katalog-ny.pdf\">H\u00e4mta katalog<\/a>[\/vc_column_text][vc_empty_space height=&#8221;30px&#8221;][vc_media_grid element_width=&#8221;6&#8243; gap=&#8221;20&#8243; grid_id=&#8221;vc_gid:1717600723524-f75df464-f05d-10&#8243; include=&#8221;3556&#8243;]<div class=\"ult-spacer spacer-69f61d42eda1f\" data-id=\"69f61d42eda1f\" data-height=\"0\" data-height-mobile=\"30\" data-height-tab=\"0\" data-height-tab-portrait=\"30\" data-height-mobile-landscape=\"30\" style=\"clear:both;display:block;\"><\/div>[\/vc_column_inner][vc_column_inner offset=&#8221;vc_col-lg-4 vc_col-md-4 vc_col-xs-12&#8243;][vc_widget_sidebar sidebar_id=&#8221;sidebar-1&#8243; el_class=&#8221;contact-sidebar&#8221;][\/vc_column_inner][\/vc_row_inner]<div class=\"ult-spacer spacer-69f61d42eda4f\" data-id=\"69f61d42eda4f\" data-height=\"90\" data-height-mobile=\"60\" data-height-tab=\"90\" data-height-tab-portrait=\"60\" data-height-mobile-landscape=\"60\" style=\"clear:both;display:block;\"><\/div>[\/vc_column][\/vc_row][vc_row full_width=&#8221;stretch_row&#8221; css=&#8221;.vc_custom_1653378668627{background-color: #f7f7f7 !important;}&#8221;][vc_column]<div class=\"ult-spacer spacer-69f61d42eda72\" data-id=\"69f61d42eda72\" data-height=\"90\" data-height-mobile=\"60\" data-height-tab=\"90\" data-height-tab-portrait=\"60\" data-height-mobile-landscape=\"60\" style=\"clear:both;display:block;\"><\/div>[vc_basic_grid post_type=&#8221;page&#8221; max_items=&#8221;-1&#8243; element_width=&#8221;2&#8243; gap=&#8221;20&#8243; order=&#8221;ASC&#8221; item=&#8221;3474&#8243; grid_id=&#8221;vc_gid:1717600723525-e3143bea-c667-9&#8243; taxonomies=&#8221;10&#8243;]<div class=\"ult-spacer spacer-69f61d42eda94\" data-id=\"69f61d42eda94\" data-height=\"90\" data-height-mobile=\"60\" data-height-tab=\"90\" data-height-tab-portrait=\"60\" data-height-mobile-landscape=\"60\" style=\"clear:both;display:block;\"><\/div>[\/vc_column][\/vc_row][vc_row full_width=&#8221;stretch_row_content_no_spaces&#8221; equal_height=&#8221;yes&#8221;][vc_column width=&#8221;1\/2&#8243; el_class=&#8221;stretch&#8221;][vc_column_text]<\/p>\n<h3>Har du sp\u00f8rgsm\u00e5l?<\/h3>\n<p>Vi sidder klar til at besvare ethvert sp\u00f8rgsm\u00e5l, du m\u00e5tte have, som du ikke f\u00e5r besvaret her p\u00e5 hjemmesiden. S\u00e5 t\u00f8v ikke med at ringe eller skrive til os.<\/p>\n<p>Vi tager med gl\u00e6de en helt uforpligtende snak med dig om dine planer.[\/vc_column_text][\/vc_column][vc_column width=&#8221;1\/2&#8243; css=&#8221;.vc_custom_1653380119298{background-image: url(https:\/\/www.elektrokul.dk\/wp-content\/uploads\/2022\/05\/5651-go-elektrokulas-06-2096.jpg?id=3284) !important;background-position: center !important;background-repeat: no-repeat !important;background-size: cover !important;}&#8221;]<div class=\"ult-spacer spacer-69f61d42edab4\" data-id=\"69f61d42edab4\" data-height=\"\" data-height-mobile=\"250\" data-height-tab=\"\" data-height-tab-portrait=\"400\" data-height-mobile-landscape=\"300\" style=\"clear:both;display:block;\"><\/div>[\/vc_column][\/vc_row]<\/p>\n<\/section>","protected":false},"excerpt":{"rendered":"<p>[vc_row full_width=&#8221;stretch_row&#8221;][vc_column][vc_row_inner][vc_column_inner offset=&#8221;vc_col-lg-8 vc_col-md-8 vc_col-xs-12&#8243;][vc_column_text] Sm\u00e5borstar Sm\u00e5borstar f\u00f6r i synnerhet handverktyg designas av verktygstillverkarna f\u00f6r de enskilda modellerna, oftast f\u00e5r en ny modell \u00e4ven en ny borstdesign. Se specialbroschyr med f\u00f6rteckningar \u00f6ver de enskilda fabrikanternas modeller. H\u00e4mta katalog[\/vc_column_text][vc_empty_space height=&#8221;30px&#8221;][vc_media_grid element_width=&#8221;6&#8243; gap=&#8221;20&#8243; grid_id=&#8221;vc_gid:1717600723524-f75df464-f05d-10&#8243; include=&#8221;3556&#8243;][\/vc_column_inner][vc_column_inner offset=&#8221;vc_col-lg-4 vc_col-md-4 vc_col-xs-12&#8243;][vc_widget_sidebar sidebar_id=&#8221;sidebar-1&#8243; el_class=&#8221;contact-sidebar&#8221;][\/vc_column_inner][\/vc_row_inner][\/vc_column][\/vc_row][vc_row full_width=&#8221;stretch_row&#8221; css=&#8221;.vc_custom_1653378668627{background-color: #f7f7f7 !important;}&#8221;][vc_column][vc_basic_grid post_type=&#8221;page&#8221; max_items=&#8221;-1&#8243; element_width=&#8221;2&#8243; &#8230; <a title=\"Handverktygskol\" class=\"read-more\" href=\"https:\/\/www.elektrokul.dk\/sv\/haandvaerktoejskul\/\" aria-label=\"Mer p\u00e5 Handverktygskol\">L\u00e4s mer<\/a><\/p>\n","protected":false},"author":1,"featured_media":4712,"parent":0,"menu_order":9,"comment_status":"closed","ping_status":"closed","template":"","meta":{"_acf_changed":false,"footnotes":""},"categories":[44],"class_list":{"0":"post-4711","1":"page","2":"type-page","3":"status-publish","4":"has-post-thumbnail","6":"category-mega-sv"},"acf":[],"yoast_head":"<!-- This site is optimized with the Yoast SEO plugin v26.6 - https:\/\/yoast.com\/wordpress\/plugins\/seo\/ -->\n<title>Handverktygskol &#183; Elektrokul A\/S<\/title>\n<meta name=\"robots\" content=\"index, follow, max-snippet:-1, max-image-preview:large, max-video-preview:-1\" \/>\n<link rel=\"canonical\" href=\"https:\/\/www.elektrokul.dk\/sv\/haandvaerktoejskul\/\" \/>\n<meta property=\"og:locale\" content=\"sv_SE\" \/>\n<meta property=\"og:type\" content=\"article\" \/>\n<meta property=\"og:title\" content=\"Handverktygskol &#183; Elektrokul A\/S\" \/>\n<meta property=\"og:description\" content=\"[vc_row full_width=&#8221;stretch_row&#8221;][vc_column][vc_row_inner][vc_column_inner offset=&#8221;vc_col-lg-8 vc_col-md-8 vc_col-xs-12&#8243;][vc_column_text] Sm\u00e5borstar Sm\u00e5borstar f\u00f6r i synnerhet handverktyg designas av verktygstillverkarna f\u00f6r de enskilda modellerna, oftast f\u00e5r en ny modell \u00e4ven en ny borstdesign. Se specialbroschyr med f\u00f6rteckningar \u00f6ver de enskilda fabrikanternas modeller. H\u00e4mta katalog[\/vc_column_text][vc_empty_space height=&#8221;30px&#8221;][vc_media_grid element_width=&#8221;6&#8243; gap=&#8221;20&#8243; grid_id=&#8221;vc_gid:1717600723524-f75df464-f05d-10&#8243; include=&#8221;3556&#8243;][\/vc_column_inner][vc_column_inner offset=&#8221;vc_col-lg-4 vc_col-md-4 vc_col-xs-12&#8243;][vc_widget_sidebar sidebar_id=&#8221;sidebar-1&#8243; el_class=&#8221;contact-sidebar&#8221;][\/vc_column_inner][\/vc_row_inner][\/vc_column][\/vc_row][vc_row full_width=&#8221;stretch_row&#8221; css=&#8221;.vc_custom_1653378668627{background-color: #f7f7f7 !important;}&#8221;][vc_column][vc_basic_grid post_type=&#8221;page&#8221; max_items=&#8221;-1&#8243; element_width=&#8221;2&#8243; ... L\u00e4s mer\" \/>\n<meta property=\"og:url\" content=\"https:\/\/www.elektrokul.dk\/sv\/haandvaerktoejskul\/\" \/>\n<meta property=\"og:site_name\" content=\"Elektrokul A\/S\" \/>\n<meta property=\"article:modified_time\" content=\"2024-06-05T15:18:57+00:00\" \/>\n<meta property=\"og:image\" content=\"https:\/\/www.elektrokul.dk\/wp-content\/uploads\/2022\/05\/midget-carbon-brushes-275.jpg\" \/>\n\t<meta property=\"og:image:width\" content=\"78\" \/>\n\t<meta property=\"og:image:height\" content=\"110\" \/>\n\t<meta property=\"og:image:type\" content=\"image\/jpeg\" \/>\n<meta name=\"twitter:card\" content=\"summary_large_image\" \/>\n<meta name=\"twitter:label1\" content=\"Ber\u00e4knad l\u00e4stid\" \/>\n\t<meta name=\"twitter:data1\" content=\"1 minut\" \/>\n<script type=\"application\/ld+json\" class=\"yoast-schema-graph\">{\"@context\":\"https:\/\/schema.org\",\"@graph\":[{\"@type\":\"WebPage\",\"@id\":\"https:\/\/www.elektrokul.dk\/sv\/haandvaerktoejskul\/\",\"url\":\"https:\/\/www.elektrokul.dk\/sv\/haandvaerktoejskul\/\",\"name\":\"Handverktygskol &#183; Elektrokul A\/S\",\"isPartOf\":{\"@id\":\"https:\/\/www.elektrokul.dk\/#website\"},\"primaryImageOfPage\":{\"@id\":\"https:\/\/www.elektrokul.dk\/sv\/haandvaerktoejskul\/#primaryimage\"},\"image\":{\"@id\":\"https:\/\/www.elektrokul.dk\/sv\/haandvaerktoejskul\/#primaryimage\"},\"thumbnailUrl\":\"https:\/\/www.elektrokul.dk\/wp-content\/uploads\/2022\/05\/midget-carbon-brushes-275.jpg\",\"datePublished\":\"2022-05-24T09:09:41+00:00\",\"dateModified\":\"2024-06-05T15:18:57+00:00\",\"breadcrumb\":{\"@id\":\"https:\/\/www.elektrokul.dk\/sv\/haandvaerktoejskul\/#breadcrumb\"},\"inLanguage\":\"sv-SE\",\"potentialAction\":[{\"@type\":\"ReadAction\",\"target\":[\"https:\/\/www.elektrokul.dk\/sv\/haandvaerktoejskul\/\"]}]},{\"@type\":\"ImageObject\",\"inLanguage\":\"sv-SE\",\"@id\":\"https:\/\/www.elektrokul.dk\/sv\/haandvaerktoejskul\/#primaryimage\",\"url\":\"https:\/\/www.elektrokul.dk\/wp-content\/uploads\/2022\/05\/midget-carbon-brushes-275.jpg\",\"contentUrl\":\"https:\/\/www.elektrokul.dk\/wp-content\/uploads\/2022\/05\/midget-carbon-brushes-275.jpg\",\"width\":78,\"height\":110},{\"@type\":\"BreadcrumbList\",\"@id\":\"https:\/\/www.elektrokul.dk\/sv\/haandvaerktoejskul\/#breadcrumb\",\"itemListElement\":[{\"@type\":\"ListItem\",\"position\":1,\"name\":\"Hjem\",\"item\":\"https:\/\/www.elektrokul.dk\/sv\/forside\/\"},{\"@type\":\"ListItem\",\"position\":2,\"name\":\"Handverktygskol\"}]},{\"@type\":\"WebSite\",\"@id\":\"https:\/\/www.elektrokul.dk\/#website\",\"url\":\"https:\/\/www.elektrokul.dk\/\",\"name\":\"Elektrokul A\/S\",\"description\":\"Mekanisk grafit og andre kulvarer fra egen fabrik\",\"publisher\":{\"@id\":\"https:\/\/www.elektrokul.dk\/#organization\"},\"potentialAction\":[{\"@type\":\"SearchAction\",\"target\":{\"@type\":\"EntryPoint\",\"urlTemplate\":\"https:\/\/www.elektrokul.dk\/?s={search_term_string}\"},\"query-input\":{\"@type\":\"PropertyValueSpecification\",\"valueRequired\":true,\"valueName\":\"search_term_string\"}}],\"inLanguage\":\"sv-SE\"},{\"@type\":\"Organization\",\"@id\":\"https:\/\/www.elektrokul.dk\/#organization\",\"name\":\"Elektrokul A\/S\",\"url\":\"https:\/\/www.elektrokul.dk\/\",\"logo\":{\"@type\":\"ImageObject\",\"inLanguage\":\"sv-SE\",\"@id\":\"https:\/\/www.elektrokul.dk\/#\/schema\/logo\/image\/\",\"url\":\"https:\/\/www.elektrokul.dk\/wp-content\/uploads\/2022\/05\/logo-3.png\",\"contentUrl\":\"https:\/\/www.elektrokul.dk\/wp-content\/uploads\/2022\/05\/logo-3.png\",\"width\":535,\"height\":100,\"caption\":\"Elektrokul A\/S\"},\"image\":{\"@id\":\"https:\/\/www.elektrokul.dk\/#\/schema\/logo\/image\/\"}}]}<\/script>\n<!-- \/ Yoast SEO plugin. -->","yoast_head_json":{"title":"Handverktygskol &#183; Elektrokul A\/S","robots":{"index":"index","follow":"follow","max-snippet":"max-snippet:-1","max-image-preview":"max-image-preview:large","max-video-preview":"max-video-preview:-1"},"canonical":"https:\/\/www.elektrokul.dk\/sv\/haandvaerktoejskul\/","og_locale":"sv_SE","og_type":"article","og_title":"Handverktygskol &#183; Elektrokul A\/S","og_description":"[vc_row full_width=&#8221;stretch_row&#8221;][vc_column][vc_row_inner][vc_column_inner offset=&#8221;vc_col-lg-8 vc_col-md-8 vc_col-xs-12&#8243;][vc_column_text] Sm\u00e5borstar Sm\u00e5borstar f\u00f6r i synnerhet handverktyg designas av verktygstillverkarna f\u00f6r de enskilda modellerna, oftast f\u00e5r en ny modell \u00e4ven en ny borstdesign. Se specialbroschyr med f\u00f6rteckningar \u00f6ver de enskilda fabrikanternas modeller. H\u00e4mta katalog[\/vc_column_text][vc_empty_space height=&#8221;30px&#8221;][vc_media_grid element_width=&#8221;6&#8243; gap=&#8221;20&#8243; grid_id=&#8221;vc_gid:1717600723524-f75df464-f05d-10&#8243; include=&#8221;3556&#8243;][\/vc_column_inner][vc_column_inner offset=&#8221;vc_col-lg-4 vc_col-md-4 vc_col-xs-12&#8243;][vc_widget_sidebar sidebar_id=&#8221;sidebar-1&#8243; el_class=&#8221;contact-sidebar&#8221;][\/vc_column_inner][\/vc_row_inner][\/vc_column][\/vc_row][vc_row full_width=&#8221;stretch_row&#8221; css=&#8221;.vc_custom_1653378668627{background-color: #f7f7f7 !important;}&#8221;][vc_column][vc_basic_grid post_type=&#8221;page&#8221; max_items=&#8221;-1&#8243; element_width=&#8221;2&#8243; ... L\u00e4s mer","og_url":"https:\/\/www.elektrokul.dk\/sv\/haandvaerktoejskul\/","og_site_name":"Elektrokul A\/S","article_modified_time":"2024-06-05T15:18:57+00:00","og_image":[{"width":78,"height":110,"url":"https:\/\/www.elektrokul.dk\/wp-content\/uploads\/2022\/05\/midget-carbon-brushes-275.jpg","type":"image\/jpeg"}],"twitter_card":"summary_large_image","twitter_misc":{"Ber\u00e4knad l\u00e4stid":"1 minut"},"schema":{"@context":"https:\/\/schema.org","@graph":[{"@type":"WebPage","@id":"https:\/\/www.elektrokul.dk\/sv\/haandvaerktoejskul\/","url":"https:\/\/www.elektrokul.dk\/sv\/haandvaerktoejskul\/","name":"Handverktygskol &#183; Elektrokul A\/S","isPartOf":{"@id":"https:\/\/www.elektrokul.dk\/#website"},"primaryImageOfPage":{"@id":"https:\/\/www.elektrokul.dk\/sv\/haandvaerktoejskul\/#primaryimage"},"image":{"@id":"https:\/\/www.elektrokul.dk\/sv\/haandvaerktoejskul\/#primaryimage"},"thumbnailUrl":"https:\/\/www.elektrokul.dk\/wp-content\/uploads\/2022\/05\/midget-carbon-brushes-275.jpg","datePublished":"2022-05-24T09:09:41+00:00","dateModified":"2024-06-05T15:18:57+00:00","breadcrumb":{"@id":"https:\/\/www.elektrokul.dk\/sv\/haandvaerktoejskul\/#breadcrumb"},"inLanguage":"sv-SE","potentialAction":[{"@type":"ReadAction","target":["https:\/\/www.elektrokul.dk\/sv\/haandvaerktoejskul\/"]}]},{"@type":"ImageObject","inLanguage":"sv-SE","@id":"https:\/\/www.elektrokul.dk\/sv\/haandvaerktoejskul\/#primaryimage","url":"https:\/\/www.elektrokul.dk\/wp-content\/uploads\/2022\/05\/midget-carbon-brushes-275.jpg","contentUrl":"https:\/\/www.elektrokul.dk\/wp-content\/uploads\/2022\/05\/midget-carbon-brushes-275.jpg","width":78,"height":110},{"@type":"BreadcrumbList","@id":"https:\/\/www.elektrokul.dk\/sv\/haandvaerktoejskul\/#breadcrumb","itemListElement":[{"@type":"ListItem","position":1,"name":"Hjem","item":"https:\/\/www.elektrokul.dk\/sv\/forside\/"},{"@type":"ListItem","position":2,"name":"Handverktygskol"}]},{"@type":"WebSite","@id":"https:\/\/www.elektrokul.dk\/#website","url":"https:\/\/www.elektrokul.dk\/","name":"Elektrokul A\/S","description":"Mekanisk grafit og andre kulvarer fra egen fabrik","publisher":{"@id":"https:\/\/www.elektrokul.dk\/#organization"},"potentialAction":[{"@type":"SearchAction","target":{"@type":"EntryPoint","urlTemplate":"https:\/\/www.elektrokul.dk\/?s={search_term_string}"},"query-input":{"@type":"PropertyValueSpecification","valueRequired":true,"valueName":"search_term_string"}}],"inLanguage":"sv-SE"},{"@type":"Organization","@id":"https:\/\/www.elektrokul.dk\/#organization","name":"Elektrokul A\/S","url":"https:\/\/www.elektrokul.dk\/","logo":{"@type":"ImageObject","inLanguage":"sv-SE","@id":"https:\/\/www.elektrokul.dk\/#\/schema\/logo\/image\/","url":"https:\/\/www.elektrokul.dk\/wp-content\/uploads\/2022\/05\/logo-3.png","contentUrl":"https:\/\/www.elektrokul.dk\/wp-content\/uploads\/2022\/05\/logo-3.png","width":535,"height":100,"caption":"Elektrokul A\/S"},"image":{"@id":"https:\/\/www.elektrokul.dk\/#\/schema\/logo\/image\/"}}]}},"_links":{"self":[{"href":"https:\/\/www.elektrokul.dk\/sv\/wp-json\/wp\/v2\/pages\/4711","targetHints":{"allow":["GET"]}}],"collection":[{"href":"https:\/\/www.elektrokul.dk\/sv\/wp-json\/wp\/v2\/pages"}],"about":[{"href":"https:\/\/www.elektrokul.dk\/sv\/wp-json\/wp\/v2\/types\/page"}],"author":[{"embeddable":true,"href":"https:\/\/www.elektrokul.dk\/sv\/wp-json\/wp\/v2\/users\/1"}],"replies":[{"embeddable":true,"href":"https:\/\/www.elektrokul.dk\/sv\/wp-json\/wp\/v2\/comments?post=4711"}],"version-history":[{"count":2,"href":"https:\/\/www.elektrokul.dk\/sv\/wp-json\/wp\/v2\/pages\/4711\/revisions"}],"predecessor-version":[{"id":4900,"href":"https:\/\/www.elektrokul.dk\/sv\/wp-json\/wp\/v2\/pages\/4711\/revisions\/4900"}],"wp:featuredmedia":[{"embeddable":true,"href":"https:\/\/www.elektrokul.dk\/sv\/wp-json\/wp\/v2\/media\/4712"}],"wp:attachment":[{"href":"https:\/\/www.elektrokul.dk\/sv\/wp-json\/wp\/v2\/media?parent=4711"}],"wp:term":[{"taxonomy":"category","embeddable":true,"href":"https:\/\/www.elektrokul.dk\/sv\/wp-json\/wp\/v2\/categories?post=4711"}],"curies":[{"name":"wp","href":"https:\/\/api.w.org\/{rel}","templated":true}]}}