{"id":4675,"date":"2022-05-24T08:35:08","date_gmt":"2022-05-24T06:35:08","guid":{"rendered":"https:\/\/www.elektrokul.dk\/alnicomagneter\/"},"modified":"2024-02-02T12:44:26","modified_gmt":"2024-02-02T11:44:26","slug":"alnicomagneter","status":"publish","type":"page","link":"https:\/\/www.elektrokul.dk\/sv\/alnicomagneter\/","title":{"rendered":"Alnicomagneter"},"content":{"rendered":"<section class=\"wpb-content-wrapper\"><p>[vc_row full_width=&#8221;stretch_row&#8221;][vc_column]<div class=\"ult-spacer spacer-69d218f65272e\" data-id=\"69d218f65272e\" data-height=\"90\" data-height-mobile=\"60\" data-height-tab=\"90\" data-height-tab-portrait=\"60\" data-height-mobile-landscape=\"60\" style=\"clear:both;display:block;\"><\/div>[vc_row_inner][vc_column_inner offset=&#8221;vc_col-lg-8 vc_col-md-8 vc_col-xs-12&#8243;][vc_column_text]Alnicomagneter framst\u00e4lls av aluminium, nickel, kobolt och j\u00e4rn och har anv\u00e4nts sedan 1930. Ibland tills\u00e4tts andra material som koppar, titan och niob.<\/p>\n<p>Alnicomagneter har en maximal energiprodukt p\u00e5 1 till +\/- 9 MGOe och beh\u00f6ver under normala f\u00f6rh\u00e5llanden ingen bel\u00e4ggning.<\/p>\n<p>Maximal anv\u00e4ndbar temperatur \u00e4r 450\u00a0\u00baC beroende p\u00e5 specifikation, dimensioner och systemdesign.<\/p>\n<p>De flesta Alnicomagneter \u201dgjuts\u201d och i denna process s\u00e4tts den flytande blandningen i en sandform vid mycket h\u00f6ga temperaturer.<\/p>\n<p>N\u00e5gra av dessa magneter pressas och sintras.<\/p>\n<p>Alnicomagneter kan skapas i komplexa former, exempelvis som h\u00e4stskoform.<\/p>\n<p>Sintrad alnico har l\u00e4gre magnetiska egenskaper, men b\u00e4ttre mekaniska egenskaper \u00e4n \u201dgjuten\u201d alnico, med mycket sm\u00e5 gjutningsm\u00e4ngder under gjutningsprocessen.<\/p>\n<p>Standardtolerans f\u00f6r bearbetad alnico \u00e4r +\/- 0,1\u00a0mm, beroende p\u00e5 storlek och form.<\/p>\n<p>Det \u00e4r viktigt (obs!) att l\u00e4ngd\/diameterf\u00f6rh\u00e5llande uppfylls f\u00f6r att f\u00f6rhindra avmagnetisering.<\/p>\n<p><strong>Minimidimension f\u00f6r blockmagneter \u00e4r 2 x 2 x 2\u00a0mm och maxdimension<\/strong> f\u00f6r denna typ \u00e4r 100 x 100 x 100\u00a0mm.<\/p>\n<p><strong>Minimidimension f\u00f6r rundmagneter \u00e4r \u00d8 1 x 2\u00a0mm och maxdimension<\/strong> f\u00f6r denna typ \u00e4r \u00d8 100 x 100\u00a0mm.<\/p>\n<p><strong>Minimidimension f\u00f6r ringmagneter \u00e4r \u00d8 5 x \u00d8 3,5 x 1\u00a0mm medan maxdimension<\/strong> f\u00f6r denna typ \u00e4r \u00d8 200 x \u00d8* x 50\u00a0mm (inv\u00e4ndig diameter efter konsultation).[\/vc_column_text][vc_empty_space height=&#8221;30px&#8221;][vc_single_image image=&#8221;4072&#8243; img_size=&#8221;full&#8221;]<div class=\"ult-spacer spacer-69d218f652778\" data-id=\"69d218f652778\" data-height=\"0\" data-height-mobile=\"30\" data-height-tab=\"0\" data-height-tab-portrait=\"30\" data-height-mobile-landscape=\"30\" style=\"clear:both;display:block;\"><\/div>[\/vc_column_inner][vc_column_inner offset=&#8221;vc_col-lg-4 vc_col-md-4 vc_col-xs-12&#8243;][vc_widget_sidebar sidebar_id=&#8221;sidebar-1&#8243; el_class=&#8221;contact-sidebar&#8221;][\/vc_column_inner][\/vc_row_inner]<div class=\"ult-spacer spacer-69d218f65279e\" data-id=\"69d218f65279e\" data-height=\"90\" data-height-mobile=\"60\" data-height-tab=\"90\" data-height-tab-portrait=\"60\" data-height-mobile-landscape=\"60\" style=\"clear:both;display:block;\"><\/div>[\/vc_column][\/vc_row][vc_row full_width=&#8221;stretch_row_content_no_spaces&#8221; equal_height=&#8221;yes&#8221; css=&#8221;.vc_custom_1653381489748{background-color: #f7f7f7 !important;}&#8221;][vc_column el_class=&#8221;stretch&#8221;][vc_column_text]<\/p>\n<h3 style=\"text-align: center;\">Har du fr\u00e5gor?<\/h3>\n<p style=\"text-align: center;\">Vi sitter redo att besvara alla funderingar du kan t\u00e4nkas ha och som inte besvaras p\u00e5 hemsidan. Tveka inte att ringa eller skriva till oss.<\/p>\n<p style=\"text-align: center;\">Vi erbjuder icke-bindande samtal med dig om dina planer.<\/p>\n<p>[\/vc_column_text][vc_empty_space height=&#8221;30px&#8221;][vc_btn title=&#8221;Kontakt her&#8221; style=&#8221;custom&#8221; custom_background=&#8221;#bf7d6b&#8221; custom_text=&#8221;#ffffff&#8221; shape=&#8221;square&#8221; size=&#8221;lg&#8221; align=&#8221;center&#8221; css_animation=&#8221;fadeInUp&#8221; link=&#8221;url:https%3A%2F%2Fwww.elektrokul.dk%2Fkontakt%2F|title:Kontakt|&#8221;][\/vc_column][\/vc_row]<\/p>\n<\/section>","protected":false},"excerpt":{"rendered":"<p>[vc_row full_width=&#8221;stretch_row&#8221;][vc_column][vc_row_inner][vc_column_inner offset=&#8221;vc_col-lg-8 vc_col-md-8 vc_col-xs-12&#8243;][vc_column_text]Alnicomagneter framst\u00e4lls av aluminium, nickel, kobolt och j\u00e4rn och har anv\u00e4nts sedan 1930. Ibland tills\u00e4tts andra material som koppar, titan och niob. Alnicomagneter har en maximal energiprodukt p\u00e5 1 till +\/- 9 MGOe och beh\u00f6ver under normala f\u00f6rh\u00e5llanden ingen bel\u00e4ggning. Maximal anv\u00e4ndbar temperatur \u00e4r 450\u00a0\u00baC beroende p\u00e5 specifikation, dimensioner och systemdesign. &#8230; <a title=\"Alnicomagneter\" class=\"read-more\" href=\"https:\/\/www.elektrokul.dk\/sv\/alnicomagneter\/\" aria-label=\"Mer p\u00e5 Alnicomagneter\">L\u00e4s mer<\/a><\/p>\n","protected":false},"author":1,"featured_media":4676,"parent":0,"menu_order":0,"comment_status":"closed","ping_status":"closed","template":"","meta":{"_acf_changed":false,"footnotes":""},"categories":[47],"class_list":{"0":"post-4675","1":"page","2":"type-page","3":"status-publish","4":"has-post-thumbnail","6":"category-permanente-underside-sv"},"acf":[],"yoast_head":"<!-- This site is optimized with the Yoast SEO plugin v26.6 - https:\/\/yoast.com\/wordpress\/plugins\/seo\/ -->\n<title>Alnicomagneter &#183; Elektrokul A\/S<\/title>\n<meta name=\"robots\" content=\"index, follow, max-snippet:-1, max-image-preview:large, max-video-preview:-1\" \/>\n<link rel=\"canonical\" href=\"https:\/\/www.elektrokul.dk\/sv\/alnicomagneter\/\" \/>\n<meta property=\"og:locale\" content=\"sv_SE\" \/>\n<meta property=\"og:type\" content=\"article\" \/>\n<meta property=\"og:title\" content=\"Alnicomagneter &#183; Elektrokul A\/S\" \/>\n<meta property=\"og:description\" content=\"[vc_row full_width=&#8221;stretch_row&#8221;][vc_column][vc_row_inner][vc_column_inner offset=&#8221;vc_col-lg-8 vc_col-md-8 vc_col-xs-12&#8243;][vc_column_text]Alnicomagneter framst\u00e4lls av aluminium, nickel, kobolt och j\u00e4rn och har anv\u00e4nts sedan 1930. Ibland tills\u00e4tts andra material som koppar, titan och niob. Alnicomagneter har en maximal energiprodukt p\u00e5 1 till +\/- 9 MGOe och beh\u00f6ver under normala f\u00f6rh\u00e5llanden ingen bel\u00e4ggning. Maximal anv\u00e4ndbar temperatur \u00e4r 450\u00a0\u00baC beroende p\u00e5 specifikation, dimensioner och systemdesign. ... L\u00e4s mer\" \/>\n<meta property=\"og:url\" content=\"https:\/\/www.elektrokul.dk\/sv\/alnicomagneter\/\" \/>\n<meta property=\"og:site_name\" content=\"Elektrokul A\/S\" \/>\n<meta property=\"article:modified_time\" content=\"2024-02-02T11:44:26+00:00\" \/>\n<meta property=\"og:image\" content=\"https:\/\/www.elektrokul.dk\/wp-content\/uploads\/2022\/05\/alnico-548.jpg\" \/>\n\t<meta property=\"og:image:width\" content=\"160\" \/>\n\t<meta property=\"og:image:height\" content=\"130\" \/>\n\t<meta property=\"og:image:type\" content=\"image\/jpeg\" \/>\n<meta name=\"twitter:card\" content=\"summary_large_image\" \/>\n<meta name=\"twitter:label1\" content=\"Ber\u00e4knad l\u00e4stid\" \/>\n\t<meta name=\"twitter:data1\" content=\"2 minuter\" \/>\n<script type=\"application\/ld+json\" class=\"yoast-schema-graph\">{\"@context\":\"https:\/\/schema.org\",\"@graph\":[{\"@type\":\"WebPage\",\"@id\":\"https:\/\/www.elektrokul.dk\/sv\/alnicomagneter\/\",\"url\":\"https:\/\/www.elektrokul.dk\/sv\/alnicomagneter\/\",\"name\":\"Alnicomagneter &#183; Elektrokul A\/S\",\"isPartOf\":{\"@id\":\"https:\/\/www.elektrokul.dk\/#website\"},\"primaryImageOfPage\":{\"@id\":\"https:\/\/www.elektrokul.dk\/sv\/alnicomagneter\/#primaryimage\"},\"image\":{\"@id\":\"https:\/\/www.elektrokul.dk\/sv\/alnicomagneter\/#primaryimage\"},\"thumbnailUrl\":\"https:\/\/www.elektrokul.dk\/wp-content\/uploads\/2022\/05\/alnico-548.jpg\",\"datePublished\":\"2022-05-24T06:35:08+00:00\",\"dateModified\":\"2024-02-02T11:44:26+00:00\",\"breadcrumb\":{\"@id\":\"https:\/\/www.elektrokul.dk\/sv\/alnicomagneter\/#breadcrumb\"},\"inLanguage\":\"sv-SE\",\"potentialAction\":[{\"@type\":\"ReadAction\",\"target\":[\"https:\/\/www.elektrokul.dk\/sv\/alnicomagneter\/\"]}]},{\"@type\":\"ImageObject\",\"inLanguage\":\"sv-SE\",\"@id\":\"https:\/\/www.elektrokul.dk\/sv\/alnicomagneter\/#primaryimage\",\"url\":\"https:\/\/www.elektrokul.dk\/wp-content\/uploads\/2022\/05\/alnico-548.jpg\",\"contentUrl\":\"https:\/\/www.elektrokul.dk\/wp-content\/uploads\/2022\/05\/alnico-548.jpg\",\"width\":160,\"height\":130},{\"@type\":\"BreadcrumbList\",\"@id\":\"https:\/\/www.elektrokul.dk\/sv\/alnicomagneter\/#breadcrumb\",\"itemListElement\":[{\"@type\":\"ListItem\",\"position\":1,\"name\":\"Hjem\",\"item\":\"https:\/\/www.elektrokul.dk\/sv\/forside\/\"},{\"@type\":\"ListItem\",\"position\":2,\"name\":\"Alnicomagneter\"}]},{\"@type\":\"WebSite\",\"@id\":\"https:\/\/www.elektrokul.dk\/#website\",\"url\":\"https:\/\/www.elektrokul.dk\/\",\"name\":\"Elektrokul A\/S\",\"description\":\"Mekanisk grafit og andre kulvarer fra egen fabrik\",\"publisher\":{\"@id\":\"https:\/\/www.elektrokul.dk\/#organization\"},\"potentialAction\":[{\"@type\":\"SearchAction\",\"target\":{\"@type\":\"EntryPoint\",\"urlTemplate\":\"https:\/\/www.elektrokul.dk\/?s={search_term_string}\"},\"query-input\":{\"@type\":\"PropertyValueSpecification\",\"valueRequired\":true,\"valueName\":\"search_term_string\"}}],\"inLanguage\":\"sv-SE\"},{\"@type\":\"Organization\",\"@id\":\"https:\/\/www.elektrokul.dk\/#organization\",\"name\":\"Elektrokul A\/S\",\"url\":\"https:\/\/www.elektrokul.dk\/\",\"logo\":{\"@type\":\"ImageObject\",\"inLanguage\":\"sv-SE\",\"@id\":\"https:\/\/www.elektrokul.dk\/#\/schema\/logo\/image\/\",\"url\":\"https:\/\/www.elektrokul.dk\/wp-content\/uploads\/2022\/05\/logo-3.png\",\"contentUrl\":\"https:\/\/www.elektrokul.dk\/wp-content\/uploads\/2022\/05\/logo-3.png\",\"width\":535,\"height\":100,\"caption\":\"Elektrokul A\/S\"},\"image\":{\"@id\":\"https:\/\/www.elektrokul.dk\/#\/schema\/logo\/image\/\"}}]}<\/script>\n<!-- \/ Yoast SEO plugin. -->","yoast_head_json":{"title":"Alnicomagneter &#183; Elektrokul A\/S","robots":{"index":"index","follow":"follow","max-snippet":"max-snippet:-1","max-image-preview":"max-image-preview:large","max-video-preview":"max-video-preview:-1"},"canonical":"https:\/\/www.elektrokul.dk\/sv\/alnicomagneter\/","og_locale":"sv_SE","og_type":"article","og_title":"Alnicomagneter &#183; Elektrokul A\/S","og_description":"[vc_row full_width=&#8221;stretch_row&#8221;][vc_column][vc_row_inner][vc_column_inner offset=&#8221;vc_col-lg-8 vc_col-md-8 vc_col-xs-12&#8243;][vc_column_text]Alnicomagneter framst\u00e4lls av aluminium, nickel, kobolt och j\u00e4rn och har anv\u00e4nts sedan 1930. Ibland tills\u00e4tts andra material som koppar, titan och niob. Alnicomagneter har en maximal energiprodukt p\u00e5 1 till +\/- 9 MGOe och beh\u00f6ver under normala f\u00f6rh\u00e5llanden ingen bel\u00e4ggning. Maximal anv\u00e4ndbar temperatur \u00e4r 450\u00a0\u00baC beroende p\u00e5 specifikation, dimensioner och systemdesign. ... L\u00e4s mer","og_url":"https:\/\/www.elektrokul.dk\/sv\/alnicomagneter\/","og_site_name":"Elektrokul A\/S","article_modified_time":"2024-02-02T11:44:26+00:00","og_image":[{"width":160,"height":130,"url":"https:\/\/www.elektrokul.dk\/wp-content\/uploads\/2022\/05\/alnico-548.jpg","type":"image\/jpeg"}],"twitter_card":"summary_large_image","twitter_misc":{"Ber\u00e4knad l\u00e4stid":"2 minuter"},"schema":{"@context":"https:\/\/schema.org","@graph":[{"@type":"WebPage","@id":"https:\/\/www.elektrokul.dk\/sv\/alnicomagneter\/","url":"https:\/\/www.elektrokul.dk\/sv\/alnicomagneter\/","name":"Alnicomagneter &#183; Elektrokul A\/S","isPartOf":{"@id":"https:\/\/www.elektrokul.dk\/#website"},"primaryImageOfPage":{"@id":"https:\/\/www.elektrokul.dk\/sv\/alnicomagneter\/#primaryimage"},"image":{"@id":"https:\/\/www.elektrokul.dk\/sv\/alnicomagneter\/#primaryimage"},"thumbnailUrl":"https:\/\/www.elektrokul.dk\/wp-content\/uploads\/2022\/05\/alnico-548.jpg","datePublished":"2022-05-24T06:35:08+00:00","dateModified":"2024-02-02T11:44:26+00:00","breadcrumb":{"@id":"https:\/\/www.elektrokul.dk\/sv\/alnicomagneter\/#breadcrumb"},"inLanguage":"sv-SE","potentialAction":[{"@type":"ReadAction","target":["https:\/\/www.elektrokul.dk\/sv\/alnicomagneter\/"]}]},{"@type":"ImageObject","inLanguage":"sv-SE","@id":"https:\/\/www.elektrokul.dk\/sv\/alnicomagneter\/#primaryimage","url":"https:\/\/www.elektrokul.dk\/wp-content\/uploads\/2022\/05\/alnico-548.jpg","contentUrl":"https:\/\/www.elektrokul.dk\/wp-content\/uploads\/2022\/05\/alnico-548.jpg","width":160,"height":130},{"@type":"BreadcrumbList","@id":"https:\/\/www.elektrokul.dk\/sv\/alnicomagneter\/#breadcrumb","itemListElement":[{"@type":"ListItem","position":1,"name":"Hjem","item":"https:\/\/www.elektrokul.dk\/sv\/forside\/"},{"@type":"ListItem","position":2,"name":"Alnicomagneter"}]},{"@type":"WebSite","@id":"https:\/\/www.elektrokul.dk\/#website","url":"https:\/\/www.elektrokul.dk\/","name":"Elektrokul A\/S","description":"Mekanisk grafit og andre kulvarer fra egen fabrik","publisher":{"@id":"https:\/\/www.elektrokul.dk\/#organization"},"potentialAction":[{"@type":"SearchAction","target":{"@type":"EntryPoint","urlTemplate":"https:\/\/www.elektrokul.dk\/?s={search_term_string}"},"query-input":{"@type":"PropertyValueSpecification","valueRequired":true,"valueName":"search_term_string"}}],"inLanguage":"sv-SE"},{"@type":"Organization","@id":"https:\/\/www.elektrokul.dk\/#organization","name":"Elektrokul A\/S","url":"https:\/\/www.elektrokul.dk\/","logo":{"@type":"ImageObject","inLanguage":"sv-SE","@id":"https:\/\/www.elektrokul.dk\/#\/schema\/logo\/image\/","url":"https:\/\/www.elektrokul.dk\/wp-content\/uploads\/2022\/05\/logo-3.png","contentUrl":"https:\/\/www.elektrokul.dk\/wp-content\/uploads\/2022\/05\/logo-3.png","width":535,"height":100,"caption":"Elektrokul A\/S"},"image":{"@id":"https:\/\/www.elektrokul.dk\/#\/schema\/logo\/image\/"}}]}},"_links":{"self":[{"href":"https:\/\/www.elektrokul.dk\/sv\/wp-json\/wp\/v2\/pages\/4675","targetHints":{"allow":["GET"]}}],"collection":[{"href":"https:\/\/www.elektrokul.dk\/sv\/wp-json\/wp\/v2\/pages"}],"about":[{"href":"https:\/\/www.elektrokul.dk\/sv\/wp-json\/wp\/v2\/types\/page"}],"author":[{"embeddable":true,"href":"https:\/\/www.elektrokul.dk\/sv\/wp-json\/wp\/v2\/users\/1"}],"replies":[{"embeddable":true,"href":"https:\/\/www.elektrokul.dk\/sv\/wp-json\/wp\/v2\/comments?post=4675"}],"version-history":[{"count":3,"href":"https:\/\/www.elektrokul.dk\/sv\/wp-json\/wp\/v2\/pages\/4675\/revisions"}],"predecessor-version":[{"id":4763,"href":"https:\/\/www.elektrokul.dk\/sv\/wp-json\/wp\/v2\/pages\/4675\/revisions\/4763"}],"wp:featuredmedia":[{"embeddable":true,"href":"https:\/\/www.elektrokul.dk\/sv\/wp-json\/wp\/v2\/media\/4676"}],"wp:attachment":[{"href":"https:\/\/www.elektrokul.dk\/sv\/wp-json\/wp\/v2\/media?parent=4675"}],"wp:term":[{"taxonomy":"category","embeddable":true,"href":"https:\/\/www.elektrokul.dk\/sv\/wp-json\/wp\/v2\/categories?post=4675"}],"curies":[{"name":"wp","href":"https:\/\/api.w.org\/{rel}","templated":true}]}}