{"id":4654,"date":"2022-05-24T08:32:01","date_gmt":"2022-05-24T06:32:01","guid":{"rendered":"https:\/\/www.elektrokul.dk\/tachokulboerster\/"},"modified":"2024-01-23T09:53:55","modified_gmt":"2024-01-23T08:53:55","slug":"tachokulboerster","status":"publish","type":"page","link":"https:\/\/www.elektrokul.dk\/sv\/tachokulboerster\/","title":{"rendered":"Tachoborstar"},"content":{"rendered":"<section class=\"wpb-content-wrapper\"><p>[vc_row full_width=&#8221;stretch_row&#8221;][vc_column]<div class=\"ult-spacer spacer-69d2158e5c433\" data-id=\"69d2158e5c433\" data-height=\"90\" data-height-mobile=\"60\" data-height-tab=\"90\" data-height-tab-portrait=\"60\" data-height-mobile-landscape=\"60\" style=\"clear:both;display:block;\"><\/div>[vc_row_inner][vc_column_inner offset=&#8221;vc_col-lg-8 vc_col-md-8 vc_col-xs-12&#8243;][vc_column_text]<\/p>\n<h2>Tachoborstar<\/h2>\n<p>Tachoborstar \u00e4r mycket sm\u00e5 elborstar till bland annat tachometergeneratorer. Dessa sitter som signalgivare till styrning av likstr\u00f6msmotorer och liknande.<\/p>\n<p>Tachoborstar anv\u00e4nds \u00e4ven i stor utstr\u00e4ckning f\u00f6r \u00f6verf\u00f6ring av signaler i olika utrustningar p\u00e5 t.ex. sl\u00e4pringar.<\/p>\n<p>Tachoborstar finns b\u00e5de i elektrografit och i silvergrafit. Silvergrafitkol har mycket l\u00e5gt elektriskt motst\u00e5nd, vilket ger god ledningsf\u00f6rm\u00e5ga och sm\u00e5 sp\u00e4nningsf\u00f6rluster. M\u00e5nga modeller finns p\u00e5 lager f\u00f6r omedelbar leverans.[\/vc_column_text][vc_empty_space height=&#8221;20px&#8221;][vc_btn title=&#8221;H\u00e4mta katalog&#8221; style=&#8221;custom&#8221; custom_background=&#8221;#bf7d6b&#8221; custom_text=&#8221;#ffffff&#8221; shape=&#8221;square&#8221; align=&#8221;left&#8221; css_animation=&#8221;fadeIn&#8221; link=&#8221;url:%2Fwp-content%2Fuploads%2F2022%2F05%2F131-tacho-carbon-brushes.pdf|target:_blank&#8221;][vc_empty_space height=&#8221;30px&#8221;]<div class=\"ult-spacer spacer-69d2158e5c47a\" data-id=\"69d2158e5c47a\" data-height=\"0\" data-height-mobile=\"30\" data-height-tab=\"0\" data-height-tab-portrait=\"30\" data-height-mobile-landscape=\"30\" style=\"clear:both;display:block;\"><\/div>[\/vc_column_inner][vc_column_inner offset=&#8221;vc_col-lg-4 vc_col-md-4 vc_col-xs-12&#8243;][vc_widget_sidebar sidebar_id=&#8221;sidebar-1&#8243; el_class=&#8221;contact-sidebar&#8221;][\/vc_column_inner][\/vc_row_inner][vc_row_inner][vc_column_inner width=&#8221;1\/3&#8243;][vc_single_image image=&#8221;3509&#8243; img_size=&#8221;full&#8221; alignment=&#8221;center&#8221; style=&#8221;vc_box_shadow&#8221; onclick=&#8221;custom_link&#8221; link=&#8221;https:\/\/www.elektrokul.dk\/wp-content\/uploads\/2022\/05\/131-tacho-carbon-brushes.pdf&#8221;][\/vc_column_inner][vc_column_inner width=&#8221;1\/3&#8243;][vc_single_image image=&#8221;3510&#8243; img_size=&#8221;full&#8221; alignment=&#8221;center&#8221; style=&#8221;vc_box_shadow&#8221; onclick=&#8221;custom_link&#8221; link=&#8221;https:\/\/www.elektrokul.dk\/wp-content\/uploads\/2022\/05\/131-tacho-carbon-brushes.pdf&#8221;][\/vc_column_inner][vc_column_inner width=&#8221;1\/3&#8243;][vc_single_image image=&#8221;3511&#8243; img_size=&#8221;full&#8221; alignment=&#8221;center&#8221; style=&#8221;vc_box_shadow&#8221; onclick=&#8221;custom_link&#8221; link=&#8221;https:\/\/www.elektrokul.dk\/wp-content\/uploads\/2022\/05\/131-tacho-carbon-brushes.pdf&#8221;][\/vc_column_inner][\/vc_row_inner]<div class=\"ult-spacer spacer-69d2158e5c4a0\" data-id=\"69d2158e5c4a0\" data-height=\"90\" data-height-mobile=\"60\" data-height-tab=\"90\" data-height-tab-portrait=\"60\" data-height-mobile-landscape=\"60\" style=\"clear:both;display:block;\"><\/div>[\/vc_column][\/vc_row][vc_row full_width=&#8221;stretch_row_content_no_spaces&#8221; equal_height=&#8221;yes&#8221; css=&#8221;.vc_custom_1653381489748{background-color: #f7f7f7 !important;}&#8221;][vc_column el_class=&#8221;stretch&#8221;][vc_column_text]<\/p>\n<h3 style=\"text-align: center;\">Har du sp\u00f8rgsm\u00e5l?<\/h3>\n<p style=\"text-align: center;\">Vi sidder klar til at besvare ethvert sp\u00f8rgsm\u00e5l, du m\u00e5tte have, som du ikke f\u00e5r besvaret her p\u00e5 hjemmesiden.<br \/>\nS\u00e5 t\u00f8v ikke med at ringe eller skrive til os. Vi tager med gl\u00e6de en helt uforpligtende snak med dig om dine planer.<\/p>\n<p>[\/vc_column_text][vc_empty_space height=&#8221;30px&#8221;][vc_btn title=&#8221;Kontakt her&#8221; style=&#8221;custom&#8221; custom_background=&#8221;#bf7d6b&#8221; custom_text=&#8221;#ffffff&#8221; shape=&#8221;square&#8221; size=&#8221;lg&#8221; align=&#8221;center&#8221; css_animation=&#8221;fadeInUp&#8221; link=&#8221;url:https%3A%2F%2Fwww.elektrokul.dk%2Fkontakt%2F|title:Kontakt&#8221;][\/vc_column][\/vc_row]<\/p>\n<\/section>","protected":false},"excerpt":{"rendered":"<p>[vc_row full_width=&#8221;stretch_row&#8221;][vc_column][vc_row_inner][vc_column_inner offset=&#8221;vc_col-lg-8 vc_col-md-8 vc_col-xs-12&#8243;][vc_column_text] Tachoborstar Tachoborstar \u00e4r mycket sm\u00e5 elborstar till bland annat tachometergeneratorer. Dessa sitter som signalgivare till styrning av likstr\u00f6msmotorer och liknande. Tachoborstar anv\u00e4nds \u00e4ven i stor utstr\u00e4ckning f\u00f6r \u00f6verf\u00f6ring av signaler i olika utrustningar p\u00e5 t.ex. sl\u00e4pringar. Tachoborstar finns b\u00e5de i elektrografit och i silvergrafit. Silvergrafitkol har mycket l\u00e5gt elektriskt motst\u00e5nd, &#8230; <a title=\"Tachoborstar\" class=\"read-more\" href=\"https:\/\/www.elektrokul.dk\/sv\/tachokulboerster\/\" aria-label=\"Mer p\u00e5 Tachoborstar\">L\u00e4s mer<\/a><\/p>\n","protected":false},"author":1,"featured_media":4656,"parent":0,"menu_order":0,"comment_status":"closed","ping_status":"closed","template":"","meta":{"_acf_changed":false,"footnotes":""},"categories":[45],"class_list":{"0":"post-4654","1":"page","2":"type-page","3":"status-publish","4":"has-post-thumbnail","6":"category-kulboerster-sv"},"acf":[],"yoast_head":"<!-- This site is optimized with the Yoast SEO plugin v26.6 - https:\/\/yoast.com\/wordpress\/plugins\/seo\/ -->\n<title>Tachoborstar &#183; Elektrokul A\/S<\/title>\n<meta name=\"robots\" content=\"index, follow, max-snippet:-1, max-image-preview:large, max-video-preview:-1\" \/>\n<link rel=\"canonical\" href=\"https:\/\/www.elektrokul.dk\/sv\/tachokulboerster\/\" \/>\n<meta property=\"og:locale\" content=\"sv_SE\" \/>\n<meta property=\"og:type\" content=\"article\" \/>\n<meta property=\"og:title\" content=\"Tachoborstar &#183; Elektrokul A\/S\" \/>\n<meta property=\"og:description\" content=\"[vc_row full_width=&#8221;stretch_row&#8221;][vc_column][vc_row_inner][vc_column_inner offset=&#8221;vc_col-lg-8 vc_col-md-8 vc_col-xs-12&#8243;][vc_column_text] Tachoborstar Tachoborstar \u00e4r mycket sm\u00e5 elborstar till bland annat tachometergeneratorer. Dessa sitter som signalgivare till styrning av likstr\u00f6msmotorer och liknande. Tachoborstar anv\u00e4nds \u00e4ven i stor utstr\u00e4ckning f\u00f6r \u00f6verf\u00f6ring av signaler i olika utrustningar p\u00e5 t.ex. sl\u00e4pringar. Tachoborstar finns b\u00e5de i elektrografit och i silvergrafit. Silvergrafitkol har mycket l\u00e5gt elektriskt motst\u00e5nd, ... L\u00e4s mer\" \/>\n<meta property=\"og:url\" content=\"https:\/\/www.elektrokul.dk\/sv\/tachokulboerster\/\" \/>\n<meta property=\"og:site_name\" content=\"Elektrokul A\/S\" \/>\n<meta property=\"article:modified_time\" content=\"2024-01-23T08:53:55+00:00\" \/>\n<meta property=\"og:image\" content=\"https:\/\/www.elektrokul.dk\/wp-content\/uploads\/2022\/05\/tachokulborster-880.jpg\" \/>\n\t<meta property=\"og:image:width\" content=\"160\" \/>\n\t<meta property=\"og:image:height\" content=\"50\" \/>\n\t<meta property=\"og:image:type\" content=\"image\/jpeg\" \/>\n<meta name=\"twitter:card\" content=\"summary_large_image\" \/>\n<meta name=\"twitter:label1\" content=\"Ber\u00e4knad l\u00e4stid\" \/>\n\t<meta name=\"twitter:data1\" content=\"2 minuter\" \/>\n<script type=\"application\/ld+json\" class=\"yoast-schema-graph\">{\"@context\":\"https:\/\/schema.org\",\"@graph\":[{\"@type\":\"WebPage\",\"@id\":\"https:\/\/www.elektrokul.dk\/sv\/tachokulboerster\/\",\"url\":\"https:\/\/www.elektrokul.dk\/sv\/tachokulboerster\/\",\"name\":\"Tachoborstar &#183; Elektrokul A\/S\",\"isPartOf\":{\"@id\":\"https:\/\/www.elektrokul.dk\/#website\"},\"primaryImageOfPage\":{\"@id\":\"https:\/\/www.elektrokul.dk\/sv\/tachokulboerster\/#primaryimage\"},\"image\":{\"@id\":\"https:\/\/www.elektrokul.dk\/sv\/tachokulboerster\/#primaryimage\"},\"thumbnailUrl\":\"https:\/\/www.elektrokul.dk\/wp-content\/uploads\/2022\/05\/tachokulborster-880.jpg\",\"datePublished\":\"2022-05-24T06:32:01+00:00\",\"dateModified\":\"2024-01-23T08:53:55+00:00\",\"breadcrumb\":{\"@id\":\"https:\/\/www.elektrokul.dk\/sv\/tachokulboerster\/#breadcrumb\"},\"inLanguage\":\"sv-SE\",\"potentialAction\":[{\"@type\":\"ReadAction\",\"target\":[\"https:\/\/www.elektrokul.dk\/sv\/tachokulboerster\/\"]}]},{\"@type\":\"ImageObject\",\"inLanguage\":\"sv-SE\",\"@id\":\"https:\/\/www.elektrokul.dk\/sv\/tachokulboerster\/#primaryimage\",\"url\":\"https:\/\/www.elektrokul.dk\/wp-content\/uploads\/2022\/05\/tachokulborster-880.jpg\",\"contentUrl\":\"https:\/\/www.elektrokul.dk\/wp-content\/uploads\/2022\/05\/tachokulborster-880.jpg\",\"width\":160,\"height\":50},{\"@type\":\"BreadcrumbList\",\"@id\":\"https:\/\/www.elektrokul.dk\/sv\/tachokulboerster\/#breadcrumb\",\"itemListElement\":[{\"@type\":\"ListItem\",\"position\":1,\"name\":\"Hjem\",\"item\":\"https:\/\/www.elektrokul.dk\/sv\/forside\/\"},{\"@type\":\"ListItem\",\"position\":2,\"name\":\"Tachoborstar\"}]},{\"@type\":\"WebSite\",\"@id\":\"https:\/\/www.elektrokul.dk\/#website\",\"url\":\"https:\/\/www.elektrokul.dk\/\",\"name\":\"Elektrokul A\/S\",\"description\":\"Mekanisk grafit og andre kulvarer fra egen fabrik\",\"publisher\":{\"@id\":\"https:\/\/www.elektrokul.dk\/#organization\"},\"potentialAction\":[{\"@type\":\"SearchAction\",\"target\":{\"@type\":\"EntryPoint\",\"urlTemplate\":\"https:\/\/www.elektrokul.dk\/?s={search_term_string}\"},\"query-input\":{\"@type\":\"PropertyValueSpecification\",\"valueRequired\":true,\"valueName\":\"search_term_string\"}}],\"inLanguage\":\"sv-SE\"},{\"@type\":\"Organization\",\"@id\":\"https:\/\/www.elektrokul.dk\/#organization\",\"name\":\"Elektrokul A\/S\",\"url\":\"https:\/\/www.elektrokul.dk\/\",\"logo\":{\"@type\":\"ImageObject\",\"inLanguage\":\"sv-SE\",\"@id\":\"https:\/\/www.elektrokul.dk\/#\/schema\/logo\/image\/\",\"url\":\"https:\/\/www.elektrokul.dk\/wp-content\/uploads\/2022\/05\/logo-3.png\",\"contentUrl\":\"https:\/\/www.elektrokul.dk\/wp-content\/uploads\/2022\/05\/logo-3.png\",\"width\":535,\"height\":100,\"caption\":\"Elektrokul A\/S\"},\"image\":{\"@id\":\"https:\/\/www.elektrokul.dk\/#\/schema\/logo\/image\/\"}}]}<\/script>\n<!-- \/ Yoast SEO plugin. -->","yoast_head_json":{"title":"Tachoborstar &#183; Elektrokul A\/S","robots":{"index":"index","follow":"follow","max-snippet":"max-snippet:-1","max-image-preview":"max-image-preview:large","max-video-preview":"max-video-preview:-1"},"canonical":"https:\/\/www.elektrokul.dk\/sv\/tachokulboerster\/","og_locale":"sv_SE","og_type":"article","og_title":"Tachoborstar &#183; Elektrokul A\/S","og_description":"[vc_row full_width=&#8221;stretch_row&#8221;][vc_column][vc_row_inner][vc_column_inner offset=&#8221;vc_col-lg-8 vc_col-md-8 vc_col-xs-12&#8243;][vc_column_text] Tachoborstar Tachoborstar \u00e4r mycket sm\u00e5 elborstar till bland annat tachometergeneratorer. Dessa sitter som signalgivare till styrning av likstr\u00f6msmotorer och liknande. Tachoborstar anv\u00e4nds \u00e4ven i stor utstr\u00e4ckning f\u00f6r \u00f6verf\u00f6ring av signaler i olika utrustningar p\u00e5 t.ex. sl\u00e4pringar. Tachoborstar finns b\u00e5de i elektrografit och i silvergrafit. Silvergrafitkol har mycket l\u00e5gt elektriskt motst\u00e5nd, ... L\u00e4s mer","og_url":"https:\/\/www.elektrokul.dk\/sv\/tachokulboerster\/","og_site_name":"Elektrokul A\/S","article_modified_time":"2024-01-23T08:53:55+00:00","og_image":[{"width":160,"height":50,"url":"https:\/\/www.elektrokul.dk\/wp-content\/uploads\/2022\/05\/tachokulborster-880.jpg","type":"image\/jpeg"}],"twitter_card":"summary_large_image","twitter_misc":{"Ber\u00e4knad l\u00e4stid":"2 minuter"},"schema":{"@context":"https:\/\/schema.org","@graph":[{"@type":"WebPage","@id":"https:\/\/www.elektrokul.dk\/sv\/tachokulboerster\/","url":"https:\/\/www.elektrokul.dk\/sv\/tachokulboerster\/","name":"Tachoborstar &#183; Elektrokul A\/S","isPartOf":{"@id":"https:\/\/www.elektrokul.dk\/#website"},"primaryImageOfPage":{"@id":"https:\/\/www.elektrokul.dk\/sv\/tachokulboerster\/#primaryimage"},"image":{"@id":"https:\/\/www.elektrokul.dk\/sv\/tachokulboerster\/#primaryimage"},"thumbnailUrl":"https:\/\/www.elektrokul.dk\/wp-content\/uploads\/2022\/05\/tachokulborster-880.jpg","datePublished":"2022-05-24T06:32:01+00:00","dateModified":"2024-01-23T08:53:55+00:00","breadcrumb":{"@id":"https:\/\/www.elektrokul.dk\/sv\/tachokulboerster\/#breadcrumb"},"inLanguage":"sv-SE","potentialAction":[{"@type":"ReadAction","target":["https:\/\/www.elektrokul.dk\/sv\/tachokulboerster\/"]}]},{"@type":"ImageObject","inLanguage":"sv-SE","@id":"https:\/\/www.elektrokul.dk\/sv\/tachokulboerster\/#primaryimage","url":"https:\/\/www.elektrokul.dk\/wp-content\/uploads\/2022\/05\/tachokulborster-880.jpg","contentUrl":"https:\/\/www.elektrokul.dk\/wp-content\/uploads\/2022\/05\/tachokulborster-880.jpg","width":160,"height":50},{"@type":"BreadcrumbList","@id":"https:\/\/www.elektrokul.dk\/sv\/tachokulboerster\/#breadcrumb","itemListElement":[{"@type":"ListItem","position":1,"name":"Hjem","item":"https:\/\/www.elektrokul.dk\/sv\/forside\/"},{"@type":"ListItem","position":2,"name":"Tachoborstar"}]},{"@type":"WebSite","@id":"https:\/\/www.elektrokul.dk\/#website","url":"https:\/\/www.elektrokul.dk\/","name":"Elektrokul A\/S","description":"Mekanisk grafit og andre kulvarer fra egen fabrik","publisher":{"@id":"https:\/\/www.elektrokul.dk\/#organization"},"potentialAction":[{"@type":"SearchAction","target":{"@type":"EntryPoint","urlTemplate":"https:\/\/www.elektrokul.dk\/?s={search_term_string}"},"query-input":{"@type":"PropertyValueSpecification","valueRequired":true,"valueName":"search_term_string"}}],"inLanguage":"sv-SE"},{"@type":"Organization","@id":"https:\/\/www.elektrokul.dk\/#organization","name":"Elektrokul A\/S","url":"https:\/\/www.elektrokul.dk\/","logo":{"@type":"ImageObject","inLanguage":"sv-SE","@id":"https:\/\/www.elektrokul.dk\/#\/schema\/logo\/image\/","url":"https:\/\/www.elektrokul.dk\/wp-content\/uploads\/2022\/05\/logo-3.png","contentUrl":"https:\/\/www.elektrokul.dk\/wp-content\/uploads\/2022\/05\/logo-3.png","width":535,"height":100,"caption":"Elektrokul A\/S"},"image":{"@id":"https:\/\/www.elektrokul.dk\/#\/schema\/logo\/image\/"}}]}},"_links":{"self":[{"href":"https:\/\/www.elektrokul.dk\/sv\/wp-json\/wp\/v2\/pages\/4654","targetHints":{"allow":["GET"]}}],"collection":[{"href":"https:\/\/www.elektrokul.dk\/sv\/wp-json\/wp\/v2\/pages"}],"about":[{"href":"https:\/\/www.elektrokul.dk\/sv\/wp-json\/wp\/v2\/types\/page"}],"author":[{"embeddable":true,"href":"https:\/\/www.elektrokul.dk\/sv\/wp-json\/wp\/v2\/users\/1"}],"replies":[{"embeddable":true,"href":"https:\/\/www.elektrokul.dk\/sv\/wp-json\/wp\/v2\/comments?post=4654"}],"version-history":[{"count":1,"href":"https:\/\/www.elektrokul.dk\/sv\/wp-json\/wp\/v2\/pages\/4654\/revisions"}],"predecessor-version":[{"id":4657,"href":"https:\/\/www.elektrokul.dk\/sv\/wp-json\/wp\/v2\/pages\/4654\/revisions\/4657"}],"wp:featuredmedia":[{"embeddable":true,"href":"https:\/\/www.elektrokul.dk\/sv\/wp-json\/wp\/v2\/media\/4656"}],"wp:attachment":[{"href":"https:\/\/www.elektrokul.dk\/sv\/wp-json\/wp\/v2\/media?parent=4654"}],"wp:term":[{"taxonomy":"category","embeddable":true,"href":"https:\/\/www.elektrokul.dk\/sv\/wp-json\/wp\/v2\/categories?post=4654"}],"curies":[{"name":"wp","href":"https:\/\/api.w.org\/{rel}","templated":true}]}}