{"id":4648,"date":"2022-05-24T08:31:36","date_gmt":"2022-05-24T06:31:36","guid":{"rendered":"https:\/\/www.elektrokul.dk\/tvillingkul\/"},"modified":"2024-06-05T16:30:41","modified_gmt":"2024-06-05T14:30:41","slug":"tvillingkul","status":"publish","type":"page","link":"https:\/\/www.elektrokul.dk\/sv\/tvillingkul\/","title":{"rendered":"Tvillingkol"},"content":{"rendered":"<section class=\"wpb-content-wrapper\"><p>[vc_row full_width=&#8221;stretch_row&#8221;][vc_column]<div class=\"ult-spacer spacer-69f5b64b3a6f2\" data-id=\"69f5b64b3a6f2\" data-height=\"90\" data-height-mobile=\"60\" data-height-tab=\"90\" data-height-tab-portrait=\"60\" data-height-mobile-landscape=\"60\" style=\"clear:both;display:block;\"><\/div>[vc_row_inner][vc_column_inner offset=&#8221;vc_col-lg-8 vc_col-md-8 vc_col-xs-12&#8243;][vc_column_text]<\/p>\n<h2>Verkstad<\/h2>\n<p>Vid best\u00e4llning av elborstar fr\u00e5n verkstad ska f\u00f6ljande anges om m\u00f6jligt<\/p>\n<ul>\n<li>Dimension (t x a x r) i mm.<\/li>\n<li>Figurbeteckning, se bilder<\/li>\n<li>Kvalitetsbeteckning (som \u00e4r st\u00e4mplad p\u00e5 elborsten)<\/li>\n<li>Ledarl\u00e4ngd (synligt mellan kol och sko)<\/li>\n<li>Kabelsko<\/li>\n<li>Sp\u00e4nning och str\u00f6m om detta kan anges.<\/li>\n<li>Har elborsten fungerat bra eller finns behov av \u00e4ndring av kolkvaliteten.<\/li>\n<\/ul>\n<p><a href=\"https:\/\/www.elektrokul.dk\/wp-content\/uploads\/2024\/06\/industri-kol.pdf\" target=\"_blank\" rel=\"noopener\">H\u00e4mta v\u00e5r industrikolskatalog<\/a><\/p>\n<p>V\u00e5ra medarbetare st\u00e5r redo att ge r\u00e5d om ni har fr\u00e5gor kring val av kolkvalitet.<\/p>\n<p>V\u00e5r produktspecialist kan \u00e4ven komma till er vid behov av en n\u00e4rmare titt p\u00e5 motorkolen.[\/vc_column_text]<div class=\"ult-spacer spacer-69f5b64b3a738\" data-id=\"69f5b64b3a738\" data-height=\"0\" data-height-mobile=\"30\" data-height-tab=\"0\" data-height-tab-portrait=\"30\" data-height-mobile-landscape=\"30\" style=\"clear:both;display:block;\"><\/div>[\/vc_column_inner][vc_column_inner offset=&#8221;vc_col-lg-4 vc_col-md-4 vc_col-xs-12&#8243;][vc_widget_sidebar sidebar_id=&#8221;sidebar-1&#8243; el_class=&#8221;contact-sidebar&#8221;][\/vc_column_inner][\/vc_row_inner]<div class=\"ult-spacer spacer-69f5b64b3a765\" data-id=\"69f5b64b3a765\" data-height=\"90\" data-height-mobile=\"60\" data-height-tab=\"90\" data-height-tab-portrait=\"60\" data-height-mobile-landscape=\"60\" style=\"clear:both;display:block;\"><\/div>[\/vc_column][\/vc_row][vc_row full_width=&#8221;stretch_row&#8221; css=&#8221;.vc_custom_1653378668627{background-color: #f7f7f7 !important;}&#8221;][vc_column]<div class=\"ult-spacer spacer-69f5b64b3a785\" data-id=\"69f5b64b3a785\" data-height=\"90\" data-height-mobile=\"60\" data-height-tab=\"90\" data-height-tab-portrait=\"60\" data-height-mobile-landscape=\"60\" style=\"clear:both;display:block;\"><\/div>[vc_basic_grid post_type=&#8221;page&#8221; max_items=&#8221;-1&#8243; element_width=&#8221;3&#8243; item=&#8221;3495&#8243; grid_id=&#8221;vc_gid:1717597756992-bb5885a0-4990-10&#8243; taxonomies=&#8221;9&#8243;]<div class=\"ult-spacer spacer-69f5b64b3a7af\" data-id=\"69f5b64b3a7af\" data-height=\"90\" data-height-mobile=\"60\" data-height-tab=\"90\" data-height-tab-portrait=\"60\" data-height-mobile-landscape=\"60\" style=\"clear:both;display:block;\"><\/div>[\/vc_column][\/vc_row][vc_row full_width=&#8221;stretch_row_content_no_spaces&#8221; equal_height=&#8221;yes&#8221; css=&#8221;.vc_custom_1681986910458{background-color: #ffffff !important;}&#8221;][vc_column el_class=&#8221;stretch&#8221;][vc_column_text]<\/p>\n<h3 style=\"text-align: center;\">Har du sp\u00f8rgsm\u00e5l?<\/h3>\n<p style=\"text-align: center;\">Vi sidder klar til at besvare ethvert sp\u00f8rgsm\u00e5l, du m\u00e5tte have, som du ikke f\u00e5r besvaret her p\u00e5 hjemmesiden.<br \/>\nS\u00e5 t\u00f8v ikke med at ringe eller skrive til os. Vi tager med gl\u00e6de en helt uforpligtende snak med dig om dine planer.<\/p>\n<p>[\/vc_column_text][vc_empty_space height=&#8221;30px&#8221;][vc_btn title=&#8221;Kontakt her&#8221; style=&#8221;custom&#8221; custom_background=&#8221;#bf7d6b&#8221; custom_text=&#8221;#ffffff&#8221; shape=&#8221;square&#8221; size=&#8221;lg&#8221; align=&#8221;center&#8221; css_animation=&#8221;fadeInUp&#8221; link=&#8221;url:https%3A%2F%2Fwww.elektrokul.dk%2Fkontakt%2F|title:Kontakt&#8221;][\/vc_column][\/vc_row]<\/p>\n<\/section>","protected":false},"excerpt":{"rendered":"<p>[vc_row full_width=&#8221;stretch_row&#8221;][vc_column][vc_row_inner][vc_column_inner offset=&#8221;vc_col-lg-8 vc_col-md-8 vc_col-xs-12&#8243;][vc_column_text] Verkstad Vid best\u00e4llning av elborstar fr\u00e5n verkstad ska f\u00f6ljande anges om m\u00f6jligt Dimension (t x a x r) i mm. Figurbeteckning, se bilder Kvalitetsbeteckning (som \u00e4r st\u00e4mplad p\u00e5 elborsten) Ledarl\u00e4ngd (synligt mellan kol och sko) Kabelsko Sp\u00e4nning och str\u00f6m om detta kan anges. Har elborsten fungerat bra eller finns behov &#8230; <a title=\"Tvillingkol\" class=\"read-more\" href=\"https:\/\/www.elektrokul.dk\/sv\/tvillingkul\/\" aria-label=\"Mer p\u00e5 Tvillingkol\">L\u00e4s mer<\/a><\/p>\n","protected":false},"author":1,"featured_media":4649,"parent":0,"menu_order":0,"comment_status":"closed","ping_status":"closed","template":"","meta":{"_acf_changed":false,"footnotes":""},"categories":[45],"class_list":{"0":"post-4648","1":"page","2":"type-page","3":"status-publish","4":"has-post-thumbnail","6":"category-kulboerster-sv"},"acf":[],"yoast_head":"<!-- This site is optimized with the Yoast SEO plugin v26.6 - https:\/\/yoast.com\/wordpress\/plugins\/seo\/ -->\n<title>Tvillingkol &#183; Elektrokul A\/S<\/title>\n<meta name=\"robots\" content=\"index, follow, max-snippet:-1, max-image-preview:large, max-video-preview:-1\" \/>\n<link rel=\"canonical\" href=\"https:\/\/www.elektrokul.dk\/sv\/tvillingkul\/\" \/>\n<meta property=\"og:locale\" content=\"sv_SE\" \/>\n<meta property=\"og:type\" content=\"article\" \/>\n<meta property=\"og:title\" content=\"Tvillingkol &#183; Elektrokul A\/S\" \/>\n<meta property=\"og:description\" content=\"[vc_row full_width=&#8221;stretch_row&#8221;][vc_column][vc_row_inner][vc_column_inner offset=&#8221;vc_col-lg-8 vc_col-md-8 vc_col-xs-12&#8243;][vc_column_text] Verkstad Vid best\u00e4llning av elborstar fr\u00e5n verkstad ska f\u00f6ljande anges om m\u00f6jligt Dimension (t x a x r) i mm. Figurbeteckning, se bilder Kvalitetsbeteckning (som \u00e4r st\u00e4mplad p\u00e5 elborsten) Ledarl\u00e4ngd (synligt mellan kol och sko) Kabelsko Sp\u00e4nning och str\u00f6m om detta kan anges. Har elborsten fungerat bra eller finns behov ... L\u00e4s mer\" \/>\n<meta property=\"og:url\" content=\"https:\/\/www.elektrokul.dk\/sv\/tvillingkul\/\" \/>\n<meta property=\"og:site_name\" content=\"Elektrokul A\/S\" \/>\n<meta property=\"article:modified_time\" content=\"2024-06-05T14:30:41+00:00\" \/>\n<meta property=\"og:image\" content=\"https:\/\/www.elektrokul.dk\/wp-content\/uploads\/2022\/05\/e11116-3-e11219-s-401.jpg\" \/>\n\t<meta property=\"og:image:width\" content=\"400\" \/>\n\t<meta property=\"og:image:height\" content=\"307\" \/>\n\t<meta property=\"og:image:type\" content=\"image\/jpeg\" \/>\n<meta name=\"twitter:card\" content=\"summary_large_image\" \/>\n<meta name=\"twitter:label1\" content=\"Ber\u00e4knad l\u00e4stid\" \/>\n\t<meta name=\"twitter:data1\" content=\"2 minuter\" \/>\n<script type=\"application\/ld+json\" class=\"yoast-schema-graph\">{\"@context\":\"https:\/\/schema.org\",\"@graph\":[{\"@type\":\"WebPage\",\"@id\":\"https:\/\/www.elektrokul.dk\/sv\/tvillingkul\/\",\"url\":\"https:\/\/www.elektrokul.dk\/sv\/tvillingkul\/\",\"name\":\"Tvillingkol &#183; Elektrokul A\/S\",\"isPartOf\":{\"@id\":\"https:\/\/www.elektrokul.dk\/#website\"},\"primaryImageOfPage\":{\"@id\":\"https:\/\/www.elektrokul.dk\/sv\/tvillingkul\/#primaryimage\"},\"image\":{\"@id\":\"https:\/\/www.elektrokul.dk\/sv\/tvillingkul\/#primaryimage\"},\"thumbnailUrl\":\"https:\/\/www.elektrokul.dk\/wp-content\/uploads\/2022\/05\/e11116-3-e11219-s-401.jpg\",\"datePublished\":\"2022-05-24T06:31:36+00:00\",\"dateModified\":\"2024-06-05T14:30:41+00:00\",\"breadcrumb\":{\"@id\":\"https:\/\/www.elektrokul.dk\/sv\/tvillingkul\/#breadcrumb\"},\"inLanguage\":\"sv-SE\",\"potentialAction\":[{\"@type\":\"ReadAction\",\"target\":[\"https:\/\/www.elektrokul.dk\/sv\/tvillingkul\/\"]}]},{\"@type\":\"ImageObject\",\"inLanguage\":\"sv-SE\",\"@id\":\"https:\/\/www.elektrokul.dk\/sv\/tvillingkul\/#primaryimage\",\"url\":\"https:\/\/www.elektrokul.dk\/wp-content\/uploads\/2022\/05\/e11116-3-e11219-s-401.jpg\",\"contentUrl\":\"https:\/\/www.elektrokul.dk\/wp-content\/uploads\/2022\/05\/e11116-3-e11219-s-401.jpg\",\"width\":400,\"height\":307},{\"@type\":\"BreadcrumbList\",\"@id\":\"https:\/\/www.elektrokul.dk\/sv\/tvillingkul\/#breadcrumb\",\"itemListElement\":[{\"@type\":\"ListItem\",\"position\":1,\"name\":\"Hjem\",\"item\":\"https:\/\/www.elektrokul.dk\/sv\/forside\/\"},{\"@type\":\"ListItem\",\"position\":2,\"name\":\"Tvillingkol\"}]},{\"@type\":\"WebSite\",\"@id\":\"https:\/\/www.elektrokul.dk\/#website\",\"url\":\"https:\/\/www.elektrokul.dk\/\",\"name\":\"Elektrokul A\/S\",\"description\":\"Mekanisk grafit og andre kulvarer fra egen fabrik\",\"publisher\":{\"@id\":\"https:\/\/www.elektrokul.dk\/#organization\"},\"potentialAction\":[{\"@type\":\"SearchAction\",\"target\":{\"@type\":\"EntryPoint\",\"urlTemplate\":\"https:\/\/www.elektrokul.dk\/?s={search_term_string}\"},\"query-input\":{\"@type\":\"PropertyValueSpecification\",\"valueRequired\":true,\"valueName\":\"search_term_string\"}}],\"inLanguage\":\"sv-SE\"},{\"@type\":\"Organization\",\"@id\":\"https:\/\/www.elektrokul.dk\/#organization\",\"name\":\"Elektrokul A\/S\",\"url\":\"https:\/\/www.elektrokul.dk\/\",\"logo\":{\"@type\":\"ImageObject\",\"inLanguage\":\"sv-SE\",\"@id\":\"https:\/\/www.elektrokul.dk\/#\/schema\/logo\/image\/\",\"url\":\"https:\/\/www.elektrokul.dk\/wp-content\/uploads\/2022\/05\/logo-3.png\",\"contentUrl\":\"https:\/\/www.elektrokul.dk\/wp-content\/uploads\/2022\/05\/logo-3.png\",\"width\":535,\"height\":100,\"caption\":\"Elektrokul A\/S\"},\"image\":{\"@id\":\"https:\/\/www.elektrokul.dk\/#\/schema\/logo\/image\/\"}}]}<\/script>\n<!-- \/ Yoast SEO plugin. -->","yoast_head_json":{"title":"Tvillingkol &#183; Elektrokul A\/S","robots":{"index":"index","follow":"follow","max-snippet":"max-snippet:-1","max-image-preview":"max-image-preview:large","max-video-preview":"max-video-preview:-1"},"canonical":"https:\/\/www.elektrokul.dk\/sv\/tvillingkul\/","og_locale":"sv_SE","og_type":"article","og_title":"Tvillingkol &#183; Elektrokul A\/S","og_description":"[vc_row full_width=&#8221;stretch_row&#8221;][vc_column][vc_row_inner][vc_column_inner offset=&#8221;vc_col-lg-8 vc_col-md-8 vc_col-xs-12&#8243;][vc_column_text] Verkstad Vid best\u00e4llning av elborstar fr\u00e5n verkstad ska f\u00f6ljande anges om m\u00f6jligt Dimension (t x a x r) i mm. Figurbeteckning, se bilder Kvalitetsbeteckning (som \u00e4r st\u00e4mplad p\u00e5 elborsten) Ledarl\u00e4ngd (synligt mellan kol och sko) Kabelsko Sp\u00e4nning och str\u00f6m om detta kan anges. Har elborsten fungerat bra eller finns behov ... L\u00e4s mer","og_url":"https:\/\/www.elektrokul.dk\/sv\/tvillingkul\/","og_site_name":"Elektrokul A\/S","article_modified_time":"2024-06-05T14:30:41+00:00","og_image":[{"width":400,"height":307,"url":"https:\/\/www.elektrokul.dk\/wp-content\/uploads\/2022\/05\/e11116-3-e11219-s-401.jpg","type":"image\/jpeg"}],"twitter_card":"summary_large_image","twitter_misc":{"Ber\u00e4knad l\u00e4stid":"2 minuter"},"schema":{"@context":"https:\/\/schema.org","@graph":[{"@type":"WebPage","@id":"https:\/\/www.elektrokul.dk\/sv\/tvillingkul\/","url":"https:\/\/www.elektrokul.dk\/sv\/tvillingkul\/","name":"Tvillingkol &#183; Elektrokul A\/S","isPartOf":{"@id":"https:\/\/www.elektrokul.dk\/#website"},"primaryImageOfPage":{"@id":"https:\/\/www.elektrokul.dk\/sv\/tvillingkul\/#primaryimage"},"image":{"@id":"https:\/\/www.elektrokul.dk\/sv\/tvillingkul\/#primaryimage"},"thumbnailUrl":"https:\/\/www.elektrokul.dk\/wp-content\/uploads\/2022\/05\/e11116-3-e11219-s-401.jpg","datePublished":"2022-05-24T06:31:36+00:00","dateModified":"2024-06-05T14:30:41+00:00","breadcrumb":{"@id":"https:\/\/www.elektrokul.dk\/sv\/tvillingkul\/#breadcrumb"},"inLanguage":"sv-SE","potentialAction":[{"@type":"ReadAction","target":["https:\/\/www.elektrokul.dk\/sv\/tvillingkul\/"]}]},{"@type":"ImageObject","inLanguage":"sv-SE","@id":"https:\/\/www.elektrokul.dk\/sv\/tvillingkul\/#primaryimage","url":"https:\/\/www.elektrokul.dk\/wp-content\/uploads\/2022\/05\/e11116-3-e11219-s-401.jpg","contentUrl":"https:\/\/www.elektrokul.dk\/wp-content\/uploads\/2022\/05\/e11116-3-e11219-s-401.jpg","width":400,"height":307},{"@type":"BreadcrumbList","@id":"https:\/\/www.elektrokul.dk\/sv\/tvillingkul\/#breadcrumb","itemListElement":[{"@type":"ListItem","position":1,"name":"Hjem","item":"https:\/\/www.elektrokul.dk\/sv\/forside\/"},{"@type":"ListItem","position":2,"name":"Tvillingkol"}]},{"@type":"WebSite","@id":"https:\/\/www.elektrokul.dk\/#website","url":"https:\/\/www.elektrokul.dk\/","name":"Elektrokul A\/S","description":"Mekanisk grafit og andre kulvarer fra egen fabrik","publisher":{"@id":"https:\/\/www.elektrokul.dk\/#organization"},"potentialAction":[{"@type":"SearchAction","target":{"@type":"EntryPoint","urlTemplate":"https:\/\/www.elektrokul.dk\/?s={search_term_string}"},"query-input":{"@type":"PropertyValueSpecification","valueRequired":true,"valueName":"search_term_string"}}],"inLanguage":"sv-SE"},{"@type":"Organization","@id":"https:\/\/www.elektrokul.dk\/#organization","name":"Elektrokul A\/S","url":"https:\/\/www.elektrokul.dk\/","logo":{"@type":"ImageObject","inLanguage":"sv-SE","@id":"https:\/\/www.elektrokul.dk\/#\/schema\/logo\/image\/","url":"https:\/\/www.elektrokul.dk\/wp-content\/uploads\/2022\/05\/logo-3.png","contentUrl":"https:\/\/www.elektrokul.dk\/wp-content\/uploads\/2022\/05\/logo-3.png","width":535,"height":100,"caption":"Elektrokul A\/S"},"image":{"@id":"https:\/\/www.elektrokul.dk\/#\/schema\/logo\/image\/"}}]}},"_links":{"self":[{"href":"https:\/\/www.elektrokul.dk\/sv\/wp-json\/wp\/v2\/pages\/4648","targetHints":{"allow":["GET"]}}],"collection":[{"href":"https:\/\/www.elektrokul.dk\/sv\/wp-json\/wp\/v2\/pages"}],"about":[{"href":"https:\/\/www.elektrokul.dk\/sv\/wp-json\/wp\/v2\/types\/page"}],"author":[{"embeddable":true,"href":"https:\/\/www.elektrokul.dk\/sv\/wp-json\/wp\/v2\/users\/1"}],"replies":[{"embeddable":true,"href":"https:\/\/www.elektrokul.dk\/sv\/wp-json\/wp\/v2\/comments?post=4648"}],"version-history":[{"count":2,"href":"https:\/\/www.elektrokul.dk\/sv\/wp-json\/wp\/v2\/pages\/4648\/revisions"}],"predecessor-version":[{"id":4894,"href":"https:\/\/www.elektrokul.dk\/sv\/wp-json\/wp\/v2\/pages\/4648\/revisions\/4894"}],"wp:featuredmedia":[{"embeddable":true,"href":"https:\/\/www.elektrokul.dk\/sv\/wp-json\/wp\/v2\/media\/4649"}],"wp:attachment":[{"href":"https:\/\/www.elektrokul.dk\/sv\/wp-json\/wp\/v2\/media?parent=4648"}],"wp:term":[{"taxonomy":"category","embeddable":true,"href":"https:\/\/www.elektrokul.dk\/sv\/wp-json\/wp\/v2\/categories?post=4648"}],"curies":[{"name":"wp","href":"https:\/\/api.w.org\/{rel}","templated":true}]}}