{"id":4624,"date":"2022-05-24T08:44:27","date_gmt":"2022-05-24T06:44:27","guid":{"rendered":"https:\/\/www.elektrokul.dk\/kulholdere\/"},"modified":"2025-03-26T08:38:05","modified_gmt":"2025-03-26T07:38:05","slug":"kulholdere","status":"publish","type":"page","link":"https:\/\/www.elektrokul.dk\/sv\/kulholdere\/","title":{"rendered":"Borsth\u00e5llare"},"content":{"rendered":"<section class=\"wpb-content-wrapper\"><p>[vc_row full_width=&#8221;stretch_row&#8221;][vc_column]<div class=\"ult-spacer spacer-69d24a87d089c\" data-id=\"69d24a87d089c\" data-height=\"90\" data-height-mobile=\"60\" data-height-tab=\"90\" data-height-tab-portrait=\"60\" data-height-mobile-landscape=\"60\" style=\"clear:both;display:block;\"><\/div>[vc_row_inner][vc_column_inner offset=&#8221;vc_col-lg-8 vc_col-md-8 vc_col-xs-12&#8243;][vc_column_text]<\/p>\n<h1>Vi erbjuder borsth\u00e5llare i olika utf\u00f6randen<\/h1>\n<p>Ska du anv\u00e4nda en borsth\u00e5llare till <a href=\"https:\/\/www.elektrokul.dk\/sv\/kolborstar\/\">kolborstar<\/a>? D\u00e5 har du hittat helt r\u00e4tt. <a href=\"https:\/\/www.elektrokul.dk\/sv\/\">Elektrokul A\/S<\/a> kan leverera ett stort utbud av borsth\u00e5llare och vi st\u00e5r alltid reda att hj\u00e4lpa dig. Vi s\u00e4ljer till f\u00f6retag \u00f6ver hela v\u00e4rlden str\u00e4var efter att alltid kunna garantera en kort leveranstid. Tveka inte att kontakta oss om du beh\u00f6ver professionell hj\u00e4lp.<\/p>\n<p>Borsth\u00e5llarna i v\u00e5rt sortiment har som utg\u00e5ngspunkt standardm\u00e5tt, men det finns alltid m\u00f6jlighet att skapa s\u00e4rskilda utf\u00f6rande som passar ditt \u00e4ndam\u00e5l. Med andra ord kan vi uppfylla olika behov och ta fram just den borsth\u00e5llare som du beh\u00f6ver.<\/p>\n<p>Oavsett uppgift kan du lita p\u00e5 att vi alltid levererar kolr\u00e5varor av h\u00f6g kvalitet och alltid till konkurrenskraftiga priser. Du kan k\u00e4nna dig trygg med oss som samarbetspartner.<\/p>\n<h2 data-start=\"1057\" data-end=\"1092\">Hur fungerar en borsth\u00e5llare?<\/h2>\n<p class=\"\" data-start=\"1093\" data-end=\"1353\">En borsth\u00e5llare \u00e4r en dosa eller ett r\u00f6r som s\u00e4kerst\u00e4ller att kolborstarna kan glida l\u00e4tt med r\u00e4tt fj\u00e4dertryck mot kontaktytan p\u00e5 en kommutator eller sl\u00e4pring. Tryckfj\u00e4dern \u00e4r oftast en integrerad del av borsth\u00e5llaren, som vanligtvis \u00e4r tillverkad i m\u00e4ssing.<\/p>\n<p class=\"\" data-start=\"1355\" data-end=\"1576\">Vi kan hj\u00e4lpa dig oavsett om du beh\u00f6ver byta en \u00e4ldre borsth\u00e5llare eller hitta en ny l\u00f6sning f\u00f6r en maskinkonstruktion. Med v\u00e5r erfarenhet och expertis f\u00e5r du alltid kvalificerad r\u00e5dgivning i valet av r\u00e4tt borsth\u00e5llare.<\/p>\n<h2>Kolborstarna glider l\u00e4tt i r\u00e4tt borsth\u00e5llare<\/h2>\n<p>En borsth\u00e5llare \u00e4r en dosa eller ett r\u00f6r som s\u00e4kerst\u00e4ller att kolborstarna kan glida l\u00e4tt med ett s\u00e4rskilt fj\u00e4dertryck mot kontaktytan p\u00e5 antingen en kommutator eller en sl\u00e4pring i en maskinkonstruktion. Tryckfj\u00e4dern i borsth\u00e5llaren \u00e4r oftast en del av denna. Borsth\u00e5llaren \u00e4r vanligtvis gjord i m\u00e4ssing.<\/p>\n<p>Vi kan hj\u00e4lpa dig med i stort sett alla typer av borsth\u00e5llare. Det g\u00e4ller oavsett om det \u00e4r en gammal borsth\u00e5llare som ska bytas ut eller om det r\u00f6r sig om maskinkonstruktion. Vi har m\u00e5nga \u00e5rs erfarenhet och kan d\u00e4rf\u00f6r erbjuda kvalificerad och kompetent r\u00e5dgivning i valet av r\u00e4tt typ av borsth\u00e5llare.<\/p>\n<h2>Garanti f\u00f6r h\u00f6g kvalitet till l\u00e5ga priser<\/h2>\n<p>Vi \u00e4r en professionell och kompetent samarbetspartner som alltid s\u00e4tter kundens behov i f\u00f6rsta rummet. Du kan med andra ord vara s\u00e4ker p\u00e5 att f\u00e5 god service hela v\u00e4gen n\u00e4r du samarbetar med oss. Vi st\u00e5r redo att l\u00f6sa b\u00e5de enkla och komplicerade uppdrag enligt dina \u00f6nskem\u00e5l.<\/p>\n<p>N\u00e4r du best\u00e4ller en borsth\u00e5llare hos oss kan du f\u00f6rv\u00e4nta dig att f\u00e5 en produkt av h\u00f6g kvalitet. \u00c4ven om kvaliteten alltid \u00e4r h\u00f6g s\u00f6rjer vi f\u00f6r att h\u00e5lla v\u00e5ra priser p\u00e5 en s\u00e5 l\u00e5g niv\u00e5 som m\u00f6jligt.\u00a0 Att handla hos oss inneb\u00e4r att f\u00e5 ut mesta m\u00f6jliga f\u00f6r pengarna.<\/p>\n<h2>Vi levererar borsth\u00e5llare f\u00f6r m\u00e5nga olika driftsf\u00f6rh\u00e5llanden<\/h2>\n<p>Vi har arbetat inom branschen i m\u00e5nga \u00e5r och har stor erfarenhet inom omr\u00e5det. Av denna anledning kan vi leverera en borsth\u00e5llare f\u00f6r flertalet olika driftsf\u00f6rh\u00e5llanden. Oavsett vilken typ av verksamhet det g\u00e4ller kan vi leverera en passande borsth\u00e5llare.<\/p>\n<p>Det \u00e4r s\u00e4llan vi inte kan l\u00f6sa en uppgift s\u00e5 tveka inte att kontakta oss f\u00f6r professionell hj\u00e4lp.<\/p>\n<p>Hos oss f\u00e5r du h\u00f6g kvalitet, kompetent r\u00e5dgivning och god kundservice till attraktiva priser. VI arbetar snabbt och effektivt s\u00e5 att din nya borsth\u00e5llare n\u00e5r dig s\u00e5 snabbt som m\u00f6jligt. Vi \u00e4r dessutom en p\u00e5litlig samarbetspartner som efterstr\u00e4var att leverera den avtalade produkten vid avtalad tid och till avtalat pris.[\/vc_column_text][vc_empty_space height=&#8221;20px&#8221;][vc_btn title=&#8221;Hent katalog&#8221; style=&#8221;custom&#8221; custom_background=&#8221;#bf7d6b&#8221; custom_text=&#8221;#ffffff&#8221; shape=&#8221;square&#8221; align=&#8221;left&#8221; css_animation=&#8221;fadeIn&#8221; link=&#8221;url:%2Fwp-content%2Fuploads%2F2022%2F05%2F268-web-kulholder-katalog-3.pdf|target:_blank&#8221;][vc_empty_space height=&#8221;30px&#8221;][vc_media_grid style=&#8221;pagination&#8221; items_per_page=&#8221;4&#8243; element_width=&#8221;3&#8243; gap=&#8221;20&#8243; paging_color=&#8221;black&#8221; loop=&#8221;yes&#8221; grid_id=&#8221;vc_gid:1742974591926-b84af349-7f6d-10&#8243; include=&#8221;4625,3626,3627,3628,3629,3630,3631,3632&#8243;]<div class=\"ult-spacer spacer-69d24a87d08eb\" data-id=\"69d24a87d08eb\" data-height=\"0\" data-height-mobile=\"30\" data-height-tab=\"0\" data-height-tab-portrait=\"30\" data-height-mobile-landscape=\"30\" style=\"clear:both;display:block;\"><\/div>[\/vc_column_inner][vc_column_inner offset=&#8221;vc_col-lg-4 vc_col-md-4 vc_col-xs-12&#8243;][vc_widget_sidebar sidebar_id=&#8221;sidebar-1&#8243; el_class=&#8221;contact-sidebar&#8221;][\/vc_column_inner][\/vc_row_inner]<div class=\"ult-spacer spacer-69d24a87d0912\" data-id=\"69d24a87d0912\" data-height=\"90\" data-height-mobile=\"60\" data-height-tab=\"90\" data-height-tab-portrait=\"60\" data-height-mobile-landscape=\"60\" style=\"clear:both;display:block;\"><\/div>[\/vc_column][\/vc_row][vc_row full_width=&#8221;stretch_row_content_no_spaces&#8221; equal_height=&#8221;yes&#8221; css=&#8221;.vc_custom_1653381489748{background-color: #f7f7f7 !important;}&#8221;][vc_column el_class=&#8221;stretch&#8221;][vc_column_text]<\/p>\n<h3 style=\"text-align: center;\">F\u00e5 en icke-bindande offert p\u00e5 en borsth\u00e5llare<\/h3>\n<p style=\"text-align: center;\">Vill du ha en icke-bindande offert p\u00e5 en borsth\u00e5llare? D\u00e5 \u00e4r du mer \u00e4n v\u00e4lkommen att ringa eller skriva till oss.<\/p>\n<p style=\"text-align: center;\">Vi tar g\u00e4rna ett samtal med dig om dina \u00f6nskningar och behov varefter vi tar fram en offert.<\/p>\n<p style=\"text-align: center;\">Du kan ringa oss p\u00e5 telefon <a href=\"tel:70207826\">70 20 78 26<\/a> om du vill veta mer eller l\u00e4gga en best\u00e4llning.<\/p>\n<p style=\"text-align: center;\">Du \u00e4r ocks\u00e5 v\u00e4lkommen att mejla till <a href=\"mailto:info@elektrokul.dk\">info@elektrokul.dk<\/a>, s\u00e5 \u00e5terkommer vi snarast m\u00f6jligt.<\/p>\n<p style=\"text-align: center;\">Vi ser fram emot att h\u00f6ra fr\u00e5n dig.<\/p>\n<p>[\/vc_column_text][vc_empty_space height=&#8221;30px&#8221;][vc_btn title=&#8221;Kontakt her&#8221; style=&#8221;custom&#8221; custom_background=&#8221;#bf7d6b&#8221; custom_text=&#8221;#ffffff&#8221; shape=&#8221;square&#8221; size=&#8221;lg&#8221; align=&#8221;center&#8221; css_animation=&#8221;fadeInUp&#8221; link=&#8221;url:https%3A%2F%2Fwww.elektrokul.dk%2Fkontakt%2F|title:Kontakt&#8221;][\/vc_column][\/vc_row]<\/p>\n<\/section>","protected":false},"excerpt":{"rendered":"<p>[vc_row full_width=&#8221;stretch_row&#8221;][vc_column][vc_row_inner][vc_column_inner offset=&#8221;vc_col-lg-8 vc_col-md-8 vc_col-xs-12&#8243;][vc_column_text] Vi erbjuder borsth\u00e5llare i olika utf\u00f6randen Ska du anv\u00e4nda en borsth\u00e5llare till kolborstar? D\u00e5 har du hittat helt r\u00e4tt. Elektrokul A\/S kan leverera ett stort utbud av borsth\u00e5llare och vi st\u00e5r alltid reda att hj\u00e4lpa dig. Vi s\u00e4ljer till f\u00f6retag \u00f6ver hela v\u00e4rlden str\u00e4var efter att alltid kunna garantera en &#8230; <a title=\"Borsth\u00e5llare\" class=\"read-more\" href=\"https:\/\/www.elektrokul.dk\/sv\/kulholdere\/\" aria-label=\"Mer p\u00e5 Borsth\u00e5llare\">L\u00e4s mer<\/a><\/p>\n","protected":false},"author":1,"featured_media":4835,"parent":0,"menu_order":0,"comment_status":"closed","ping_status":"closed","template":"","meta":{"_acf_changed":false,"footnotes":""},"categories":[43],"class_list":{"0":"post-4624","1":"page","2":"type-page","3":"status-publish","4":"has-post-thumbnail","6":"category-produkter-sv"},"acf":[],"yoast_head":"<!-- This site is optimized with the Yoast SEO plugin v26.6 - https:\/\/yoast.com\/wordpress\/plugins\/seo\/ -->\n<title>Borsth\u00e5llare f\u00f6r kolborstar | H\u00f6g kvalitet &amp; snabb leverans<\/title>\n<meta name=\"description\" content=\"Beh\u00f6ver du en borsth\u00e5llare? Vi erbjuder h\u00f6gkvalitativa borsth\u00e5llare med kort leveranstid och konkurrenskraftiga priser. Kontakta oss idag!\" \/>\n<meta name=\"robots\" content=\"index, follow, max-snippet:-1, max-image-preview:large, max-video-preview:-1\" \/>\n<link rel=\"canonical\" href=\"https:\/\/www.elektrokul.dk\/sv\/kulholdere\/\" \/>\n<meta property=\"og:locale\" content=\"sv_SE\" \/>\n<meta property=\"og:type\" content=\"article\" \/>\n<meta property=\"og:title\" content=\"Borsth\u00e5llare f\u00f6r kolborstar | H\u00f6g kvalitet &amp; snabb leverans\" \/>\n<meta property=\"og:description\" content=\"Beh\u00f6ver du en borsth\u00e5llare? Vi erbjuder h\u00f6gkvalitativa borsth\u00e5llare med kort leveranstid och konkurrenskraftiga priser. Kontakta oss idag!\" \/>\n<meta property=\"og:url\" content=\"https:\/\/www.elektrokul.dk\/sv\/kulholdere\/\" \/>\n<meta property=\"og:site_name\" content=\"Elektrokul A\/S\" \/>\n<meta property=\"article:modified_time\" content=\"2025-03-26T07:38:05+00:00\" \/>\n<meta property=\"og:image\" content=\"https:\/\/www.elektrokul.dk\/wp-content\/uploads\/2024\/05\/mack0673.jpg\" \/>\n\t<meta property=\"og:image:width\" content=\"1920\" \/>\n\t<meta property=\"og:image:height\" content=\"1535\" \/>\n\t<meta property=\"og:image:type\" content=\"image\/jpeg\" \/>\n<meta name=\"twitter:card\" content=\"summary_large_image\" \/>\n<meta name=\"twitter:label1\" content=\"Ber\u00e4knad l\u00e4stid\" \/>\n\t<meta name=\"twitter:data1\" content=\"4 minuter\" \/>\n<script type=\"application\/ld+json\" class=\"yoast-schema-graph\">{\"@context\":\"https:\/\/schema.org\",\"@graph\":[{\"@type\":\"WebPage\",\"@id\":\"https:\/\/www.elektrokul.dk\/sv\/kulholdere\/\",\"url\":\"https:\/\/www.elektrokul.dk\/sv\/kulholdere\/\",\"name\":\"Borsth\u00e5llare f\u00f6r kolborstar | H\u00f6g kvalitet & snabb leverans\",\"isPartOf\":{\"@id\":\"https:\/\/www.elektrokul.dk\/#website\"},\"primaryImageOfPage\":{\"@id\":\"https:\/\/www.elektrokul.dk\/sv\/kulholdere\/#primaryimage\"},\"image\":{\"@id\":\"https:\/\/www.elektrokul.dk\/sv\/kulholdere\/#primaryimage\"},\"thumbnailUrl\":\"https:\/\/www.elektrokul.dk\/wp-content\/uploads\/2024\/05\/mack0673.jpg\",\"datePublished\":\"2022-05-24T06:44:27+00:00\",\"dateModified\":\"2025-03-26T07:38:05+00:00\",\"description\":\"Beh\u00f6ver du en borsth\u00e5llare? Vi erbjuder h\u00f6gkvalitativa borsth\u00e5llare med kort leveranstid och konkurrenskraftiga priser. Kontakta oss idag!\",\"breadcrumb\":{\"@id\":\"https:\/\/www.elektrokul.dk\/sv\/kulholdere\/#breadcrumb\"},\"inLanguage\":\"sv-SE\",\"potentialAction\":[{\"@type\":\"ReadAction\",\"target\":[\"https:\/\/www.elektrokul.dk\/sv\/kulholdere\/\"]}]},{\"@type\":\"ImageObject\",\"inLanguage\":\"sv-SE\",\"@id\":\"https:\/\/www.elektrokul.dk\/sv\/kulholdere\/#primaryimage\",\"url\":\"https:\/\/www.elektrokul.dk\/wp-content\/uploads\/2024\/05\/mack0673.jpg\",\"contentUrl\":\"https:\/\/www.elektrokul.dk\/wp-content\/uploads\/2024\/05\/mack0673.jpg\",\"width\":1920,\"height\":1535,\"caption\":\"Mack0673\"},{\"@type\":\"BreadcrumbList\",\"@id\":\"https:\/\/www.elektrokul.dk\/sv\/kulholdere\/#breadcrumb\",\"itemListElement\":[{\"@type\":\"ListItem\",\"position\":1,\"name\":\"Hjem\",\"item\":\"https:\/\/www.elektrokul.dk\/sv\/forside\/\"},{\"@type\":\"ListItem\",\"position\":2,\"name\":\"Borsth\u00e5llare\"}]},{\"@type\":\"WebSite\",\"@id\":\"https:\/\/www.elektrokul.dk\/#website\",\"url\":\"https:\/\/www.elektrokul.dk\/\",\"name\":\"Elektrokul A\/S\",\"description\":\"Mekanisk grafit og andre kulvarer fra egen fabrik\",\"publisher\":{\"@id\":\"https:\/\/www.elektrokul.dk\/#organization\"},\"potentialAction\":[{\"@type\":\"SearchAction\",\"target\":{\"@type\":\"EntryPoint\",\"urlTemplate\":\"https:\/\/www.elektrokul.dk\/?s={search_term_string}\"},\"query-input\":{\"@type\":\"PropertyValueSpecification\",\"valueRequired\":true,\"valueName\":\"search_term_string\"}}],\"inLanguage\":\"sv-SE\"},{\"@type\":\"Organization\",\"@id\":\"https:\/\/www.elektrokul.dk\/#organization\",\"name\":\"Elektrokul A\/S\",\"url\":\"https:\/\/www.elektrokul.dk\/\",\"logo\":{\"@type\":\"ImageObject\",\"inLanguage\":\"sv-SE\",\"@id\":\"https:\/\/www.elektrokul.dk\/#\/schema\/logo\/image\/\",\"url\":\"https:\/\/www.elektrokul.dk\/wp-content\/uploads\/2022\/05\/logo-3.png\",\"contentUrl\":\"https:\/\/www.elektrokul.dk\/wp-content\/uploads\/2022\/05\/logo-3.png\",\"width\":535,\"height\":100,\"caption\":\"Elektrokul A\/S\"},\"image\":{\"@id\":\"https:\/\/www.elektrokul.dk\/#\/schema\/logo\/image\/\"}}]}<\/script>\n<!-- \/ Yoast SEO plugin. -->","yoast_head_json":{"title":"Borsth\u00e5llare f\u00f6r kolborstar | H\u00f6g kvalitet & snabb leverans","description":"Beh\u00f6ver du en borsth\u00e5llare? Vi erbjuder h\u00f6gkvalitativa borsth\u00e5llare med kort leveranstid och konkurrenskraftiga priser. Kontakta oss idag!","robots":{"index":"index","follow":"follow","max-snippet":"max-snippet:-1","max-image-preview":"max-image-preview:large","max-video-preview":"max-video-preview:-1"},"canonical":"https:\/\/www.elektrokul.dk\/sv\/kulholdere\/","og_locale":"sv_SE","og_type":"article","og_title":"Borsth\u00e5llare f\u00f6r kolborstar | H\u00f6g kvalitet & snabb leverans","og_description":"Beh\u00f6ver du en borsth\u00e5llare? Vi erbjuder h\u00f6gkvalitativa borsth\u00e5llare med kort leveranstid och konkurrenskraftiga priser. Kontakta oss idag!","og_url":"https:\/\/www.elektrokul.dk\/sv\/kulholdere\/","og_site_name":"Elektrokul A\/S","article_modified_time":"2025-03-26T07:38:05+00:00","og_image":[{"width":1920,"height":1535,"url":"https:\/\/www.elektrokul.dk\/wp-content\/uploads\/2024\/05\/mack0673.jpg","type":"image\/jpeg"}],"twitter_card":"summary_large_image","twitter_misc":{"Ber\u00e4knad l\u00e4stid":"4 minuter"},"schema":{"@context":"https:\/\/schema.org","@graph":[{"@type":"WebPage","@id":"https:\/\/www.elektrokul.dk\/sv\/kulholdere\/","url":"https:\/\/www.elektrokul.dk\/sv\/kulholdere\/","name":"Borsth\u00e5llare f\u00f6r kolborstar | H\u00f6g kvalitet & snabb leverans","isPartOf":{"@id":"https:\/\/www.elektrokul.dk\/#website"},"primaryImageOfPage":{"@id":"https:\/\/www.elektrokul.dk\/sv\/kulholdere\/#primaryimage"},"image":{"@id":"https:\/\/www.elektrokul.dk\/sv\/kulholdere\/#primaryimage"},"thumbnailUrl":"https:\/\/www.elektrokul.dk\/wp-content\/uploads\/2024\/05\/mack0673.jpg","datePublished":"2022-05-24T06:44:27+00:00","dateModified":"2025-03-26T07:38:05+00:00","description":"Beh\u00f6ver du en borsth\u00e5llare? Vi erbjuder h\u00f6gkvalitativa borsth\u00e5llare med kort leveranstid och konkurrenskraftiga priser. Kontakta oss idag!","breadcrumb":{"@id":"https:\/\/www.elektrokul.dk\/sv\/kulholdere\/#breadcrumb"},"inLanguage":"sv-SE","potentialAction":[{"@type":"ReadAction","target":["https:\/\/www.elektrokul.dk\/sv\/kulholdere\/"]}]},{"@type":"ImageObject","inLanguage":"sv-SE","@id":"https:\/\/www.elektrokul.dk\/sv\/kulholdere\/#primaryimage","url":"https:\/\/www.elektrokul.dk\/wp-content\/uploads\/2024\/05\/mack0673.jpg","contentUrl":"https:\/\/www.elektrokul.dk\/wp-content\/uploads\/2024\/05\/mack0673.jpg","width":1920,"height":1535,"caption":"Mack0673"},{"@type":"BreadcrumbList","@id":"https:\/\/www.elektrokul.dk\/sv\/kulholdere\/#breadcrumb","itemListElement":[{"@type":"ListItem","position":1,"name":"Hjem","item":"https:\/\/www.elektrokul.dk\/sv\/forside\/"},{"@type":"ListItem","position":2,"name":"Borsth\u00e5llare"}]},{"@type":"WebSite","@id":"https:\/\/www.elektrokul.dk\/#website","url":"https:\/\/www.elektrokul.dk\/","name":"Elektrokul A\/S","description":"Mekanisk grafit og andre kulvarer fra egen fabrik","publisher":{"@id":"https:\/\/www.elektrokul.dk\/#organization"},"potentialAction":[{"@type":"SearchAction","target":{"@type":"EntryPoint","urlTemplate":"https:\/\/www.elektrokul.dk\/?s={search_term_string}"},"query-input":{"@type":"PropertyValueSpecification","valueRequired":true,"valueName":"search_term_string"}}],"inLanguage":"sv-SE"},{"@type":"Organization","@id":"https:\/\/www.elektrokul.dk\/#organization","name":"Elektrokul A\/S","url":"https:\/\/www.elektrokul.dk\/","logo":{"@type":"ImageObject","inLanguage":"sv-SE","@id":"https:\/\/www.elektrokul.dk\/#\/schema\/logo\/image\/","url":"https:\/\/www.elektrokul.dk\/wp-content\/uploads\/2022\/05\/logo-3.png","contentUrl":"https:\/\/www.elektrokul.dk\/wp-content\/uploads\/2022\/05\/logo-3.png","width":535,"height":100,"caption":"Elektrokul A\/S"},"image":{"@id":"https:\/\/www.elektrokul.dk\/#\/schema\/logo\/image\/"}}]}},"_links":{"self":[{"href":"https:\/\/www.elektrokul.dk\/sv\/wp-json\/wp\/v2\/pages\/4624","targetHints":{"allow":["GET"]}}],"collection":[{"href":"https:\/\/www.elektrokul.dk\/sv\/wp-json\/wp\/v2\/pages"}],"about":[{"href":"https:\/\/www.elektrokul.dk\/sv\/wp-json\/wp\/v2\/types\/page"}],"author":[{"embeddable":true,"href":"https:\/\/www.elektrokul.dk\/sv\/wp-json\/wp\/v2\/users\/1"}],"replies":[{"embeddable":true,"href":"https:\/\/www.elektrokul.dk\/sv\/wp-json\/wp\/v2\/comments?post=4624"}],"version-history":[{"count":6,"href":"https:\/\/www.elektrokul.dk\/sv\/wp-json\/wp\/v2\/pages\/4624\/revisions"}],"predecessor-version":[{"id":900065,"href":"https:\/\/www.elektrokul.dk\/sv\/wp-json\/wp\/v2\/pages\/4624\/revisions\/900065"}],"wp:featuredmedia":[{"embeddable":true,"href":"https:\/\/www.elektrokul.dk\/sv\/wp-json\/wp\/v2\/media\/4835"}],"wp:attachment":[{"href":"https:\/\/www.elektrokul.dk\/sv\/wp-json\/wp\/v2\/media?parent=4624"}],"wp:term":[{"taxonomy":"category","embeddable":true,"href":"https:\/\/www.elektrokul.dk\/sv\/wp-json\/wp\/v2\/categories?post=4624"}],"curies":[{"name":"wp","href":"https:\/\/api.w.org\/{rel}","templated":true}]}}