{"id":900743,"date":"2022-05-24T08:26:34","date_gmt":"2022-05-24T06:26:34","guid":{"rendered":"https:\/\/www.elektrokul.dk\/gnistbearbeiding\/"},"modified":"2025-12-25T14:45:52","modified_gmt":"2025-12-25T13:45:52","slug":"gnistbearbeiding","status":"publish","type":"page","link":"https:\/\/www.elektrokul.dk\/no\/gnistbearbeiding\/","title":{"rendered":"Gnistbearbeiding"},"content":{"rendered":"<section class=\"wpb-content-wrapper\"><p>[vc_row full_width=&raquo;stretch_row&raquo;][vc_column]<div class=\"ult-spacer spacer-69f3318d84434\" data-id=\"69f3318d84434\" data-height=\"90\" data-height-mobile=\"60\" data-height-tab=\"90\" data-height-tab-portrait=\"60\" data-height-mobile-landscape=\"60\" style=\"clear:both;display:block;\"><\/div>[vc_row_inner][vc_column_inner offset=&raquo;vc_col-lg-8 vc_col-md-8 vc_col-xs-12&#8243;][vc_column_text]<\/p>\n<h3>Vi hjelper deg med alt<\/h3>\n<p>Vi har h\u00f8y kompetanse som gj\u00f8r oss i stand til \u00e5 levere alle typer produkter for gnistbearbeiding. Uansett hva du trenger, kan vi jobben ut og inn. <\/p>\n<p><strong>Her kan du se en oversikt over gnistbearbeidingsproduktene vi leverer:<\/strong><\/p>\n<ul>\n<li>Grafitt<\/li>\n<li>Metallelektroder<\/li>\n<li>Filter<\/li>\n<li>EDM-tr\u00e5d<\/li>\n<li>Reservedeler til EDM-maskiner<\/li>\n<li>Kjemiske produkter<\/li>\n<\/ul>\n<p>Vi forst\u00e5r de elektriske ladningene som brukes ved gnistbearbeiding, og vi r\u00e5df\u00f8rer oss alltid med deg i arbeidet med \u00e5 levere de beste produktene.[\/vc_column_text][vc_empty_space height=&raquo;30px&raquo;][vc_toggle title=&raquo;Last ned PDF-filer her&raquo;]Grafitt &#8211; <a href=\"\/wp-content\/uploads\/2022\/05\/66-edm-graphite-elektrokul.pdf\" target=\"_blank\" rel=\"noopener\">Get Pft<\/a><\/p>\n<p>Metallelektroder &#8211; <a href=\"\/wp-content\/uploads\/2022\/05\/69-metal-electrodes-elektrokul.pdf\" target=\"_blank\" rel=\"noopener\">Last ned PDF<\/a><\/p>\n<p>Edm-tr\u00e5den &#8211; <a href=\"\/wp-content\/uploads\/2022\/05\/404-2851thermo-catalogue-en.pdf\" target=\"_blank\" rel=\"noopener\">Last ned PDF<\/a><\/p>\n<p>Filter &#8211; <a href=\"\/wp-content\/uploads\/2022\/05\/405-iq-premiumfilter-elektrokul.pdf\" target=\"_blank\" rel=\"noopener\">Last ned PDF<\/a><\/p>\n<p>Kjemikalier &#8211; <a href=\"\/wp-content\/uploads\/2022\/05\/67-edm-kemikalier-elektrokul.pdf\" target=\"_blank\" rel=\"noopener\">Last ned PDF<\/a><\/p>\n<p>Reservedeler til EDM-maskiner<\/p>\n<p>Sodick &#8211; <a href=\"https:\/\/www.elektrokul.dk\/wp-content\/uploads\/2022\/10\/sodick.pdf\" target=\"_blank\" rel=\"noopener\">Last ned PDF<\/a><\/p>\n<p>Seibu &#8211; <a href=\"https:\/\/www.elektrokul.dk\/wp-content\/uploads\/2022\/10\/seibu.pdf\" target=\"_blank\" rel=\"noopener\">Last ned PDF<\/a><\/p>\n<p>Ona &#8211; <a href=\"https:\/\/www.elektrokul.dk\/wp-content\/uploads\/2022\/10\/ona.pdf\" target=\"_blank\" rel=\"noopener\">Last ned PDF<\/a><\/p>\n<p>Mitsubishi &#8211; <a href=\"https:\/\/www.elektrokul.dk\/wp-content\/uploads\/2022\/10\/mitsubishi.pdf\" target=\"_blank\" rel=\"noopener\">Last ned PDF<\/a><\/p>\n<p>Makino &#8211; <a href=\"https:\/\/www.elektrokul.dk\/wp-content\/uploads\/2022\/10\/makino.pdf\" target=\"_blank\" rel=\"noopener\">Last ned PDF<\/a><\/p>\n<p>Makino 2 &#8211; <a href=\"https:\/\/www.elektrokul.dk\/wp-content\/uploads\/2022\/10\/makino-1.pdf\" target=\"_blank\" rel=\"noopener\">Last ned PDF<\/a><\/p>\n<p>Fanuc &#8211; <a href=\"https:\/\/www.elektrokul.dk\/wp-content\/uploads\/2022\/10\/fanuc.pdf\" target=\"_blank\" rel=\"noopener\">Last ned PDF<\/a><\/p>\n<p>Fanuc 2 &#8211; <a href=\"https:\/\/www.elektrokul.dk\/wp-content\/uploads\/2022\/10\/fanuc-1.pdf\" target=\"_blank\" rel=\"noopener\">Last ned PDF<\/a><\/p>\n<p>Japax &#8211; <a href=\"https:\/\/www.elektrokul.dk\/wp-content\/uploads\/2022\/10\/japax.pdf\" target=\"_blank\" rel=\"noopener\">Last ned PDF<\/a><\/p>\n<p>Japax 2 &#8211; <a href=\"https:\/\/www.elektrokul.dk\/wp-content\/uploads\/2022\/10\/japax-1.pdf\" target=\"_blank\" rel=\"noopener\">Last ned PDF<\/a><\/p>\n<p>Hitachi &#8211; <a href=\"https:\/\/www.elektrokul.dk\/wp-content\/uploads\/2022\/10\/hitachi.pdf\" target=\"_blank\" rel=\"noopener\">Last ned PDF<\/a><\/p>\n<p>Hitachi 2 &#8211; <a href=\"https:\/\/www.elektrokul.dk\/wp-content\/uploads\/2022\/10\/hitachi-1.pdf\" target=\"_blank\" rel=\"noopener\">Last ned PDF<\/a><\/p>\n<p>Brother &#8211; <a href=\"https:\/\/www.elektrokul.dk\/wp-content\/uploads\/2022\/10\/brother.pdf\" target=\"_blank\" rel=\"noopener\">Last ned PDF<\/a><\/p>\n<p>Agie &#8211; <a href=\"https:\/\/www.elektrokul.dk\/wp-content\/uploads\/2022\/10\/agie.pdf\" target=\"_blank\" rel=\"noopener\">Last ned PDF<\/a>[\/vc_toggle][vc_empty_space height=&raquo;30px&raquo;]<div class=\"uavc-external-video\" style=\"position:relative;width:100%;aspect-ratio:16\/9;\">\r\n\t\t\t\t<iframe src=\"https:\/\/corpvideoservice.azurewebsites.net\/player\/stream.php?vimeo-id=713655060&#038;autoplay=false&#038;mute=false\"\r\n\t\t\t\t\tstyle=\"position:absolute;inset:0;width:100%;height:100%;border:0;\"\r\n\t\t\t\t\tloading=\"lazy\"\r\n\t\t\t\t\tallow=\"autoplay; fullscreen; picture-in-picture\"\r\n\t\t\t\t\tallowfullscreen><\/iframe>\r\n\t\t\t<\/div><div class=\"ult-spacer spacer-69f3318d84507\" data-id=\"69f3318d84507\" data-height=\"0\" data-height-mobile=\"30\" data-height-tab=\"0\" data-height-tab-portrait=\"30\" data-height-mobile-landscape=\"30\" style=\"clear:both;display:block;\"><\/div>[\/vc_column_inner][vc_column_inner offset=&raquo;vc_col-lg-4 vc_col-md-4 vc_col-xs-12&#8243;][vc_widget_sidebar sidebar_id=&raquo;sidebar-1&#8243; el_class=&raquo;contact-sidebar&raquo;][\/vc_column_inner][\/vc_row_inner]<div class=\"ult-spacer spacer-69f3318d84533\" data-id=\"69f3318d84533\" data-height=\"90\" data-height-mobile=\"60\" data-height-tab=\"90\" data-height-tab-portrait=\"60\" data-height-mobile-landscape=\"60\" style=\"clear:both;display:block;\"><\/div>[\/vc_column][\/vc_row][vc_row full_width=&raquo;stretch_row_content_no_spaces&raquo; equal_height=&raquo;yes&raquo; css=&raquo;.vc_custom_1653381489748{background-color: #f7f7f7 !important;}&raquo;][vc_column el_class=&raquo;stretch&raquo;][vc_column_text]<\/p>\n<h3 style=\"text-align: center;\">F\u00e5 gnistbearbeidingsprodukter i dag<\/h3>\n<p style=\"text-align: center;\">Om du bor p\u00e5 Jylland, Fyn, Sj\u00e6lland eller et annet sted i landet, spiller ingen rolle for oss.<br \/>\nVi hjelper alle som har behov for det, og vi gir ogs\u00e5 gjerne et uforpliktende tilbud.<\/p>\n<p style=\"text-align: center;\">Du kan kontakte oss p\u00e5 telefon <a href=\"tel:70207826\">+45 70 20 78 26<\/a> eller via e-post: <a href=\"mailto:info@elektrokul.dk\">info@elektrokul.dk.<\/a><br \/>\nDu kan ogs\u00e5 fylle ut kontaktskjemaet.<\/p>\n<p>[\/vc_column_text][vc_empty_space height=&raquo;30px&raquo;][vc_btn title=&raquo;Kontakt oss her&raquo; style=&raquo;custom&raquo; custom_background=&raquo;#bf7d6b&raquo; custom_text=&raquo;#ffffff&raquo; shape=&raquo;square&raquo; size=&raquo;lg&raquo; align=&raquo;center&raquo; css_animation=&raquo;fadeInUp&raquo; link=&raquo;url:https%3A%2F%2Fwww.elektrokul.dk%2Fkontakt%2F|title:Kontakt|&raquo;][\/vc_column][\/vc_row]<\/p>\n<\/section>","protected":false},"excerpt":{"rendered":"<p>[vc_row full_width=&raquo;stretch_row&raquo;][vc_column][vc_row_inner][vc_column_inner offset=&raquo;vc_col-lg-8 vc_col-md-8 vc_col-xs-12&#8243;][vc_column_text] Vi hjelper deg med alt Vi har h\u00f8y kompetanse som gj\u00f8r oss i stand til \u00e5 levere alle typer produkter for gnistbearbeiding. Uansett hva du trenger, kan vi jobben ut og inn. Her kan du se en oversikt over gnistbearbeidingsproduktene vi leverer: Grafitt Metallelektroder Filter EDM-tr\u00e5d Reservedeler til EDM-maskiner Kjemiske &#8230; <a title=\"Gnistbearbeiding\" class=\"read-more\" href=\"https:\/\/www.elektrokul.dk\/no\/gnistbearbeiding\/\" aria-label=\"Mer p\u00e5 Gnistbearbeiding\">Les mer<\/a><\/p>\n","protected":false},"author":1,"featured_media":900076,"parent":0,"menu_order":0,"comment_status":"closed","ping_status":"closed","template":"","meta":{"_acf_changed":false,"footnotes":""},"categories":[13371346],"class_list":{"0":"post-900743","1":"page","2":"type-page","3":"status-publish","4":"has-post-thumbnail","6":"category-vaare-produkter"},"acf":[],"yoast_head":"<!-- This site is optimized with the Yoast SEO plugin v26.6 - https:\/\/yoast.com\/wordpress\/plugins\/seo\/ -->\n<title>Gnistbearbeiding &#183; Elektrokul A\/S<\/title>\n<meta name=\"robots\" content=\"index, follow, max-snippet:-1, max-image-preview:large, max-video-preview:-1\" \/>\n<link rel=\"canonical\" href=\"https:\/\/www.elektrokul.dk\/no\/gnistbearbeiding\/\" \/>\n<meta property=\"og:locale\" content=\"nb_NO\" \/>\n<meta property=\"og:type\" content=\"article\" \/>\n<meta property=\"og:title\" content=\"Gnistbearbeiding &#183; Elektrokul A\/S\" \/>\n<meta property=\"og:description\" content=\"[vc_row full_width=&raquo;stretch_row&raquo;][vc_column][vc_row_inner][vc_column_inner offset=&raquo;vc_col-lg-8 vc_col-md-8 vc_col-xs-12&#8243;][vc_column_text] Vi hjelper deg med alt Vi har h\u00f8y kompetanse som gj\u00f8r oss i stand til \u00e5 levere alle typer produkter for gnistbearbeiding. Uansett hva du trenger, kan vi jobben ut og inn. Her kan du se en oversikt over gnistbearbeidingsproduktene vi leverer: Grafitt Metallelektroder Filter EDM-tr\u00e5d Reservedeler til EDM-maskiner Kjemiske ... Les mer\" \/>\n<meta property=\"og:url\" content=\"https:\/\/www.elektrokul.dk\/no\/gnistbearbeiding\/\" \/>\n<meta property=\"og:site_name\" content=\"Elektrokul A\/S\" \/>\n<meta property=\"article:modified_time\" content=\"2025-12-25T13:45:52+00:00\" \/>\n<meta property=\"og:image\" content=\"https:\/\/www.elektrokul.dk\/wp-content\/uploads\/2024\/05\/dscf0034.jpg\" \/>\n\t<meta property=\"og:image:width\" content=\"1280\" \/>\n\t<meta property=\"og:image:height\" content=\"848\" \/>\n\t<meta property=\"og:image:type\" content=\"image\/jpeg\" \/>\n<meta name=\"twitter:card\" content=\"summary_large_image\" \/>\n<meta name=\"twitter:label1\" content=\"Ansl. lesetid\" \/>\n\t<meta name=\"twitter:data1\" content=\"2 minutter\" \/>\n<script type=\"application\/ld+json\" class=\"yoast-schema-graph\">{\"@context\":\"https:\/\/schema.org\",\"@graph\":[{\"@type\":\"WebPage\",\"@id\":\"https:\/\/www.elektrokul.dk\/no\/gnistbearbeiding\/\",\"url\":\"https:\/\/www.elektrokul.dk\/no\/gnistbearbeiding\/\",\"name\":\"Gnistbearbeiding &#183; Elektrokul A\/S\",\"isPartOf\":{\"@id\":\"https:\/\/www.elektrokul.dk\/#website\"},\"primaryImageOfPage\":{\"@id\":\"https:\/\/www.elektrokul.dk\/no\/gnistbearbeiding\/#primaryimage\"},\"image\":{\"@id\":\"https:\/\/www.elektrokul.dk\/no\/gnistbearbeiding\/#primaryimage\"},\"thumbnailUrl\":\"https:\/\/www.elektrokul.dk\/wp-content\/uploads\/2024\/05\/dscf0034.jpg\",\"datePublished\":\"2022-05-24T06:26:34+00:00\",\"dateModified\":\"2025-12-25T13:45:52+00:00\",\"breadcrumb\":{\"@id\":\"https:\/\/www.elektrokul.dk\/no\/gnistbearbeiding\/#breadcrumb\"},\"inLanguage\":\"nb-NO\",\"potentialAction\":[{\"@type\":\"ReadAction\",\"target\":[\"https:\/\/www.elektrokul.dk\/no\/gnistbearbeiding\/\"]}]},{\"@type\":\"ImageObject\",\"inLanguage\":\"nb-NO\",\"@id\":\"https:\/\/www.elektrokul.dk\/no\/gnistbearbeiding\/#primaryimage\",\"url\":\"https:\/\/www.elektrokul.dk\/wp-content\/uploads\/2024\/05\/dscf0034.jpg\",\"contentUrl\":\"https:\/\/www.elektrokul.dk\/wp-content\/uploads\/2024\/05\/dscf0034.jpg\",\"width\":1280,\"height\":848,\"caption\":\"Gnistbearbejdning\"},{\"@type\":\"BreadcrumbList\",\"@id\":\"https:\/\/www.elektrokul.dk\/no\/gnistbearbeiding\/#breadcrumb\",\"itemListElement\":[{\"@type\":\"ListItem\",\"position\":1,\"name\":\"Hjem\",\"item\":\"https:\/\/www.elektrokul.dk\/no\/startside\/\"},{\"@type\":\"ListItem\",\"position\":2,\"name\":\"Gnistbearbeiding\"}]},{\"@type\":\"WebSite\",\"@id\":\"https:\/\/www.elektrokul.dk\/#website\",\"url\":\"https:\/\/www.elektrokul.dk\/\",\"name\":\"Elektrokul A\/S\",\"description\":\"Mekanisk grafit og andre kulvarer fra egen fabrik\",\"publisher\":{\"@id\":\"https:\/\/www.elektrokul.dk\/#organization\"},\"potentialAction\":[{\"@type\":\"SearchAction\",\"target\":{\"@type\":\"EntryPoint\",\"urlTemplate\":\"https:\/\/www.elektrokul.dk\/?s={search_term_string}\"},\"query-input\":{\"@type\":\"PropertyValueSpecification\",\"valueRequired\":true,\"valueName\":\"search_term_string\"}}],\"inLanguage\":\"nb-NO\"},{\"@type\":\"Organization\",\"@id\":\"https:\/\/www.elektrokul.dk\/#organization\",\"name\":\"Elektrokul A\/S\",\"url\":\"https:\/\/www.elektrokul.dk\/\",\"logo\":{\"@type\":\"ImageObject\",\"inLanguage\":\"nb-NO\",\"@id\":\"https:\/\/www.elektrokul.dk\/#\/schema\/logo\/image\/\",\"url\":\"https:\/\/www.elektrokul.dk\/wp-content\/uploads\/2022\/05\/logo-3.png\",\"contentUrl\":\"https:\/\/www.elektrokul.dk\/wp-content\/uploads\/2022\/05\/logo-3.png\",\"width\":535,\"height\":100,\"caption\":\"Elektrokul A\/S\"},\"image\":{\"@id\":\"https:\/\/www.elektrokul.dk\/#\/schema\/logo\/image\/\"}}]}<\/script>\n<!-- \/ Yoast SEO plugin. -->","yoast_head_json":{"title":"Gnistbearbeiding &#183; Elektrokul A\/S","robots":{"index":"index","follow":"follow","max-snippet":"max-snippet:-1","max-image-preview":"max-image-preview:large","max-video-preview":"max-video-preview:-1"},"canonical":"https:\/\/www.elektrokul.dk\/no\/gnistbearbeiding\/","og_locale":"nb_NO","og_type":"article","og_title":"Gnistbearbeiding &#183; Elektrokul A\/S","og_description":"[vc_row full_width=&raquo;stretch_row&raquo;][vc_column][vc_row_inner][vc_column_inner offset=&raquo;vc_col-lg-8 vc_col-md-8 vc_col-xs-12&#8243;][vc_column_text] Vi hjelper deg med alt Vi har h\u00f8y kompetanse som gj\u00f8r oss i stand til \u00e5 levere alle typer produkter for gnistbearbeiding. Uansett hva du trenger, kan vi jobben ut og inn. Her kan du se en oversikt over gnistbearbeidingsproduktene vi leverer: Grafitt Metallelektroder Filter EDM-tr\u00e5d Reservedeler til EDM-maskiner Kjemiske ... Les mer","og_url":"https:\/\/www.elektrokul.dk\/no\/gnistbearbeiding\/","og_site_name":"Elektrokul A\/S","article_modified_time":"2025-12-25T13:45:52+00:00","og_image":[{"width":1280,"height":848,"url":"https:\/\/www.elektrokul.dk\/wp-content\/uploads\/2024\/05\/dscf0034.jpg","type":"image\/jpeg"}],"twitter_card":"summary_large_image","twitter_misc":{"Ansl. lesetid":"2 minutter"},"schema":{"@context":"https:\/\/schema.org","@graph":[{"@type":"WebPage","@id":"https:\/\/www.elektrokul.dk\/no\/gnistbearbeiding\/","url":"https:\/\/www.elektrokul.dk\/no\/gnistbearbeiding\/","name":"Gnistbearbeiding &#183; Elektrokul A\/S","isPartOf":{"@id":"https:\/\/www.elektrokul.dk\/#website"},"primaryImageOfPage":{"@id":"https:\/\/www.elektrokul.dk\/no\/gnistbearbeiding\/#primaryimage"},"image":{"@id":"https:\/\/www.elektrokul.dk\/no\/gnistbearbeiding\/#primaryimage"},"thumbnailUrl":"https:\/\/www.elektrokul.dk\/wp-content\/uploads\/2024\/05\/dscf0034.jpg","datePublished":"2022-05-24T06:26:34+00:00","dateModified":"2025-12-25T13:45:52+00:00","breadcrumb":{"@id":"https:\/\/www.elektrokul.dk\/no\/gnistbearbeiding\/#breadcrumb"},"inLanguage":"nb-NO","potentialAction":[{"@type":"ReadAction","target":["https:\/\/www.elektrokul.dk\/no\/gnistbearbeiding\/"]}]},{"@type":"ImageObject","inLanguage":"nb-NO","@id":"https:\/\/www.elektrokul.dk\/no\/gnistbearbeiding\/#primaryimage","url":"https:\/\/www.elektrokul.dk\/wp-content\/uploads\/2024\/05\/dscf0034.jpg","contentUrl":"https:\/\/www.elektrokul.dk\/wp-content\/uploads\/2024\/05\/dscf0034.jpg","width":1280,"height":848,"caption":"Gnistbearbejdning"},{"@type":"BreadcrumbList","@id":"https:\/\/www.elektrokul.dk\/no\/gnistbearbeiding\/#breadcrumb","itemListElement":[{"@type":"ListItem","position":1,"name":"Hjem","item":"https:\/\/www.elektrokul.dk\/no\/startside\/"},{"@type":"ListItem","position":2,"name":"Gnistbearbeiding"}]},{"@type":"WebSite","@id":"https:\/\/www.elektrokul.dk\/#website","url":"https:\/\/www.elektrokul.dk\/","name":"Elektrokul A\/S","description":"Mekanisk grafit og andre kulvarer fra egen fabrik","publisher":{"@id":"https:\/\/www.elektrokul.dk\/#organization"},"potentialAction":[{"@type":"SearchAction","target":{"@type":"EntryPoint","urlTemplate":"https:\/\/www.elektrokul.dk\/?s={search_term_string}"},"query-input":{"@type":"PropertyValueSpecification","valueRequired":true,"valueName":"search_term_string"}}],"inLanguage":"nb-NO"},{"@type":"Organization","@id":"https:\/\/www.elektrokul.dk\/#organization","name":"Elektrokul A\/S","url":"https:\/\/www.elektrokul.dk\/","logo":{"@type":"ImageObject","inLanguage":"nb-NO","@id":"https:\/\/www.elektrokul.dk\/#\/schema\/logo\/image\/","url":"https:\/\/www.elektrokul.dk\/wp-content\/uploads\/2022\/05\/logo-3.png","contentUrl":"https:\/\/www.elektrokul.dk\/wp-content\/uploads\/2022\/05\/logo-3.png","width":535,"height":100,"caption":"Elektrokul A\/S"},"image":{"@id":"https:\/\/www.elektrokul.dk\/#\/schema\/logo\/image\/"}}]}},"_links":{"self":[{"href":"https:\/\/www.elektrokul.dk\/no\/wp-json\/wp\/v2\/pages\/900743","targetHints":{"allow":["GET"]}}],"collection":[{"href":"https:\/\/www.elektrokul.dk\/no\/wp-json\/wp\/v2\/pages"}],"about":[{"href":"https:\/\/www.elektrokul.dk\/no\/wp-json\/wp\/v2\/types\/page"}],"author":[{"embeddable":true,"href":"https:\/\/www.elektrokul.dk\/no\/wp-json\/wp\/v2\/users\/1"}],"replies":[{"embeddable":true,"href":"https:\/\/www.elektrokul.dk\/no\/wp-json\/wp\/v2\/comments?post=900743"}],"version-history":[{"count":4,"href":"https:\/\/www.elektrokul.dk\/no\/wp-json\/wp\/v2\/pages\/900743\/revisions"}],"predecessor-version":[{"id":900875,"href":"https:\/\/www.elektrokul.dk\/no\/wp-json\/wp\/v2\/pages\/900743\/revisions\/900875"}],"wp:featuredmedia":[{"embeddable":true,"href":"https:\/\/www.elektrokul.dk\/no\/wp-json\/wp\/v2\/media\/900076"}],"wp:attachment":[{"href":"https:\/\/www.elektrokul.dk\/no\/wp-json\/wp\/v2\/media?parent=900743"}],"wp:term":[{"taxonomy":"category","embeddable":true,"href":"https:\/\/www.elektrokul.dk\/no\/wp-json\/wp\/v2\/categories?post=900743"}],"curies":[{"name":"wp","href":"https:\/\/api.w.org\/{rel}","templated":true}]}}