{"id":900240,"date":"2022-05-24T08:44:27","date_gmt":"2022-05-24T06:44:27","guid":{"rendered":"https:\/\/www.elektrokul.dk\/karbonholdere\/"},"modified":"2025-12-17T09:27:09","modified_gmt":"2025-12-17T08:27:09","slug":"karbonholdere","status":"publish","type":"page","link":"https:\/\/www.elektrokul.dk\/no\/karbonholdere\/","title":{"rendered":"Karbonholdere"},"content":{"rendered":"<section class=\"wpb-content-wrapper\"><p>[vc_row full_width=&raquo;stretch_row&raquo;][vc_column]<div class=\"ult-spacer spacer-69d24e9b61fe8\" data-id=\"69d24e9b61fe8\" data-height=\"90\" data-height-mobile=\"60\" data-height-tab=\"90\" data-height-tab-portrait=\"60\" data-height-mobile-landscape=\"60\" style=\"clear:both;display:block;\"><\/div>[vc_row_inner][vc_column_inner offset=&raquo;vc_col-lg-8 vc_col-md-8 vc_col-xs-12&#8243;][vc_column_text]<\/p>\n<h2>Vi tilbyr karbonholdere i forskjellige utf\u00f8relser<\/h2>\n<p>Trenger du en kullholder for kullb\u00f8rster? Da har du kommet til rett sted. Hos <a href=\"\/\">Elektrokul A\/S<\/a> har vi et stort utvalg av kullholdere, og vi st\u00e5r alltid klar til \u00e5 hjelpe deg. Vi selger til bedrifter i hele Danmark, og vi garanterer alltid kort leveringstid. S\u00e5 n\u00f8l aldri med \u00e5 kontakte oss hvis du trenger profesjonell hjelp.    <\/p>\n<p>Kullholderne i sortimentet v\u00e5rt har standardm\u00e5l, men det er likevel mulig \u00e5 lage ulike former som passer n\u00f8yaktig. Vi kan med andre ord dekke et bredt spekter av behov og lage akkurat den kullholderen du trenger. <\/p>\n<p>Uansett hvilken oppgave du trenger oss til, kan du v\u00e6re trygg p\u00e5 at vi alltid leverer kullr\u00e5varer av h\u00f8y kvalitet til konkurransedyktige priser. Du kan derfor stole p\u00e5 at vi er din fremtidige forretningspartner. <\/p>\n<h3>Kullb\u00f8rstene glir lett inn i riktig kullholder<\/h3>\n<p>En kullholder er en boks eller et r\u00f8r som gj\u00f8r at kullb\u00f8rstene kan gli lett med et visst fj\u00e6rtrykk mot kontaktflaten til enten en kommutator eller en glidering i en maskinkonstruksjon. Kompresjonsfj\u00e6ren i kullholderen er ofte en del av dette. Kullholdere er vanligvis laget av messing.  <\/p>\n<p>Vi kan hjelpe deg med s\u00e5 godt som alle typer karbonholdere. Det spiller ingen rolle om det er en gammel kullholder som skal byttes ut med en ny, eller om det dreier seg om et maskinkonstruksjonsprosjekt. Vi har mange \u00e5rs erfaring og kan derfor tilby kvalifiserte og kompetente r\u00e5d om valg av riktig type.  <\/p>\n<h3>Garanterer h\u00f8y kvalitet til lave priser<\/h3>\n<p>Vi er en profesjonell og kompetent partner som alltid setter kundens behov f\u00f8rst. N\u00e5r du samarbeider med oss, er du med andre ord garantert god service hele veien. Vi er klare til \u00e5 l\u00f8se b\u00e5de enkle og komplekse oppgaver etter dine \u00f8nsker.  <\/p>\n<p>N\u00e5r du bestiller en kullholder fra oss, kan du forvente \u00e5 motta et produkt av h\u00f8y kvalitet. Selv om kvaliteten alltid er h\u00f8y, s\u00f8rger vi alltid for \u00e5 holde prisene s\u00e5 lave som mulig. Hvis du \u00f8nsker \u00e5 f\u00e5 mest mulig for pengene, b\u00f8r du derfor handle hos oss.  <\/p>\n<h4>Vi leverer karbonholdere for mange forskjellige driftsforhold<\/h4>\n<p>Vi har jobbet i bransjen i mange \u00e5r og har lang erfaring p\u00e5 omr\u00e5det. Det gj\u00f8r at vi kan tilby en kullholder for mange forskjellige driftsforhold. S\u00e5 uansett hvilken type virksomhet du driver, kan vi tilby en passende kullholder.  <\/p>\n<p>Det er med andre ord sjelden en jobb vi ikke kan h\u00e5ndtere, s\u00e5 n\u00f8l aldri med \u00e5 kontakte oss for \u00e5 f\u00e5 profesjonell hjelp.<\/p>\n<p>Hos oss f\u00e5r du h\u00f8y kvalitet, kompetent r\u00e5dgivning og god kundeservice til attraktive priser. Vi jobber alltid raskt og effektivt, slik at du kan f\u00e5 din nye kullholder s\u00e5 snart som mulig. I tillegg er vi en p\u00e5litelig partner som forplikter seg til \u00e5 levere det avtalte produktet til avtalt tid og pris.[\/vc_column_text][vc_empty_space height=&raquo;20px&raquo;][vc_btn title=&raquo;Last ned katalogen&raquo; style=&raquo;custom&raquo; custom_background=&raquo;#bf7d6b&raquo; custom_text=&raquo;#ffffff&raquo; shape=&raquo;square&raquo; align=&raquo;left&raquo; css_animation=&raquo;fadeIn&raquo; link=&raquo;url:%2Fwp-content%2Fuploads%2F2022%2F05%2F268-web-kulholder-katalog-3.pdf|target:_blank|&raquo;][vc_empty_space height=&raquo;30px&raquo;][vc_media_grid style=&raquo;pagination&raquo; items_per_page=&raquo;4&#8243; element_width=&raquo;3&#8243; gap=&raquo;20&#8243; paging_color=&raquo;black&raquo; loop=&raquo;yes&raquo; grid_id=&raquo;vc_gid:1706814749846-2be7d8d0-fe85-10&#8243; include=&raquo;3625,3626,3627,3628,3629,3630,3631,3632&#8243;]<div class=\"ult-spacer spacer-69d24e9b62035\" data-id=\"69d24e9b62035\" data-height=\"0\" data-height-mobile=\"30\" data-height-tab=\"0\" data-height-tab-portrait=\"30\" data-height-mobile-landscape=\"30\" style=\"clear:both;display:block;\"><\/div>[\/vc_column_inner][vc_column_inner offset=&raquo;vc_col-lg-4 vc_col-md-4 vc_col-xs-12&#8243;][vc_widget_sidebar sidebar_id=&raquo;sidebar-1&#8243; el_class=&raquo;contact-sidebar&raquo;][\/vc_column_inner][\/vc_row_inner]<div class=\"ult-spacer spacer-69d24e9b62060\" data-id=\"69d24e9b62060\" data-height=\"90\" data-height-mobile=\"60\" data-height-tab=\"90\" data-height-tab-portrait=\"60\" data-height-mobile-landscape=\"60\" style=\"clear:both;display:block;\"><\/div>[\/vc_column][\/vc_row][vc_row full_width=&raquo;stretch_row_content_no_spaces&raquo; equal_height=&raquo;yes&raquo; css=&raquo;.vc_custom_1653381489748{background-color: #f7f7f7 !important;}&raquo;][vc_column el_class=&raquo;stretch&raquo;][vc_column_text]<\/p>\n<h3 style=\"text-align: center;\">F\u00e5 et uforpliktende tilbud p\u00e5 en karbonholder<\/h3>\n<p style=\"text-align: center;\">\u00d8nsker du \u00e5 f\u00e5 et uforpliktende tilbud p\u00e5 en karbonholder? Du er alltid velkommen til \u00e5 ringe eller skrive til oss p\u00e5<br \/>\n. Vi tar gjerne en prat med deg om dine \u00f8nsker og behov, s\u00e5 setter vi sammen et godt tilbud. <\/p>\n<p style=\"text-align: center;\">Du kan ringe oss p\u00e5 <a href=\"tel:70207826\">+45 70 20 78 26<\/a> hvis du vil vite mer eller legge inn en bestilling.<br \/>\nDu er ogs\u00e5 velkommen til \u00e5 skrive til v\u00e5r e-post <a href=\"mailto:info@elektrokul.dk\">info@elektrokul.dk<\/a>, s\u00e5 kommer vi tilbake til deg s\u00e5 snart som mulig.<\/p>\n<p style=\"text-align: center;\">Vi ser frem til \u00e5 h\u00f8re fra deg.<\/p>\n<p>[\/vc_column_text][vc_empty_space height=&raquo;30px&raquo;][vc_btn title=&raquo;Kontakt oss her&raquo; style=&raquo;custom&raquo; custom_background=&raquo;#bf7d6b&raquo; custom_text=&raquo;#ffffff&raquo; shape=&raquo;square&raquo; size=&raquo;lg&raquo; align=&raquo;center&raquo; css_animation=&raquo;fadeInUp&raquo; link=&raquo;url:https%3A%2F%2Fwww.elektrokul.dk%2Fkontakt%2F|title:Kontakt%20oss|&raquo;][\/vc_column][\/vc_row]<\/p>\n<\/section>","protected":false},"excerpt":{"rendered":"<p>[vc_row full_width=&raquo;stretch_row&raquo;][vc_column][vc_row_inner][vc_column_inner offset=&raquo;vc_col-lg-8 vc_col-md-8 vc_col-xs-12&#8243;][vc_column_text] Vi tilbyr karbonholdere i forskjellige utf\u00f8relser Trenger du en kullholder for kullb\u00f8rster? Da har du kommet til rett sted. Hos Elektrokul A\/S har vi et stort utvalg av kullholdere, og vi st\u00e5r alltid klar til \u00e5 hjelpe deg. Vi selger til bedrifter i hele Danmark, og vi garanterer alltid kort &#8230; <a title=\"Karbonholdere\" class=\"read-more\" href=\"https:\/\/www.elektrokul.dk\/no\/karbonholdere\/\" aria-label=\"Mer p\u00e5 Karbonholdere\">Les mer<\/a><\/p>\n","protected":false},"author":1,"featured_media":900241,"parent":0,"menu_order":0,"comment_status":"closed","ping_status":"closed","template":"","meta":{"_acf_changed":false,"footnotes":""},"categories":[13371346],"class_list":{"0":"post-900240","1":"page","2":"type-page","3":"status-publish","4":"has-post-thumbnail","6":"category-vaare-produkter"},"acf":[],"yoast_head":"<!-- This site is optimized with the Yoast SEO plugin v26.6 - https:\/\/yoast.com\/wordpress\/plugins\/seo\/ -->\n<title>Karbonholdere tilbys i hele Danmark | Les mer her<\/title>\n<meta name=\"description\" content=\"Vi selger karbonholdere til alle virksomheter i hele Danmark. Vil du h\u00f8re mer om dine muligheter? S\u00e5 kontakt oss i dag!\" \/>\n<meta name=\"robots\" content=\"index, follow, max-snippet:-1, max-image-preview:large, max-video-preview:-1\" \/>\n<link rel=\"canonical\" href=\"https:\/\/www.elektrokul.dk\/no\/?page_id=900240\" \/>\n<meta property=\"og:locale\" content=\"nb_NO\" \/>\n<meta property=\"og:type\" content=\"article\" \/>\n<meta property=\"og:title\" content=\"Karbonholdere tilbys i hele Danmark | Les mer her\" \/>\n<meta property=\"og:description\" content=\"Vi selger karbonholdere til alle virksomheter i hele Danmark. Vil du h\u00f8re mer om dine muligheter? S\u00e5 kontakt oss i dag!\" \/>\n<meta property=\"og:url\" content=\"https:\/\/www.elektrokul.dk\/no\/?page_id=900240\" \/>\n<meta property=\"og:site_name\" content=\"Elektrokul A\/S\" \/>\n<meta property=\"article:modified_time\" content=\"2025-12-17T08:27:09+00:00\" \/>\n<meta property=\"og:image\" content=\"https:\/\/www.elektrokul.dk\/wp-content\/uploads\/2024\/05\/mack0673.jpg\" \/>\n\t<meta property=\"og:image:width\" content=\"1920\" \/>\n\t<meta property=\"og:image:height\" content=\"1535\" \/>\n\t<meta property=\"og:image:type\" content=\"image\/jpeg\" \/>\n<meta name=\"twitter:card\" content=\"summary_large_image\" \/>\n<meta name=\"twitter:label1\" content=\"Ansl. lesetid\" \/>\n\t<meta name=\"twitter:data1\" content=\"4 minutter\" \/>\n<script type=\"application\/ld+json\" class=\"yoast-schema-graph\">{\"@context\":\"https:\/\/schema.org\",\"@graph\":[{\"@type\":\"WebPage\",\"@id\":\"https:\/\/www.elektrokul.dk\/no\/?page_id=900240\",\"url\":\"https:\/\/www.elektrokul.dk\/no\/?page_id=900240\",\"name\":\"Karbonholdere tilbys i hele Danmark | Les mer her\",\"isPartOf\":{\"@id\":\"https:\/\/www.elektrokul.dk\/#website\"},\"primaryImageOfPage\":{\"@id\":\"https:\/\/www.elektrokul.dk\/no\/?page_id=900240#primaryimage\"},\"image\":{\"@id\":\"https:\/\/www.elektrokul.dk\/no\/?page_id=900240#primaryimage\"},\"thumbnailUrl\":\"https:\/\/www.elektrokul.dk\/wp-content\/uploads\/2024\/05\/mack0673.jpg\",\"datePublished\":\"2022-05-24T06:44:27+00:00\",\"dateModified\":\"2025-12-17T08:27:09+00:00\",\"description\":\"Vi selger karbonholdere til alle virksomheter i hele Danmark. Vil du h\u00f8re mer om dine muligheter? S\u00e5 kontakt oss i dag!\",\"breadcrumb\":{\"@id\":\"https:\/\/www.elektrokul.dk\/no\/?page_id=900240#breadcrumb\"},\"inLanguage\":\"nb-NO\",\"potentialAction\":[{\"@type\":\"ReadAction\",\"target\":[\"https:\/\/www.elektrokul.dk\/no\/?page_id=900240\"]}]},{\"@type\":\"ImageObject\",\"inLanguage\":\"nb-NO\",\"@id\":\"https:\/\/www.elektrokul.dk\/no\/?page_id=900240#primaryimage\",\"url\":\"https:\/\/www.elektrokul.dk\/wp-content\/uploads\/2024\/05\/mack0673.jpg\",\"contentUrl\":\"https:\/\/www.elektrokul.dk\/wp-content\/uploads\/2024\/05\/mack0673.jpg\",\"width\":1920,\"height\":1535,\"caption\":\"Kulholdere\"},{\"@type\":\"BreadcrumbList\",\"@id\":\"https:\/\/www.elektrokul.dk\/no\/?page_id=900240#breadcrumb\",\"itemListElement\":[{\"@type\":\"ListItem\",\"position\":1,\"name\":\"Hjem\",\"item\":\"https:\/\/www.elektrokul.dk\/no\/startside\/\"},{\"@type\":\"ListItem\",\"position\":2,\"name\":\"Karbonholdere\"}]},{\"@type\":\"WebSite\",\"@id\":\"https:\/\/www.elektrokul.dk\/#website\",\"url\":\"https:\/\/www.elektrokul.dk\/\",\"name\":\"Elektrokul A\/S\",\"description\":\"Mekanisk grafit og andre kulvarer fra egen fabrik\",\"publisher\":{\"@id\":\"https:\/\/www.elektrokul.dk\/#organization\"},\"potentialAction\":[{\"@type\":\"SearchAction\",\"target\":{\"@type\":\"EntryPoint\",\"urlTemplate\":\"https:\/\/www.elektrokul.dk\/?s={search_term_string}\"},\"query-input\":{\"@type\":\"PropertyValueSpecification\",\"valueRequired\":true,\"valueName\":\"search_term_string\"}}],\"inLanguage\":\"nb-NO\"},{\"@type\":\"Organization\",\"@id\":\"https:\/\/www.elektrokul.dk\/#organization\",\"name\":\"Elektrokul A\/S\",\"url\":\"https:\/\/www.elektrokul.dk\/\",\"logo\":{\"@type\":\"ImageObject\",\"inLanguage\":\"nb-NO\",\"@id\":\"https:\/\/www.elektrokul.dk\/#\/schema\/logo\/image\/\",\"url\":\"https:\/\/www.elektrokul.dk\/wp-content\/uploads\/2022\/05\/logo-3.png\",\"contentUrl\":\"https:\/\/www.elektrokul.dk\/wp-content\/uploads\/2022\/05\/logo-3.png\",\"width\":535,\"height\":100,\"caption\":\"Elektrokul A\/S\"},\"image\":{\"@id\":\"https:\/\/www.elektrokul.dk\/#\/schema\/logo\/image\/\"}}]}<\/script>\n<!-- \/ Yoast SEO plugin. -->","yoast_head_json":{"title":"Karbonholdere tilbys i hele Danmark | Les mer her","description":"Vi selger karbonholdere til alle virksomheter i hele Danmark. Vil du h\u00f8re mer om dine muligheter? S\u00e5 kontakt oss i dag!","robots":{"index":"index","follow":"follow","max-snippet":"max-snippet:-1","max-image-preview":"max-image-preview:large","max-video-preview":"max-video-preview:-1"},"canonical":"https:\/\/www.elektrokul.dk\/no\/?page_id=900240","og_locale":"nb_NO","og_type":"article","og_title":"Karbonholdere tilbys i hele Danmark | Les mer her","og_description":"Vi selger karbonholdere til alle virksomheter i hele Danmark. Vil du h\u00f8re mer om dine muligheter? S\u00e5 kontakt oss i dag!","og_url":"https:\/\/www.elektrokul.dk\/no\/?page_id=900240","og_site_name":"Elektrokul A\/S","article_modified_time":"2025-12-17T08:27:09+00:00","og_image":[{"width":1920,"height":1535,"url":"https:\/\/www.elektrokul.dk\/wp-content\/uploads\/2024\/05\/mack0673.jpg","type":"image\/jpeg"}],"twitter_card":"summary_large_image","twitter_misc":{"Ansl. lesetid":"4 minutter"},"schema":{"@context":"https:\/\/schema.org","@graph":[{"@type":"WebPage","@id":"https:\/\/www.elektrokul.dk\/no\/?page_id=900240","url":"https:\/\/www.elektrokul.dk\/no\/?page_id=900240","name":"Karbonholdere tilbys i hele Danmark | Les mer her","isPartOf":{"@id":"https:\/\/www.elektrokul.dk\/#website"},"primaryImageOfPage":{"@id":"https:\/\/www.elektrokul.dk\/no\/?page_id=900240#primaryimage"},"image":{"@id":"https:\/\/www.elektrokul.dk\/no\/?page_id=900240#primaryimage"},"thumbnailUrl":"https:\/\/www.elektrokul.dk\/wp-content\/uploads\/2024\/05\/mack0673.jpg","datePublished":"2022-05-24T06:44:27+00:00","dateModified":"2025-12-17T08:27:09+00:00","description":"Vi selger karbonholdere til alle virksomheter i hele Danmark. Vil du h\u00f8re mer om dine muligheter? S\u00e5 kontakt oss i dag!","breadcrumb":{"@id":"https:\/\/www.elektrokul.dk\/no\/?page_id=900240#breadcrumb"},"inLanguage":"nb-NO","potentialAction":[{"@type":"ReadAction","target":["https:\/\/www.elektrokul.dk\/no\/?page_id=900240"]}]},{"@type":"ImageObject","inLanguage":"nb-NO","@id":"https:\/\/www.elektrokul.dk\/no\/?page_id=900240#primaryimage","url":"https:\/\/www.elektrokul.dk\/wp-content\/uploads\/2024\/05\/mack0673.jpg","contentUrl":"https:\/\/www.elektrokul.dk\/wp-content\/uploads\/2024\/05\/mack0673.jpg","width":1920,"height":1535,"caption":"Kulholdere"},{"@type":"BreadcrumbList","@id":"https:\/\/www.elektrokul.dk\/no\/?page_id=900240#breadcrumb","itemListElement":[{"@type":"ListItem","position":1,"name":"Hjem","item":"https:\/\/www.elektrokul.dk\/no\/startside\/"},{"@type":"ListItem","position":2,"name":"Karbonholdere"}]},{"@type":"WebSite","@id":"https:\/\/www.elektrokul.dk\/#website","url":"https:\/\/www.elektrokul.dk\/","name":"Elektrokul A\/S","description":"Mekanisk grafit og andre kulvarer fra egen fabrik","publisher":{"@id":"https:\/\/www.elektrokul.dk\/#organization"},"potentialAction":[{"@type":"SearchAction","target":{"@type":"EntryPoint","urlTemplate":"https:\/\/www.elektrokul.dk\/?s={search_term_string}"},"query-input":{"@type":"PropertyValueSpecification","valueRequired":true,"valueName":"search_term_string"}}],"inLanguage":"nb-NO"},{"@type":"Organization","@id":"https:\/\/www.elektrokul.dk\/#organization","name":"Elektrokul A\/S","url":"https:\/\/www.elektrokul.dk\/","logo":{"@type":"ImageObject","inLanguage":"nb-NO","@id":"https:\/\/www.elektrokul.dk\/#\/schema\/logo\/image\/","url":"https:\/\/www.elektrokul.dk\/wp-content\/uploads\/2022\/05\/logo-3.png","contentUrl":"https:\/\/www.elektrokul.dk\/wp-content\/uploads\/2022\/05\/logo-3.png","width":535,"height":100,"caption":"Elektrokul A\/S"},"image":{"@id":"https:\/\/www.elektrokul.dk\/#\/schema\/logo\/image\/"}}]}},"_links":{"self":[{"href":"https:\/\/www.elektrokul.dk\/no\/wp-json\/wp\/v2\/pages\/900240","targetHints":{"allow":["GET"]}}],"collection":[{"href":"https:\/\/www.elektrokul.dk\/no\/wp-json\/wp\/v2\/pages"}],"about":[{"href":"https:\/\/www.elektrokul.dk\/no\/wp-json\/wp\/v2\/types\/page"}],"author":[{"embeddable":true,"href":"https:\/\/www.elektrokul.dk\/no\/wp-json\/wp\/v2\/users\/1"}],"replies":[{"embeddable":true,"href":"https:\/\/www.elektrokul.dk\/no\/wp-json\/wp\/v2\/comments?post=900240"}],"version-history":[{"count":6,"href":"https:\/\/www.elektrokul.dk\/no\/wp-json\/wp\/v2\/pages\/900240\/revisions"}],"predecessor-version":[{"id":900255,"href":"https:\/\/www.elektrokul.dk\/no\/wp-json\/wp\/v2\/pages\/900240\/revisions\/900255"}],"wp:featuredmedia":[{"embeddable":true,"href":"https:\/\/www.elektrokul.dk\/no\/wp-json\/wp\/v2\/media\/900241"}],"wp:attachment":[{"href":"https:\/\/www.elektrokul.dk\/no\/wp-json\/wp\/v2\/media?parent=900240"}],"wp:term":[{"taxonomy":"category","embeddable":true,"href":"https:\/\/www.elektrokul.dk\/no\/wp-json\/wp\/v2\/categories?post=900240"}],"curies":[{"name":"wp","href":"https:\/\/api.w.org\/{rel}","templated":true}]}}