{"id":4026,"date":"2022-05-24T08:27:38","date_gmt":"2022-05-24T06:27:38","guid":{"rendered":"https:\/\/www.elektrokul.dk\/magnets\/"},"modified":"2022-06-22T17:05:11","modified_gmt":"2022-06-22T15:05:11","slug":"magnets","status":"publish","type":"page","link":"https:\/\/www.elektrokul.dk\/en\/magnets\/","title":{"rendered":"Magnets"},"content":{"rendered":"<section class=\"wpb-content-wrapper\"><p>[vc_row full_width=&#8221;stretch_row&#8221;][vc_column]<div class=\"ult-spacer spacer-69ea04f2d1279\" data-id=\"69ea04f2d1279\" data-height=\"90\" data-height-mobile=\"60\" data-height-tab=\"90\" data-height-tab-portrait=\"60\" data-height-mobile-landscape=\"60\" style=\"clear:both;display:block;\"><\/div>[vc_row_inner][vc_column_inner offset=&#8221;vc_col-lg-8 vc_col-md-8 vc_col-xs-12&#8243;][vc_column_text]<\/p>\n<h2>Permanente magneter i h\u00f8jeste kvalitet<\/h2>\n<p>\u200bSkal du k\u00f8be pot magneter eller permanente magneter? Hos Elektrokul A\/S er vi lagerf\u00f8rende i en r\u00e6kke forskellige magnettyper, og vi tilbyder b\u00e5de pot magneter og permanente magneter til virksomheder i hele Danmark.<\/p>\n<p>Alle magneterne er i h\u00f8jeste kvalitet, og vi s\u00e6lger dem til konkurrencedygtige priser. Derudover forhandler vi ogs\u00e5 magnetm\u00e5leudstyr.<\/p>\n<h3>Vi tilpasser gerne de permanente magneter<\/h3>\n<p>Vi har et bredt udvalg, og derfor kan du f\u00e5 en magnettype, der passer til dine \u00f8nsker og behov. Vi tilpasser gerne magneterne, hvis der er behov for en specifik st\u00f8rrelse eller magnetisering.<\/p>\n<p><strong>Vi f\u00f8rer bl.a. magneter i f\u00f8lgende materialer:<\/strong><\/p>\n<ul>\n<li>Ferrit<\/li>\n<li>Alnico<\/li>\n<li>Neodynium<\/li>\n<li>Samarium-cobalt<\/li>\n<li>Plastic bonded ferrit<\/li>\n<li>Plastic bonded neodynium<\/li>\n<li>M.m.\u200b<\/li>\n<\/ul>\n<p>\u200bVi vejleder gerne om magneterne, og vores mange \u00e5rs erfaring i branchen g\u00f8r os i stand til at give en kvalificeret og kompetent r\u00e5dgivning &#8211; dermed er du sikker p\u00e5 at f\u00e5 det helt rette produkt<\/p>\n<h4>Hvad er permanente magneter?<\/h4>\n<p>En permanent magnet er typisk fremstillet af et h\u00e5rdt ferromagnetisk materiale, og den kan benyttes i et kompas eller i m\u00e5leudstyr. Der er forskel p\u00e5 anisotropisk og isotropisk magnetisk stof. N\u00e5r et magnetisk stof er presset i et magnetisk felt, s\u00e5 bliver det kaldt anisotropisk, og n\u00e5r det ikke er presset i et magnetisk felt, s\u00e5 bliver det kaldt isotropisk.[\/vc_column_text]<div class=\"ult-spacer spacer-69ea04f2d12c6\" data-id=\"69ea04f2d12c6\" data-height=\"0\" data-height-mobile=\"30\" data-height-tab=\"0\" data-height-tab-portrait=\"30\" data-height-mobile-landscape=\"30\" style=\"clear:both;display:block;\"><\/div>[\/vc_column_inner][vc_column_inner offset=&#8221;vc_col-lg-4 vc_col-md-4 vc_col-xs-12&#8243;][vc_widget_sidebar sidebar_id=&#8221;sidebar-1&#8243; el_class=&#8221;contact-sidebar&#8221;][\/vc_column_inner][\/vc_row_inner]<div class=\"ult-spacer spacer-69ea04f2d12fe\" data-id=\"69ea04f2d12fe\" data-height=\"90\" data-height-mobile=\"60\" data-height-tab=\"90\" data-height-tab-portrait=\"60\" data-height-mobile-landscape=\"60\" style=\"clear:both;display:block;\"><\/div>[\/vc_column][\/vc_row][vc_row full_width=&#8221;stretch_row&#8221; css=&#8221;.vc_custom_1653378668627{background-color: #f7f7f7 !important;}&#8221;][vc_column]<div class=\"ult-spacer spacer-69ea04f2d1320\" data-id=\"69ea04f2d1320\" data-height=\"90\" data-height-mobile=\"60\" data-height-tab=\"90\" data-height-tab-portrait=\"60\" data-height-mobile-landscape=\"60\" style=\"clear:both;display:block;\"><\/div>[vc_column_text]<\/p>\n<h3 style=\"text-align: center;\">Magnet liste<\/h3>\n<p>[\/vc_column_text][vc_empty_space height=&#8221;60px&#8221;][vc_basic_grid post_type=&#8221;page&#8221; max_items=&#8221;-1&#8243; gap=&#8221;20&#8243; order=&#8221;ASC&#8221; item=&#8221;3474&#8243; grid_id=&#8221;vc_gid:1653390977213-2feb06ac-ad9f-5&#8243; taxonomies=&#8221;11&#8243;]<div class=\"ult-spacer spacer-69ea04f2d133d\" data-id=\"69ea04f2d133d\" data-height=\"90\" data-height-mobile=\"60\" data-height-tab=\"90\" data-height-tab-portrait=\"60\" data-height-mobile-landscape=\"60\" style=\"clear:both;display:block;\"><\/div>[\/vc_column][\/vc_row][vc_row full_width=&#8221;stretch_row_content_no_spaces&#8221; equal_height=&#8221;yes&#8221;][vc_column width=&#8221;1\/2&#8243; el_class=&#8221;stretch&#8221;][vc_column_text]<\/p>\n<h3>Kontakt os for at h\u00f8re mere om magnettyper<\/h3>\n<p>Du er velkommen til at h\u00f8re mere eller f\u00e5 et uforpligtende tilbud p\u00e5 permanente magneter. Vi har kort leveringstid i hele landet, s\u00e5 t\u00f8v ikke med at kontakte os, hvis du \u00f8nsker levering af permanente magneter.<\/p>\n<p>Du kan ringe til os p\u00e5 telefon <a href=\"tel:70207826\">70 20 78 26<\/a>, men du kan ogs\u00e5 skrive til vores e-mail <a href=\"mailto:info@elektrokul.dk\">info@elektrokul.dk<\/a> med en beskrivelse af dit behov, s\u00e5 vender vi tilbage til dig hurtigst muligt.[\/vc_column_text][\/vc_column][vc_column width=&#8221;1\/2&#8243; css=&#8221;.vc_custom_1653380119298{background-image: url(https:\/\/www.elektrokul.dk\/wp-content\/uploads\/2022\/05\/5651-go-elektrokulas-06-2096.jpg?id=3284) !important;background-position: center !important;background-repeat: no-repeat !important;background-size: cover !important;}&#8221;]<div class=\"ult-spacer spacer-69ea04f2d135a\" data-id=\"69ea04f2d135a\" data-height=\"\" data-height-mobile=\"250\" data-height-tab=\"\" data-height-tab-portrait=\"400\" data-height-mobile-landscape=\"300\" style=\"clear:both;display:block;\"><\/div>[\/vc_column][\/vc_row]<\/p>\n<\/section>","protected":false},"excerpt":{"rendered":"<p>[vc_row full_width=&#8221;stretch_row&#8221;][vc_column][vc_row_inner][vc_column_inner offset=&#8221;vc_col-lg-8 vc_col-md-8 vc_col-xs-12&#8243;][vc_column_text] Permanente magneter i h\u00f8jeste kvalitet \u200bSkal du k\u00f8be pot magneter eller permanente magneter? Hos Elektrokul A\/S er vi lagerf\u00f8rende i en r\u00e6kke forskellige magnettyper, og vi tilbyder b\u00e5de pot magneter og permanente magneter til virksomheder i hele Danmark. Alle magneterne er i h\u00f8jeste kvalitet, og vi s\u00e6lger dem til konkurrencedygtige &#8230; <a title=\"Magnets\" class=\"read-more\" href=\"https:\/\/www.elektrokul.dk\/en\/magnets\/\" aria-label=\"More on Magnets\">Read more<\/a><\/p>\n","protected":false},"author":1,"featured_media":3808,"parent":0,"menu_order":0,"comment_status":"closed","ping_status":"closed","template":"","meta":{"_acf_changed":false,"footnotes":""},"categories":[21],"class_list":{"0":"post-4026","1":"page","2":"type-page","3":"status-publish","4":"has-post-thumbnail","6":"category-products"},"acf":[],"yoast_head":"<!-- This site is optimized with the Yoast SEO plugin v26.6 - https:\/\/yoast.com\/wordpress\/plugins\/seo\/ -->\n<title>Magnets &#183; Elektrokul A\/S<\/title>\n<meta name=\"robots\" content=\"index, follow, max-snippet:-1, max-image-preview:large, max-video-preview:-1\" \/>\n<link rel=\"canonical\" href=\"https:\/\/www.elektrokul.dk\/en\/magnets\/\" \/>\n<meta property=\"og:locale\" content=\"en_US\" \/>\n<meta property=\"og:type\" content=\"article\" \/>\n<meta property=\"og:title\" content=\"Magnets &#183; Elektrokul A\/S\" \/>\n<meta property=\"og:description\" content=\"[vc_row full_width=&#8221;stretch_row&#8221;][vc_column][vc_row_inner][vc_column_inner offset=&#8221;vc_col-lg-8 vc_col-md-8 vc_col-xs-12&#8243;][vc_column_text] Permanente magneter i h\u00f8jeste kvalitet \u200bSkal du k\u00f8be pot magneter eller permanente magneter? Hos Elektrokul A\/S er vi lagerf\u00f8rende i en r\u00e6kke forskellige magnettyper, og vi tilbyder b\u00e5de pot magneter og permanente magneter til virksomheder i hele Danmark. Alle magneterne er i h\u00f8jeste kvalitet, og vi s\u00e6lger dem til konkurrencedygtige ... Read more\" \/>\n<meta property=\"og:url\" content=\"https:\/\/www.elektrokul.dk\/en\/magnets\/\" \/>\n<meta property=\"og:site_name\" content=\"Elektrokul A\/S\" \/>\n<meta property=\"article:modified_time\" content=\"2022-06-22T15:05:11+00:00\" \/>\n<meta property=\"og:image\" content=\"https:\/\/www.elektrokul.dk\/wp-content\/uploads\/2022\/05\/banner-2-139.jpg\" \/>\n\t<meta property=\"og:image:width\" content=\"960\" \/>\n\t<meta property=\"og:image:height\" content=\"300\" \/>\n\t<meta property=\"og:image:type\" content=\"image\/jpeg\" \/>\n<meta name=\"twitter:card\" content=\"summary_large_image\" \/>\n<meta name=\"twitter:label1\" content=\"Est. reading time\" \/>\n\t<meta name=\"twitter:data1\" content=\"3 minutes\" \/>\n<script type=\"application\/ld+json\" class=\"yoast-schema-graph\">{\"@context\":\"https:\/\/schema.org\",\"@graph\":[{\"@type\":\"WebPage\",\"@id\":\"https:\/\/www.elektrokul.dk\/en\/magnets\/\",\"url\":\"https:\/\/www.elektrokul.dk\/en\/magnets\/\",\"name\":\"Magnets &#183; Elektrokul A\/S\",\"isPartOf\":{\"@id\":\"https:\/\/www.elektrokul.dk\/#website\"},\"primaryImageOfPage\":{\"@id\":\"https:\/\/www.elektrokul.dk\/en\/magnets\/#primaryimage\"},\"image\":{\"@id\":\"https:\/\/www.elektrokul.dk\/en\/magnets\/#primaryimage\"},\"thumbnailUrl\":\"https:\/\/www.elektrokul.dk\/wp-content\/uploads\/2022\/05\/magneter-96.jpg\",\"datePublished\":\"2022-05-24T06:27:38+00:00\",\"dateModified\":\"2022-06-22T15:05:11+00:00\",\"breadcrumb\":{\"@id\":\"https:\/\/www.elektrokul.dk\/en\/magnets\/#breadcrumb\"},\"inLanguage\":\"en-US\",\"potentialAction\":[{\"@type\":\"ReadAction\",\"target\":[\"https:\/\/www.elektrokul.dk\/en\/magnets\/\"]}]},{\"@type\":\"ImageObject\",\"inLanguage\":\"en-US\",\"@id\":\"https:\/\/www.elektrokul.dk\/en\/magnets\/#primaryimage\",\"url\":\"https:\/\/www.elektrokul.dk\/wp-content\/uploads\/2022\/05\/magneter-96.jpg\",\"contentUrl\":\"https:\/\/www.elektrokul.dk\/wp-content\/uploads\/2022\/05\/magneter-96.jpg\",\"width\":520,\"height\":280},{\"@type\":\"BreadcrumbList\",\"@id\":\"https:\/\/www.elektrokul.dk\/en\/magnets\/#breadcrumb\",\"itemListElement\":[{\"@type\":\"ListItem\",\"position\":1,\"name\":\"Hjem\",\"item\":\"https:\/\/www.elektrokul.dk\/en\/front-page\/\"},{\"@type\":\"ListItem\",\"position\":2,\"name\":\"Magnets\"}]},{\"@type\":\"WebSite\",\"@id\":\"https:\/\/www.elektrokul.dk\/#website\",\"url\":\"https:\/\/www.elektrokul.dk\/\",\"name\":\"Elektrokul A\/S\",\"description\":\"Mekanisk grafit og andre kulvarer fra egen fabrik\",\"publisher\":{\"@id\":\"https:\/\/www.elektrokul.dk\/#organization\"},\"potentialAction\":[{\"@type\":\"SearchAction\",\"target\":{\"@type\":\"EntryPoint\",\"urlTemplate\":\"https:\/\/www.elektrokul.dk\/?s={search_term_string}\"},\"query-input\":{\"@type\":\"PropertyValueSpecification\",\"valueRequired\":true,\"valueName\":\"search_term_string\"}}],\"inLanguage\":\"en-US\"},{\"@type\":\"Organization\",\"@id\":\"https:\/\/www.elektrokul.dk\/#organization\",\"name\":\"Elektrokul A\/S\",\"url\":\"https:\/\/www.elektrokul.dk\/\",\"logo\":{\"@type\":\"ImageObject\",\"inLanguage\":\"en-US\",\"@id\":\"https:\/\/www.elektrokul.dk\/#\/schema\/logo\/image\/\",\"url\":\"https:\/\/www.elektrokul.dk\/wp-content\/uploads\/2022\/05\/logo-3.png\",\"contentUrl\":\"https:\/\/www.elektrokul.dk\/wp-content\/uploads\/2022\/05\/logo-3.png\",\"width\":535,\"height\":100,\"caption\":\"Elektrokul A\/S\"},\"image\":{\"@id\":\"https:\/\/www.elektrokul.dk\/#\/schema\/logo\/image\/\"}}]}<\/script>\n<!-- \/ Yoast SEO plugin. -->","yoast_head_json":{"title":"Magnets &#183; Elektrokul A\/S","robots":{"index":"index","follow":"follow","max-snippet":"max-snippet:-1","max-image-preview":"max-image-preview:large","max-video-preview":"max-video-preview:-1"},"canonical":"https:\/\/www.elektrokul.dk\/en\/magnets\/","og_locale":"en_US","og_type":"article","og_title":"Magnets &#183; Elektrokul A\/S","og_description":"[vc_row full_width=&#8221;stretch_row&#8221;][vc_column][vc_row_inner][vc_column_inner offset=&#8221;vc_col-lg-8 vc_col-md-8 vc_col-xs-12&#8243;][vc_column_text] Permanente magneter i h\u00f8jeste kvalitet \u200bSkal du k\u00f8be pot magneter eller permanente magneter? Hos Elektrokul A\/S er vi lagerf\u00f8rende i en r\u00e6kke forskellige magnettyper, og vi tilbyder b\u00e5de pot magneter og permanente magneter til virksomheder i hele Danmark. Alle magneterne er i h\u00f8jeste kvalitet, og vi s\u00e6lger dem til konkurrencedygtige ... Read more","og_url":"https:\/\/www.elektrokul.dk\/en\/magnets\/","og_site_name":"Elektrokul A\/S","article_modified_time":"2022-06-22T15:05:11+00:00","og_image":[{"width":960,"height":300,"url":"https:\/\/www.elektrokul.dk\/wp-content\/uploads\/2022\/05\/banner-2-139.jpg","type":"image\/jpeg"}],"twitter_card":"summary_large_image","twitter_misc":{"Est. reading time":"3 minutes"},"schema":{"@context":"https:\/\/schema.org","@graph":[{"@type":"WebPage","@id":"https:\/\/www.elektrokul.dk\/en\/magnets\/","url":"https:\/\/www.elektrokul.dk\/en\/magnets\/","name":"Magnets &#183; Elektrokul A\/S","isPartOf":{"@id":"https:\/\/www.elektrokul.dk\/#website"},"primaryImageOfPage":{"@id":"https:\/\/www.elektrokul.dk\/en\/magnets\/#primaryimage"},"image":{"@id":"https:\/\/www.elektrokul.dk\/en\/magnets\/#primaryimage"},"thumbnailUrl":"https:\/\/www.elektrokul.dk\/wp-content\/uploads\/2022\/05\/magneter-96.jpg","datePublished":"2022-05-24T06:27:38+00:00","dateModified":"2022-06-22T15:05:11+00:00","breadcrumb":{"@id":"https:\/\/www.elektrokul.dk\/en\/magnets\/#breadcrumb"},"inLanguage":"en-US","potentialAction":[{"@type":"ReadAction","target":["https:\/\/www.elektrokul.dk\/en\/magnets\/"]}]},{"@type":"ImageObject","inLanguage":"en-US","@id":"https:\/\/www.elektrokul.dk\/en\/magnets\/#primaryimage","url":"https:\/\/www.elektrokul.dk\/wp-content\/uploads\/2022\/05\/magneter-96.jpg","contentUrl":"https:\/\/www.elektrokul.dk\/wp-content\/uploads\/2022\/05\/magneter-96.jpg","width":520,"height":280},{"@type":"BreadcrumbList","@id":"https:\/\/www.elektrokul.dk\/en\/magnets\/#breadcrumb","itemListElement":[{"@type":"ListItem","position":1,"name":"Hjem","item":"https:\/\/www.elektrokul.dk\/en\/front-page\/"},{"@type":"ListItem","position":2,"name":"Magnets"}]},{"@type":"WebSite","@id":"https:\/\/www.elektrokul.dk\/#website","url":"https:\/\/www.elektrokul.dk\/","name":"Elektrokul A\/S","description":"Mekanisk grafit og andre kulvarer fra egen fabrik","publisher":{"@id":"https:\/\/www.elektrokul.dk\/#organization"},"potentialAction":[{"@type":"SearchAction","target":{"@type":"EntryPoint","urlTemplate":"https:\/\/www.elektrokul.dk\/?s={search_term_string}"},"query-input":{"@type":"PropertyValueSpecification","valueRequired":true,"valueName":"search_term_string"}}],"inLanguage":"en-US"},{"@type":"Organization","@id":"https:\/\/www.elektrokul.dk\/#organization","name":"Elektrokul A\/S","url":"https:\/\/www.elektrokul.dk\/","logo":{"@type":"ImageObject","inLanguage":"en-US","@id":"https:\/\/www.elektrokul.dk\/#\/schema\/logo\/image\/","url":"https:\/\/www.elektrokul.dk\/wp-content\/uploads\/2022\/05\/logo-3.png","contentUrl":"https:\/\/www.elektrokul.dk\/wp-content\/uploads\/2022\/05\/logo-3.png","width":535,"height":100,"caption":"Elektrokul A\/S"},"image":{"@id":"https:\/\/www.elektrokul.dk\/#\/schema\/logo\/image\/"}}]}},"_links":{"self":[{"href":"https:\/\/www.elektrokul.dk\/en\/wp-json\/wp\/v2\/pages\/4026","targetHints":{"allow":["GET"]}}],"collection":[{"href":"https:\/\/www.elektrokul.dk\/en\/wp-json\/wp\/v2\/pages"}],"about":[{"href":"https:\/\/www.elektrokul.dk\/en\/wp-json\/wp\/v2\/types\/page"}],"author":[{"embeddable":true,"href":"https:\/\/www.elektrokul.dk\/en\/wp-json\/wp\/v2\/users\/1"}],"replies":[{"embeddable":true,"href":"https:\/\/www.elektrokul.dk\/en\/wp-json\/wp\/v2\/comments?post=4026"}],"version-history":[{"count":1,"href":"https:\/\/www.elektrokul.dk\/en\/wp-json\/wp\/v2\/pages\/4026\/revisions"}],"predecessor-version":[{"id":4027,"href":"https:\/\/www.elektrokul.dk\/en\/wp-json\/wp\/v2\/pages\/4026\/revisions\/4027"}],"wp:featuredmedia":[{"embeddable":true,"href":"https:\/\/www.elektrokul.dk\/en\/wp-json\/wp\/v2\/media\/3808"}],"wp:attachment":[{"href":"https:\/\/www.elektrokul.dk\/en\/wp-json\/wp\/v2\/media?parent=4026"}],"wp:term":[{"taxonomy":"category","embeddable":true,"href":"https:\/\/www.elektrokul.dk\/en\/wp-json\/wp\/v2\/categories?post=4026"}],"curies":[{"name":"wp","href":"https:\/\/api.w.org\/{rel}","templated":true}]}}