{"id":4014,"date":"2022-05-24T08:26:13","date_gmt":"2022-05-24T06:26:13","guid":{"rendered":"https:\/\/www.elektrokul.dk\/vindenergi-produkter\/"},"modified":"2022-06-24T14:25:47","modified_gmt":"2022-06-24T12:25:47","slug":"vindenergi-produkter","status":"publish","type":"page","link":"https:\/\/www.elektrokul.dk\/en\/vindenergi-produkter\/","title":{"rendered":"Vindenergi produkter\u200b"},"content":{"rendered":"<section class=\"wpb-content-wrapper\"><p>[vc_row full_width=&#8221;stretch_row&#8221;][vc_column]<div class=\"ult-spacer spacer-69e0f3ac7a9d4\" data-id=\"69e0f3ac7a9d4\" data-height=\"90\" data-height-mobile=\"60\" data-height-tab=\"90\" data-height-tab-portrait=\"60\" data-height-mobile-landscape=\"60\" style=\"clear:both;display:block;\"><\/div>[vc_column_text]<\/p>\n<h2 style=\"text-align: center;\">Vindenergi produkter\u200b<\/h2>\n<p style=\"text-align: center;\">Kulb\u00f8rster, kulholdere, sl\u00e6beringe, mm. til vindm\u00f8lle fabrikater s\u00e5 som: Vestas, Bonus-Siemens, Gamesa, Nordex, Senvion, med flere.\u200b<\/p>\n<p>[\/vc_column_text][vc_empty_space height=&#8221;60px&#8221;][vc_media_grid style=&#8221;pagination&#8221; items_per_page=&#8221;4&#8243; element_width=&#8221;3&#8243; gap=&#8221;20&#8243; paging_color=&#8221;black&#8221; loop=&#8221;yes&#8221; grid_id=&#8221;vc_gid:1653389052204-12e39299-06e4-3&#8243; include=&#8221;3646,3647,3648,3649,3650,3651,3652,3653&#8243;]<div class=\"ult-spacer spacer-69e0f3ac7aa17\" data-id=\"69e0f3ac7aa17\" data-height=\"90\" data-height-mobile=\"60\" data-height-tab=\"90\" data-height-tab-portrait=\"60\" data-height-mobile-landscape=\"60\" style=\"clear:both;display:block;\"><\/div>[\/vc_column][\/vc_row][vc_row full_width=&#8221;stretch_row_content_no_spaces&#8221; equal_height=&#8221;yes&#8221; css=&#8221;.vc_custom_1653389068167{background-color: #f7f7f7 !important;}&#8221;][vc_column width=&#8221;1\/2&#8243; el_class=&#8221;stretch&#8221;][vc_column_text]<\/p>\n<h3>Do you have any questions?<\/h3>\n<p>We are ready to answer any questions you may have that you will not get answered here on the website. So do not hesitate to call or write to us.<\/p>\n<p>We are happy to have a completely non-binding talk with you about your plans.[\/vc_column_text][\/vc_column][vc_column width=&#8221;1\/2&#8243; css=&#8221;.vc_custom_1653380119298{background-image: url(https:\/\/www.elektrokul.dk\/wp-content\/uploads\/2022\/05\/5651-go-elektrokulas-06-2096.jpg?id=3284) !important;background-position: center !important;background-repeat: no-repeat !important;background-size: cover !important;}&#8221;]<div class=\"ult-spacer spacer-69e0f3ac7aa3a\" data-id=\"69e0f3ac7aa3a\" data-height=\"\" data-height-mobile=\"250\" data-height-tab=\"\" data-height-tab-portrait=\"400\" data-height-mobile-landscape=\"300\" style=\"clear:both;display:block;\"><\/div>[\/vc_column][\/vc_row]<\/p>\n<\/section>","protected":false},"excerpt":{"rendered":"<p>[vc_row full_width=&#8221;stretch_row&#8221;][vc_column][vc_column_text] Vindenergi produkter\u200b Kulb\u00f8rster, kulholdere, sl\u00e6beringe, mm. til vindm\u00f8lle fabrikater s\u00e5 som: Vestas, Bonus-Siemens, Gamesa, Nordex, Senvion, med flere.\u200b [\/vc_column_text][vc_empty_space height=&#8221;60px&#8221;][vc_media_grid style=&#8221;pagination&#8221; items_per_page=&#8221;4&#8243; element_width=&#8221;3&#8243; gap=&#8221;20&#8243; paging_color=&#8221;black&#8221; loop=&#8221;yes&#8221; grid_id=&#8221;vc_gid:1653389052204-12e39299-06e4-3&#8243; include=&#8221;3646,3647,3648,3649,3650,3651,3652,3653&#8243;][\/vc_column][\/vc_row][vc_row full_width=&#8221;stretch_row_content_no_spaces&#8221; equal_height=&#8221;yes&#8221; css=&#8221;.vc_custom_1653389068167{background-color: #f7f7f7 !important;}&#8221;][vc_column width=&#8221;1\/2&#8243; el_class=&#8221;stretch&#8221;][vc_column_text] Do you have any questions? We are ready to answer any questions you may have that you will &#8230; <a title=\"Vindenergi produkter\u200b\" class=\"read-more\" href=\"https:\/\/www.elektrokul.dk\/en\/vindenergi-produkter\/\" aria-label=\"More on Vindenergi produkter\u200b\">Read more<\/a><\/p>\n","protected":false},"author":1,"featured_media":4817,"parent":0,"menu_order":0,"comment_status":"closed","ping_status":"closed","template":"","meta":{"_acf_changed":false,"footnotes":""},"categories":[21],"class_list":{"0":"post-4014","1":"page","2":"type-page","3":"status-publish","4":"has-post-thumbnail","6":"category-products"},"acf":[],"yoast_head":"<!-- This site is optimized with the Yoast SEO plugin v26.6 - https:\/\/yoast.com\/wordpress\/plugins\/seo\/ -->\n<title>Vindenergi produkter\u200b &#183; Elektrokul A\/S<\/title>\n<meta name=\"robots\" content=\"index, follow, max-snippet:-1, max-image-preview:large, max-video-preview:-1\" \/>\n<link rel=\"canonical\" href=\"https:\/\/www.elektrokul.dk\/en\/vindenergi-produkter\/\" \/>\n<meta property=\"og:locale\" content=\"en_US\" \/>\n<meta property=\"og:type\" content=\"article\" \/>\n<meta property=\"og:title\" content=\"Vindenergi produkter\u200b &#183; Elektrokul A\/S\" \/>\n<meta property=\"og:description\" content=\"[vc_row full_width=&#8221;stretch_row&#8221;][vc_column][vc_column_text] Vindenergi produkter\u200b Kulb\u00f8rster, kulholdere, sl\u00e6beringe, mm. til vindm\u00f8lle fabrikater s\u00e5 som: Vestas, Bonus-Siemens, Gamesa, Nordex, Senvion, med flere.\u200b [\/vc_column_text][vc_empty_space height=&#8221;60px&#8221;][vc_media_grid style=&#8221;pagination&#8221; items_per_page=&#8221;4&#8243; element_width=&#8221;3&#8243; gap=&#8221;20&#8243; paging_color=&#8221;black&#8221; loop=&#8221;yes&#8221; grid_id=&#8221;vc_gid:1653389052204-12e39299-06e4-3&#8243; include=&#8221;3646,3647,3648,3649,3650,3651,3652,3653&#8243;][\/vc_column][\/vc_row][vc_row full_width=&#8221;stretch_row_content_no_spaces&#8221; equal_height=&#8221;yes&#8221; css=&#8221;.vc_custom_1653389068167{background-color: #f7f7f7 !important;}&#8221;][vc_column width=&#8221;1\/2&#8243; el_class=&#8221;stretch&#8221;][vc_column_text] Do you have any questions? We are ready to answer any questions you may have that you will ... Read more\" \/>\n<meta property=\"og:url\" content=\"https:\/\/www.elektrokul.dk\/en\/vindenergi-produkter\/\" \/>\n<meta property=\"og:site_name\" content=\"Elektrokul A\/S\" \/>\n<meta property=\"article:modified_time\" content=\"2022-06-24T12:25:47+00:00\" \/>\n<meta property=\"og:image\" content=\"https:\/\/www.elektrokul.dk\/wp-content\/uploads\/2022\/05\/vindenergi-produkter-1968.jpg\" \/>\n\t<meta property=\"og:image:width\" content=\"960\" \/>\n\t<meta property=\"og:image:height\" content=\"300\" \/>\n\t<meta property=\"og:image:type\" content=\"image\/jpeg\" \/>\n<meta name=\"twitter:card\" content=\"summary_large_image\" \/>\n<meta name=\"twitter:label1\" content=\"Est. reading time\" \/>\n\t<meta name=\"twitter:data1\" content=\"1 minute\" \/>\n<script type=\"application\/ld+json\" class=\"yoast-schema-graph\">{\"@context\":\"https:\/\/schema.org\",\"@graph\":[{\"@type\":\"WebPage\",\"@id\":\"https:\/\/www.elektrokul.dk\/en\/vindenergi-produkter\/\",\"url\":\"https:\/\/www.elektrokul.dk\/en\/vindenergi-produkter\/\",\"name\":\"Vindenergi produkter\u200b &#183; Elektrokul A\/S\",\"isPartOf\":{\"@id\":\"https:\/\/www.elektrokul.dk\/#website\"},\"primaryImageOfPage\":{\"@id\":\"https:\/\/www.elektrokul.dk\/en\/vindenergi-produkter\/#primaryimage\"},\"image\":{\"@id\":\"https:\/\/www.elektrokul.dk\/en\/vindenergi-produkter\/#primaryimage\"},\"thumbnailUrl\":\"https:\/\/www.elektrokul.dk\/wp-content\/uploads\/2024\/05\/vind-energi.png\",\"datePublished\":\"2022-05-24T06:26:13+00:00\",\"dateModified\":\"2022-06-24T12:25:47+00:00\",\"breadcrumb\":{\"@id\":\"https:\/\/www.elektrokul.dk\/en\/vindenergi-produkter\/#breadcrumb\"},\"inLanguage\":\"en-US\",\"potentialAction\":[{\"@type\":\"ReadAction\",\"target\":[\"https:\/\/www.elektrokul.dk\/en\/vindenergi-produkter\/\"]}]},{\"@type\":\"ImageObject\",\"inLanguage\":\"en-US\",\"@id\":\"https:\/\/www.elektrokul.dk\/en\/vindenergi-produkter\/#primaryimage\",\"url\":\"https:\/\/www.elektrokul.dk\/wp-content\/uploads\/2024\/05\/vind-energi.png\",\"contentUrl\":\"https:\/\/www.elektrokul.dk\/wp-content\/uploads\/2024\/05\/vind-energi.png\",\"width\":1072,\"height\":811,\"caption\":\"Vind Energi\"},{\"@type\":\"BreadcrumbList\",\"@id\":\"https:\/\/www.elektrokul.dk\/en\/vindenergi-produkter\/#breadcrumb\",\"itemListElement\":[{\"@type\":\"ListItem\",\"position\":1,\"name\":\"Hjem\",\"item\":\"https:\/\/www.elektrokul.dk\/en\/front-page\/\"},{\"@type\":\"ListItem\",\"position\":2,\"name\":\"Vindenergi produkter\u200b\"}]},{\"@type\":\"WebSite\",\"@id\":\"https:\/\/www.elektrokul.dk\/#website\",\"url\":\"https:\/\/www.elektrokul.dk\/\",\"name\":\"Elektrokul A\/S\",\"description\":\"Mekanisk grafit og andre kulvarer fra egen fabrik\",\"publisher\":{\"@id\":\"https:\/\/www.elektrokul.dk\/#organization\"},\"potentialAction\":[{\"@type\":\"SearchAction\",\"target\":{\"@type\":\"EntryPoint\",\"urlTemplate\":\"https:\/\/www.elektrokul.dk\/?s={search_term_string}\"},\"query-input\":{\"@type\":\"PropertyValueSpecification\",\"valueRequired\":true,\"valueName\":\"search_term_string\"}}],\"inLanguage\":\"en-US\"},{\"@type\":\"Organization\",\"@id\":\"https:\/\/www.elektrokul.dk\/#organization\",\"name\":\"Elektrokul A\/S\",\"url\":\"https:\/\/www.elektrokul.dk\/\",\"logo\":{\"@type\":\"ImageObject\",\"inLanguage\":\"en-US\",\"@id\":\"https:\/\/www.elektrokul.dk\/#\/schema\/logo\/image\/\",\"url\":\"https:\/\/www.elektrokul.dk\/wp-content\/uploads\/2022\/05\/logo-3.png\",\"contentUrl\":\"https:\/\/www.elektrokul.dk\/wp-content\/uploads\/2022\/05\/logo-3.png\",\"width\":535,\"height\":100,\"caption\":\"Elektrokul A\/S\"},\"image\":{\"@id\":\"https:\/\/www.elektrokul.dk\/#\/schema\/logo\/image\/\"}}]}<\/script>\n<!-- \/ Yoast SEO plugin. -->","yoast_head_json":{"title":"Vindenergi produkter\u200b &#183; Elektrokul A\/S","robots":{"index":"index","follow":"follow","max-snippet":"max-snippet:-1","max-image-preview":"max-image-preview:large","max-video-preview":"max-video-preview:-1"},"canonical":"https:\/\/www.elektrokul.dk\/en\/vindenergi-produkter\/","og_locale":"en_US","og_type":"article","og_title":"Vindenergi produkter\u200b &#183; Elektrokul A\/S","og_description":"[vc_row full_width=&#8221;stretch_row&#8221;][vc_column][vc_column_text] Vindenergi produkter\u200b Kulb\u00f8rster, kulholdere, sl\u00e6beringe, mm. til vindm\u00f8lle fabrikater s\u00e5 som: Vestas, Bonus-Siemens, Gamesa, Nordex, Senvion, med flere.\u200b [\/vc_column_text][vc_empty_space height=&#8221;60px&#8221;][vc_media_grid style=&#8221;pagination&#8221; items_per_page=&#8221;4&#8243; element_width=&#8221;3&#8243; gap=&#8221;20&#8243; paging_color=&#8221;black&#8221; loop=&#8221;yes&#8221; grid_id=&#8221;vc_gid:1653389052204-12e39299-06e4-3&#8243; include=&#8221;3646,3647,3648,3649,3650,3651,3652,3653&#8243;][\/vc_column][\/vc_row][vc_row full_width=&#8221;stretch_row_content_no_spaces&#8221; equal_height=&#8221;yes&#8221; css=&#8221;.vc_custom_1653389068167{background-color: #f7f7f7 !important;}&#8221;][vc_column width=&#8221;1\/2&#8243; el_class=&#8221;stretch&#8221;][vc_column_text] Do you have any questions? We are ready to answer any questions you may have that you will ... Read more","og_url":"https:\/\/www.elektrokul.dk\/en\/vindenergi-produkter\/","og_site_name":"Elektrokul A\/S","article_modified_time":"2022-06-24T12:25:47+00:00","og_image":[{"width":960,"height":300,"url":"https:\/\/www.elektrokul.dk\/wp-content\/uploads\/2022\/05\/vindenergi-produkter-1968.jpg","type":"image\/jpeg"}],"twitter_card":"summary_large_image","twitter_misc":{"Est. reading time":"1 minute"},"schema":{"@context":"https:\/\/schema.org","@graph":[{"@type":"WebPage","@id":"https:\/\/www.elektrokul.dk\/en\/vindenergi-produkter\/","url":"https:\/\/www.elektrokul.dk\/en\/vindenergi-produkter\/","name":"Vindenergi produkter\u200b &#183; Elektrokul A\/S","isPartOf":{"@id":"https:\/\/www.elektrokul.dk\/#website"},"primaryImageOfPage":{"@id":"https:\/\/www.elektrokul.dk\/en\/vindenergi-produkter\/#primaryimage"},"image":{"@id":"https:\/\/www.elektrokul.dk\/en\/vindenergi-produkter\/#primaryimage"},"thumbnailUrl":"https:\/\/www.elektrokul.dk\/wp-content\/uploads\/2024\/05\/vind-energi.png","datePublished":"2022-05-24T06:26:13+00:00","dateModified":"2022-06-24T12:25:47+00:00","breadcrumb":{"@id":"https:\/\/www.elektrokul.dk\/en\/vindenergi-produkter\/#breadcrumb"},"inLanguage":"en-US","potentialAction":[{"@type":"ReadAction","target":["https:\/\/www.elektrokul.dk\/en\/vindenergi-produkter\/"]}]},{"@type":"ImageObject","inLanguage":"en-US","@id":"https:\/\/www.elektrokul.dk\/en\/vindenergi-produkter\/#primaryimage","url":"https:\/\/www.elektrokul.dk\/wp-content\/uploads\/2024\/05\/vind-energi.png","contentUrl":"https:\/\/www.elektrokul.dk\/wp-content\/uploads\/2024\/05\/vind-energi.png","width":1072,"height":811,"caption":"Vind Energi"},{"@type":"BreadcrumbList","@id":"https:\/\/www.elektrokul.dk\/en\/vindenergi-produkter\/#breadcrumb","itemListElement":[{"@type":"ListItem","position":1,"name":"Hjem","item":"https:\/\/www.elektrokul.dk\/en\/front-page\/"},{"@type":"ListItem","position":2,"name":"Vindenergi produkter\u200b"}]},{"@type":"WebSite","@id":"https:\/\/www.elektrokul.dk\/#website","url":"https:\/\/www.elektrokul.dk\/","name":"Elektrokul A\/S","description":"Mekanisk grafit og andre kulvarer fra egen fabrik","publisher":{"@id":"https:\/\/www.elektrokul.dk\/#organization"},"potentialAction":[{"@type":"SearchAction","target":{"@type":"EntryPoint","urlTemplate":"https:\/\/www.elektrokul.dk\/?s={search_term_string}"},"query-input":{"@type":"PropertyValueSpecification","valueRequired":true,"valueName":"search_term_string"}}],"inLanguage":"en-US"},{"@type":"Organization","@id":"https:\/\/www.elektrokul.dk\/#organization","name":"Elektrokul A\/S","url":"https:\/\/www.elektrokul.dk\/","logo":{"@type":"ImageObject","inLanguage":"en-US","@id":"https:\/\/www.elektrokul.dk\/#\/schema\/logo\/image\/","url":"https:\/\/www.elektrokul.dk\/wp-content\/uploads\/2022\/05\/logo-3.png","contentUrl":"https:\/\/www.elektrokul.dk\/wp-content\/uploads\/2022\/05\/logo-3.png","width":535,"height":100,"caption":"Elektrokul A\/S"},"image":{"@id":"https:\/\/www.elektrokul.dk\/#\/schema\/logo\/image\/"}}]}},"_links":{"self":[{"href":"https:\/\/www.elektrokul.dk\/en\/wp-json\/wp\/v2\/pages\/4014","targetHints":{"allow":["GET"]}}],"collection":[{"href":"https:\/\/www.elektrokul.dk\/en\/wp-json\/wp\/v2\/pages"}],"about":[{"href":"https:\/\/www.elektrokul.dk\/en\/wp-json\/wp\/v2\/types\/page"}],"author":[{"embeddable":true,"href":"https:\/\/www.elektrokul.dk\/en\/wp-json\/wp\/v2\/users\/1"}],"replies":[{"embeddable":true,"href":"https:\/\/www.elektrokul.dk\/en\/wp-json\/wp\/v2\/comments?post=4014"}],"version-history":[{"count":4,"href":"https:\/\/www.elektrokul.dk\/en\/wp-json\/wp\/v2\/pages\/4014\/revisions"}],"predecessor-version":[{"id":4450,"href":"https:\/\/www.elektrokul.dk\/en\/wp-json\/wp\/v2\/pages\/4014\/revisions\/4450"}],"wp:featuredmedia":[{"embeddable":true,"href":"https:\/\/www.elektrokul.dk\/en\/wp-json\/wp\/v2\/media\/4817"}],"wp:attachment":[{"href":"https:\/\/www.elektrokul.dk\/en\/wp-json\/wp\/v2\/media?parent=4014"}],"wp:term":[{"taxonomy":"category","embeddable":true,"href":"https:\/\/www.elektrokul.dk\/en\/wp-json\/wp\/v2\/categories?post=4014"}],"curies":[{"name":"wp","href":"https:\/\/api.w.org\/{rel}","templated":true}]}}