{"id":4012,"date":"2022-05-24T08:25:39","date_gmt":"2022-05-24T06:25:39","guid":{"rendered":"https:\/\/www.elektrokul.dk\/slaeberinge-og-kommutatorer\/"},"modified":"2022-06-24T14:25:30","modified_gmt":"2022-06-24T12:25:30","slug":"slaeberinge-og-kommutatorer","status":"publish","type":"page","link":"https:\/\/www.elektrokul.dk\/en\/slaeberinge-og-kommutatorer\/","title":{"rendered":"Slip Rings and Commutators"},"content":{"rendered":"<section class=\"wpb-content-wrapper\"><p>[vc_row full_width=&#8221;stretch_row&#8221;][vc_column]<div class=\"ult-spacer spacer-69ea0476bb68a\" data-id=\"69ea0476bb68a\" data-height=\"90\" data-height-mobile=\"60\" data-height-tab=\"90\" data-height-tab-portrait=\"60\" data-height-mobile-landscape=\"60\" style=\"clear:both;display:block;\"><\/div>[vc_row_inner][vc_column_inner offset=&#8221;vc_col-lg-8 vc_col-md-8 vc_col-xs-12&#8243;][vc_column_text]<\/p>\n<h2>Kommutatorer &amp; Sl\u00e6beringe<\/h2>\n<p>Kommutatorer anvendes i de fleste j\u00e6vnstr\u00f8msmaskiner og ogs\u00e5 i nogle vekselstr\u00f8msmaskiner, kommutatoren er presset fast p\u00e5 maskindelens aksel og roterer med \u00f8vrige komponenter. Viklingen fra maskinens rotor er enten loddet eller svejset fast til de enkelte lameller, der er isoleret fra hverandre og fra akseldelen. Kommutatorer best\u00e5r af en kobberlegering, der sikrer god kontakt til kulb\u00f8rster.<\/p>\n<p>Der findes mange varianter, enkelte lagerf\u00f8res, men oftest er det specielle m\u00e5l og lamelantal, hvorfor der i hvert tilf\u00e6lde m\u00e5 foresp\u00f8rges konkret.\u200b<\/p>\n<p>Sl\u00e6beringe anvendes b\u00e5de i motorer, generatorer og andre str\u00f8moverf\u00f8rende konstruktioner, sl\u00e6beringe er oftest i bronze eller messing, presset fast p\u00e5 maskindelens aksel, isoleret fra denne og forbundet med vikling eller andre elektriske kredsl\u00f8b via loddeflig eller gevindbolt. Sl\u00e6beringe er oftest med 2 eller flere ringe, isoleret fra hverandre. Sl\u00e6beringene overf\u00f8rer str\u00f8m via kulb\u00f8rster til den faste maskindel.<\/p>\n<p>Der findes standardm\u00e5l, som normalt hurtigt kan fremskaffes, andre kan fremstilles p\u00e5 forlangende\u200b<\/p>\n<p>Sl\u00e6beringe 2-rings\u200b &#8211; <a href=\"\/wp-content\/uploads\/2022\/05\/384-23172-rings.pdf\" target=\"_blank\" rel=\"noopener\">Hent katalog<\/a><\/p>\n<p>Sl\u00e6beringe 3-rings\u200b &#8211; <a href=\"\/wp-content\/uploads\/2022\/05\/385-23173-rings.pdf\" target=\"_blank\" rel=\"noopener\">Hent katalog<\/a><\/p>\n<p>Sl\u00e6beringe 4-rings\u200b &#8211; <a href=\"\/wp-content\/uploads\/2022\/05\/386-23174-rings.pdf\" target=\"_blank\" rel=\"noopener\">Hent katalog<\/a><\/p>\n<p>Sl\u00e6beringe 5 og 6-rings\u200b &#8211; <a href=\"\/wp-content\/uploads\/2022\/05\/387-23175-6-rings.pdf\" target=\"_blank\" rel=\"noopener\">Hent katalog<\/a><\/p>\n<p>Sl\u00e6beringe 7 eller flere-rings\u200b &#8211; <a href=\"\/wp-content\/uploads\/2022\/05\/388-23177-og-flere-rings.pdf\" target=\"_blank\" rel=\"noopener\">Hent katalog<\/a>[\/vc_column_text][vc_empty_space height=&#8221;30px&#8221;][vc_media_grid style=&#8221;pagination&#8221; items_per_page=&#8221;2&#8243; element_width=&#8221;6&#8243; gap=&#8221;20&#8243; paging_color=&#8221;black&#8221; loop=&#8221;yes&#8221; grid_id=&#8221;vc_gid:1653388908754-b3c62c1b-50ad-0&#8243; include=&#8221;3640,3641,3642,3643&#8243;]<div class=\"ult-spacer spacer-69ea0476bb6d5\" data-id=\"69ea0476bb6d5\" data-height=\"0\" data-height-mobile=\"30\" data-height-tab=\"0\" data-height-tab-portrait=\"30\" data-height-mobile-landscape=\"30\" style=\"clear:both;display:block;\"><\/div>[\/vc_column_inner][vc_column_inner offset=&#8221;vc_col-lg-4 vc_col-md-4 vc_col-xs-12&#8243;][vc_widget_sidebar sidebar_id=&#8221;sidebar-1&#8243; el_class=&#8221;contact-sidebar&#8221;][\/vc_column_inner][\/vc_row_inner]<div class=\"ult-spacer spacer-69ea0476bb6fa\" data-id=\"69ea0476bb6fa\" data-height=\"90\" data-height-mobile=\"60\" data-height-tab=\"90\" data-height-tab-portrait=\"60\" data-height-mobile-landscape=\"60\" style=\"clear:both;display:block;\"><\/div>[\/vc_column][\/vc_row][vc_row full_width=&#8221;stretch_row_content_no_spaces&#8221; equal_height=&#8221;yes&#8221; css=&#8221;.vc_custom_1653387499197{background-color: #f7f7f7 !important;}&#8221;][vc_column width=&#8221;1\/2&#8243; el_class=&#8221;stretch&#8221;][vc_column_text]<\/p>\n<h3>Do you have any questions?<\/h3>\n<p>We are ready to answer any questions you may have that you will not get answered here on the website. So do not hesitate to call or write to us.<\/p>\n<p>We are happy to have a completely non-binding talk with you about your plans.[\/vc_column_text][\/vc_column][vc_column width=&#8221;1\/2&#8243; css=&#8221;.vc_custom_1653380119298{background-image: url(https:\/\/www.elektrokul.dk\/wp-content\/uploads\/2022\/05\/5651-go-elektrokulas-06-2096.jpg?id=3284) !important;background-position: center !important;background-repeat: no-repeat !important;background-size: cover !important;}&#8221;]<div class=\"ult-spacer spacer-69ea0476bb719\" data-id=\"69ea0476bb719\" data-height=\"\" data-height-mobile=\"250\" data-height-tab=\"\" data-height-tab-portrait=\"400\" data-height-mobile-landscape=\"300\" style=\"clear:both;display:block;\"><\/div>[\/vc_column][\/vc_row]<\/p>\n<\/section>","protected":false},"excerpt":{"rendered":"<p>[vc_row full_width=&#8221;stretch_row&#8221;][vc_column][vc_row_inner][vc_column_inner offset=&#8221;vc_col-lg-8 vc_col-md-8 vc_col-xs-12&#8243;][vc_column_text] Kommutatorer &amp; Sl\u00e6beringe Kommutatorer anvendes i de fleste j\u00e6vnstr\u00f8msmaskiner og ogs\u00e5 i nogle vekselstr\u00f8msmaskiner, kommutatoren er presset fast p\u00e5 maskindelens aksel og roterer med \u00f8vrige komponenter. Viklingen fra maskinens rotor er enten loddet eller svejset fast til de enkelte lameller, der er isoleret fra hverandre og fra akseldelen. Kommutatorer best\u00e5r &#8230; <a title=\"Slip Rings and Commutators\" class=\"read-more\" href=\"https:\/\/www.elektrokul.dk\/en\/slaeberinge-og-kommutatorer\/\" aria-label=\"More on Slip Rings and Commutators\">Read more<\/a><\/p>\n","protected":false},"author":1,"featured_media":4814,"parent":0,"menu_order":0,"comment_status":"closed","ping_status":"closed","template":"","meta":{"_acf_changed":false,"footnotes":""},"categories":[21],"class_list":{"0":"post-4012","1":"page","2":"type-page","3":"status-publish","4":"has-post-thumbnail","6":"category-products"},"acf":[],"yoast_head":"<!-- This site is optimized with the Yoast SEO plugin v26.6 - https:\/\/yoast.com\/wordpress\/plugins\/seo\/ -->\n<title>Slip Rings and Commutators &#183; Elektrokul A\/S<\/title>\n<meta name=\"robots\" content=\"index, follow, max-snippet:-1, max-image-preview:large, max-video-preview:-1\" \/>\n<link rel=\"canonical\" href=\"https:\/\/www.elektrokul.dk\/en\/slaeberinge-og-kommutatorer\/\" \/>\n<meta property=\"og:locale\" content=\"en_US\" \/>\n<meta property=\"og:type\" content=\"article\" \/>\n<meta property=\"og:title\" content=\"Slip Rings and Commutators &#183; Elektrokul A\/S\" \/>\n<meta property=\"og:description\" content=\"[vc_row full_width=&#8221;stretch_row&#8221;][vc_column][vc_row_inner][vc_column_inner offset=&#8221;vc_col-lg-8 vc_col-md-8 vc_col-xs-12&#8243;][vc_column_text] Kommutatorer &amp; Sl\u00e6beringe Kommutatorer anvendes i de fleste j\u00e6vnstr\u00f8msmaskiner og ogs\u00e5 i nogle vekselstr\u00f8msmaskiner, kommutatoren er presset fast p\u00e5 maskindelens aksel og roterer med \u00f8vrige komponenter. Viklingen fra maskinens rotor er enten loddet eller svejset fast til de enkelte lameller, der er isoleret fra hverandre og fra akseldelen. Kommutatorer best\u00e5r ... Read more\" \/>\n<meta property=\"og:url\" content=\"https:\/\/www.elektrokul.dk\/en\/slaeberinge-og-kommutatorer\/\" \/>\n<meta property=\"og:site_name\" content=\"Elektrokul A\/S\" \/>\n<meta property=\"article:modified_time\" content=\"2022-06-24T12:25:30+00:00\" \/>\n<meta property=\"og:image\" content=\"https:\/\/www.elektrokul.dk\/wp-content\/uploads\/2022\/05\/slaeberinge-1964.jpg\" \/>\n\t<meta property=\"og:image:width\" content=\"960\" \/>\n\t<meta property=\"og:image:height\" content=\"300\" \/>\n\t<meta property=\"og:image:type\" content=\"image\/jpeg\" \/>\n<meta name=\"twitter:card\" content=\"summary_large_image\" \/>\n<meta name=\"twitter:label1\" content=\"Est. reading time\" \/>\n\t<meta name=\"twitter:data1\" content=\"2 minutes\" \/>\n<script type=\"application\/ld+json\" class=\"yoast-schema-graph\">{\"@context\":\"https:\/\/schema.org\",\"@graph\":[{\"@type\":\"WebPage\",\"@id\":\"https:\/\/www.elektrokul.dk\/en\/slaeberinge-og-kommutatorer\/\",\"url\":\"https:\/\/www.elektrokul.dk\/en\/slaeberinge-og-kommutatorer\/\",\"name\":\"Slip Rings and Commutators &#183; Elektrokul A\/S\",\"isPartOf\":{\"@id\":\"https:\/\/www.elektrokul.dk\/#website\"},\"primaryImageOfPage\":{\"@id\":\"https:\/\/www.elektrokul.dk\/en\/slaeberinge-og-kommutatorer\/#primaryimage\"},\"image\":{\"@id\":\"https:\/\/www.elektrokul.dk\/en\/slaeberinge-og-kommutatorer\/#primaryimage\"},\"thumbnailUrl\":\"https:\/\/www.elektrokul.dk\/wp-content\/uploads\/2024\/05\/slaeberinge.jpg\",\"datePublished\":\"2022-05-24T06:25:39+00:00\",\"dateModified\":\"2022-06-24T12:25:30+00:00\",\"breadcrumb\":{\"@id\":\"https:\/\/www.elektrokul.dk\/en\/slaeberinge-og-kommutatorer\/#breadcrumb\"},\"inLanguage\":\"en-US\",\"potentialAction\":[{\"@type\":\"ReadAction\",\"target\":[\"https:\/\/www.elektrokul.dk\/en\/slaeberinge-og-kommutatorer\/\"]}]},{\"@type\":\"ImageObject\",\"inLanguage\":\"en-US\",\"@id\":\"https:\/\/www.elektrokul.dk\/en\/slaeberinge-og-kommutatorer\/#primaryimage\",\"url\":\"https:\/\/www.elektrokul.dk\/wp-content\/uploads\/2024\/05\/slaeberinge.jpg\",\"contentUrl\":\"https:\/\/www.elektrokul.dk\/wp-content\/uploads\/2024\/05\/slaeberinge.jpg\",\"width\":1280,\"height\":888,\"caption\":\"Sl\u00e6beringe\"},{\"@type\":\"BreadcrumbList\",\"@id\":\"https:\/\/www.elektrokul.dk\/en\/slaeberinge-og-kommutatorer\/#breadcrumb\",\"itemListElement\":[{\"@type\":\"ListItem\",\"position\":1,\"name\":\"Hjem\",\"item\":\"https:\/\/www.elektrokul.dk\/en\/front-page\/\"},{\"@type\":\"ListItem\",\"position\":2,\"name\":\"Slip Rings and Commutators\"}]},{\"@type\":\"WebSite\",\"@id\":\"https:\/\/www.elektrokul.dk\/#website\",\"url\":\"https:\/\/www.elektrokul.dk\/\",\"name\":\"Elektrokul A\/S\",\"description\":\"Mekanisk grafit og andre kulvarer fra egen fabrik\",\"publisher\":{\"@id\":\"https:\/\/www.elektrokul.dk\/#organization\"},\"potentialAction\":[{\"@type\":\"SearchAction\",\"target\":{\"@type\":\"EntryPoint\",\"urlTemplate\":\"https:\/\/www.elektrokul.dk\/?s={search_term_string}\"},\"query-input\":{\"@type\":\"PropertyValueSpecification\",\"valueRequired\":true,\"valueName\":\"search_term_string\"}}],\"inLanguage\":\"en-US\"},{\"@type\":\"Organization\",\"@id\":\"https:\/\/www.elektrokul.dk\/#organization\",\"name\":\"Elektrokul A\/S\",\"url\":\"https:\/\/www.elektrokul.dk\/\",\"logo\":{\"@type\":\"ImageObject\",\"inLanguage\":\"en-US\",\"@id\":\"https:\/\/www.elektrokul.dk\/#\/schema\/logo\/image\/\",\"url\":\"https:\/\/www.elektrokul.dk\/wp-content\/uploads\/2022\/05\/logo-3.png\",\"contentUrl\":\"https:\/\/www.elektrokul.dk\/wp-content\/uploads\/2022\/05\/logo-3.png\",\"width\":535,\"height\":100,\"caption\":\"Elektrokul A\/S\"},\"image\":{\"@id\":\"https:\/\/www.elektrokul.dk\/#\/schema\/logo\/image\/\"}}]}<\/script>\n<!-- \/ Yoast SEO plugin. -->","yoast_head_json":{"title":"Slip Rings and Commutators &#183; Elektrokul A\/S","robots":{"index":"index","follow":"follow","max-snippet":"max-snippet:-1","max-image-preview":"max-image-preview:large","max-video-preview":"max-video-preview:-1"},"canonical":"https:\/\/www.elektrokul.dk\/en\/slaeberinge-og-kommutatorer\/","og_locale":"en_US","og_type":"article","og_title":"Slip Rings and Commutators &#183; Elektrokul A\/S","og_description":"[vc_row full_width=&#8221;stretch_row&#8221;][vc_column][vc_row_inner][vc_column_inner offset=&#8221;vc_col-lg-8 vc_col-md-8 vc_col-xs-12&#8243;][vc_column_text] Kommutatorer &amp; Sl\u00e6beringe Kommutatorer anvendes i de fleste j\u00e6vnstr\u00f8msmaskiner og ogs\u00e5 i nogle vekselstr\u00f8msmaskiner, kommutatoren er presset fast p\u00e5 maskindelens aksel og roterer med \u00f8vrige komponenter. Viklingen fra maskinens rotor er enten loddet eller svejset fast til de enkelte lameller, der er isoleret fra hverandre og fra akseldelen. Kommutatorer best\u00e5r ... Read more","og_url":"https:\/\/www.elektrokul.dk\/en\/slaeberinge-og-kommutatorer\/","og_site_name":"Elektrokul A\/S","article_modified_time":"2022-06-24T12:25:30+00:00","og_image":[{"width":960,"height":300,"url":"https:\/\/www.elektrokul.dk\/wp-content\/uploads\/2022\/05\/slaeberinge-1964.jpg","type":"image\/jpeg"}],"twitter_card":"summary_large_image","twitter_misc":{"Est. reading time":"2 minutes"},"schema":{"@context":"https:\/\/schema.org","@graph":[{"@type":"WebPage","@id":"https:\/\/www.elektrokul.dk\/en\/slaeberinge-og-kommutatorer\/","url":"https:\/\/www.elektrokul.dk\/en\/slaeberinge-og-kommutatorer\/","name":"Slip Rings and Commutators &#183; Elektrokul A\/S","isPartOf":{"@id":"https:\/\/www.elektrokul.dk\/#website"},"primaryImageOfPage":{"@id":"https:\/\/www.elektrokul.dk\/en\/slaeberinge-og-kommutatorer\/#primaryimage"},"image":{"@id":"https:\/\/www.elektrokul.dk\/en\/slaeberinge-og-kommutatorer\/#primaryimage"},"thumbnailUrl":"https:\/\/www.elektrokul.dk\/wp-content\/uploads\/2024\/05\/slaeberinge.jpg","datePublished":"2022-05-24T06:25:39+00:00","dateModified":"2022-06-24T12:25:30+00:00","breadcrumb":{"@id":"https:\/\/www.elektrokul.dk\/en\/slaeberinge-og-kommutatorer\/#breadcrumb"},"inLanguage":"en-US","potentialAction":[{"@type":"ReadAction","target":["https:\/\/www.elektrokul.dk\/en\/slaeberinge-og-kommutatorer\/"]}]},{"@type":"ImageObject","inLanguage":"en-US","@id":"https:\/\/www.elektrokul.dk\/en\/slaeberinge-og-kommutatorer\/#primaryimage","url":"https:\/\/www.elektrokul.dk\/wp-content\/uploads\/2024\/05\/slaeberinge.jpg","contentUrl":"https:\/\/www.elektrokul.dk\/wp-content\/uploads\/2024\/05\/slaeberinge.jpg","width":1280,"height":888,"caption":"Sl\u00e6beringe"},{"@type":"BreadcrumbList","@id":"https:\/\/www.elektrokul.dk\/en\/slaeberinge-og-kommutatorer\/#breadcrumb","itemListElement":[{"@type":"ListItem","position":1,"name":"Hjem","item":"https:\/\/www.elektrokul.dk\/en\/front-page\/"},{"@type":"ListItem","position":2,"name":"Slip Rings and Commutators"}]},{"@type":"WebSite","@id":"https:\/\/www.elektrokul.dk\/#website","url":"https:\/\/www.elektrokul.dk\/","name":"Elektrokul A\/S","description":"Mekanisk grafit og andre kulvarer fra egen fabrik","publisher":{"@id":"https:\/\/www.elektrokul.dk\/#organization"},"potentialAction":[{"@type":"SearchAction","target":{"@type":"EntryPoint","urlTemplate":"https:\/\/www.elektrokul.dk\/?s={search_term_string}"},"query-input":{"@type":"PropertyValueSpecification","valueRequired":true,"valueName":"search_term_string"}}],"inLanguage":"en-US"},{"@type":"Organization","@id":"https:\/\/www.elektrokul.dk\/#organization","name":"Elektrokul A\/S","url":"https:\/\/www.elektrokul.dk\/","logo":{"@type":"ImageObject","inLanguage":"en-US","@id":"https:\/\/www.elektrokul.dk\/#\/schema\/logo\/image\/","url":"https:\/\/www.elektrokul.dk\/wp-content\/uploads\/2022\/05\/logo-3.png","contentUrl":"https:\/\/www.elektrokul.dk\/wp-content\/uploads\/2022\/05\/logo-3.png","width":535,"height":100,"caption":"Elektrokul A\/S"},"image":{"@id":"https:\/\/www.elektrokul.dk\/#\/schema\/logo\/image\/"}}]}},"_links":{"self":[{"href":"https:\/\/www.elektrokul.dk\/en\/wp-json\/wp\/v2\/pages\/4012","targetHints":{"allow":["GET"]}}],"collection":[{"href":"https:\/\/www.elektrokul.dk\/en\/wp-json\/wp\/v2\/pages"}],"about":[{"href":"https:\/\/www.elektrokul.dk\/en\/wp-json\/wp\/v2\/types\/page"}],"author":[{"embeddable":true,"href":"https:\/\/www.elektrokul.dk\/en\/wp-json\/wp\/v2\/users\/1"}],"replies":[{"embeddable":true,"href":"https:\/\/www.elektrokul.dk\/en\/wp-json\/wp\/v2\/comments?post=4012"}],"version-history":[{"count":6,"href":"https:\/\/www.elektrokul.dk\/en\/wp-json\/wp\/v2\/pages\/4012\/revisions"}],"predecessor-version":[{"id":4438,"href":"https:\/\/www.elektrokul.dk\/en\/wp-json\/wp\/v2\/pages\/4012\/revisions\/4438"}],"wp:featuredmedia":[{"embeddable":true,"href":"https:\/\/www.elektrokul.dk\/en\/wp-json\/wp\/v2\/media\/4814"}],"wp:attachment":[{"href":"https:\/\/www.elektrokul.dk\/en\/wp-json\/wp\/v2\/media?parent=4012"}],"wp:term":[{"taxonomy":"category","embeddable":true,"href":"https:\/\/www.elektrokul.dk\/en\/wp-json\/wp\/v2\/categories?post=4012"}],"curies":[{"name":"wp","href":"https:\/\/api.w.org\/{rel}","templated":true}]}}