{"id":900684,"date":"2022-05-24T08:33:15","date_gmt":"2022-05-24T06:33:15","guid":{"rendered":"https:\/\/www.elektrokul.dk\/dauermagnete\/"},"modified":"2025-12-17T09:42:14","modified_gmt":"2025-12-17T08:42:14","slug":"dauermagnete","status":"publish","type":"page","link":"https:\/\/www.elektrokul.dk\/de\/dauermagnete\/","title":{"rendered":"Dauermagnete"},"content":{"rendered":"<section class=\"wpb-content-wrapper\"><p>[vc_row full_width=&#8220;stretch_row&#8220; css=&#8220;.vc_custom_1653378668627{background-color: #f7f7f7 !important;}&#8220;][vc_column]<div class=\"ult-spacer spacer-69d226b139f68\" data-id=\"69d226b139f68\" data-height=\"90\" data-height-mobile=\"60\" data-height-tab=\"90\" data-height-tab-portrait=\"60\" data-height-mobile-landscape=\"60\" style=\"clear:both;display:block;\"><\/div>[vc_basic_grid post_type=&#8220;page&#8220; max_items=&#8220;-1&#8243; element_width=&#8220;2&#8243; gap=&#8220;20&#8243; order=&#8220;ASC&#8220; item=&#8220;3474&#8243; grid_id=&#8220;vc_gid:1681992397097-ee0789fb-0439-4&#8243; taxonomies=&#8220;13&#8243;]<div class=\"ult-spacer spacer-69d226b139fb6\" data-id=\"69d226b139fb6\" data-height=\"90\" data-height-mobile=\"60\" data-height-tab=\"90\" data-height-tab-portrait=\"60\" data-height-mobile-landscape=\"60\" style=\"clear:both;display:block;\"><\/div>[\/vc_column][\/vc_row][vc_row full_width=&#8220;stretch_row&#8220;][vc_column]<div class=\"ult-spacer spacer-69d226b139fe0\" data-id=\"69d226b139fe0\" data-height=\"90\" data-height-mobile=\"60\" data-height-tab=\"90\" data-height-tab-portrait=\"60\" data-height-mobile-landscape=\"60\" style=\"clear:both;display:block;\"><\/div>[vc_row_inner][vc_column_inner offset=&#8220;vc_col-lg-8 vc_col-md-8 vc_col-xs-12&#8243;][vc_column_text]<\/p>\n<h2>Liste der Begriffe<\/h2>\n<p><strong>Anisotrop &#8211; isotrop:<\/strong><\/p>\n<p>Wenn eine magnetische Substanz in ein Magnetfeld gepresst wird, wird diese Substanz als speziell gerichtet oder anisotrop bezeichnet. Wenn die Substanz nicht in ein Magnetfeld gepresst wird, wird sie isotrop genannt. Sp\u00e4ter kann isotrope Materie in alle Richtungen magnetisiert werden, w\u00e4hrend anisotrope Materie nur in der speziellen Richtung magnetisiert werden kann. Die Remanenz (Br) von anisotroper Materie (in der speziellen Richtung) ist etwa doppelt so hoch wie die Remanenz von isotroper Materie (siehe Abbildung 1).   <\/p>\n<h3>Allgemeine Eigenschaften<\/h3>\n<p>B:<br \/>\nSiehe magnetische Induktion.<br \/>\n(BH)max<br \/>\nSiehe maximale Energiemasse.<br \/>\nBr:<br \/>\nSehen Sie sich die Remanenz an.<\/p>\n<p><strong>Koerzitivfeldst\u00e4rke, normal HcB:<\/strong><br \/>\nDie Feldst\u00e4rke, die erforderlich ist, um die magnetische Induktion in einer magnetischen Substanz o zu erzeugen (siehe Entmagnetisierungskurve). Das &#8222;-&#8220; wird in Spezifikationen oft weggelassen. Einheiten: A\/m oder Oe.  <\/p>\n<p><strong>Koerzitivfeldst\u00e4rke, intrinsisch HcJ:<\/strong><br \/>\nDie Feldst\u00e4rke, die erforderlich ist, um eine magnetische Substanz o zu polarisieren (siehe Entmagnetisierungskurve). Das &#8222;-&#8220; wird in den Spezifikationen oft weggelassen. Einheiten: A\/m oder Oe.  <\/p>\n<p><strong>Curie-Temperatur:<\/strong><br \/>\nTemperatur, bei der der Magnetismus vollst\u00e4ndig verschwindet. Einheiten u.a. C und K. <\/p>\n<p><strong>Entmagnetisierungskurve:<\/strong><br \/>\n(zweiter Quadrant der Hysteresekurve)<\/p>\n<p>Die Entmagnetisierungskurve einer magnetischen Substanz wird bestimmt, indem die magnetische Substanz in ein geschlossenes System gebracht und mit Hilfe von Spulen ein Magnetfeld erzeugt wird. Zun\u00e4chst wird die Substanz bis zum S\u00e4ttigungspunkt (+H) magnetisiert und dann entmagnetisiert (-H). W\u00e4hrend dieses Vorgangs wird die Polarisation der magnetischen Substanz (J) gemessen. Die magnetische Induktion B im Magneten wird anhand der folgenden Formel berechnet:   <\/p>\n<p>B=J+uo*H, wobei<br \/>\nJ = Polarisation der Substanz (Anteil der Substanz)<br \/>\nUo*H = Anteil des Feldes[\/vc_column_text][vc_empty_space height=&#8220;30px&#8220;][vc_media_grid element_width=&#8220;3&#8243; gap=&#8220;20&#8243; item=&#8220;467&#8243; grid_id=&#8220;vc_gid:1681992397099-8ebcf303-e7f8-10&#8243; include=&#8220;3688,3687,3692,3693&#8243;][vc_empty_space height=&#8220;30px&#8220;][vc_separator][vc_empty_space height=&#8220;30px&#8220;][vc_column_text]<\/p>\n<h3>Massenfluss<\/h3>\n<p>Siehe magnetische Induktion.[\/vc_column_text][vc_empty_space height=&#8220;30px&#8220;][vc_media_grid element_width=&#8220;3&#8243; gap=&#8220;20&#8243; item=&#8220;467&#8243; grid_id=&#8220;vc_gid:1681992397101-02985b5a-ded4-8&#8243; include=&#8220;3696&#8243;][vc_empty_space height=&#8220;30px&#8220;][vc_column_text]<strong>HcB:<\/strong><br \/>\nSiehe Koerzitivfeldst\u00e4rke, normal.<br \/>\n<strong>HcJ:<\/strong><br \/>\nSiehe Koerzitivfeldst\u00e4rke, intrinsisch.<\/p>\n<p>Verluste, die nicht wiederhergestellt werden k\u00f6nnen, k\u00f6nnen wiederhergestellt werden.<br \/>\nPermanenter Verlust von Magnetismus, z. B. durch hohe Temperaturen.<br \/>\nNur durch Ummagnetisierung kann der Verlust wiederhergestellt werden.<\/p>\n<p>Verluste, die nicht wiederhergestellt werden k\u00f6nnen, k\u00f6nnen nicht wiederhergestellt werden.<br \/>\nPermanenter Verlust von Magnetismus, z.B. aufgrund von \u00fcberm\u00e4\u00dfiger Temperatur oder Sauerstoffzufuhr.<br \/>\nDieser Verlust kann nicht wiederhergestellt werden.<\/p>\n<p>Isotrop:<br \/>\nSiehe anisotrop.<\/p>\n<p><strong>J:<\/strong><br \/>\nSiehe magnetische Polarisation<\/p>\n<p>Magnetische Induktion, B:<br \/>\nMagnetische Ausrichtung in einer Substanz als Ergebnis eines Magnetfeldes (H) und\/oder einer magnetischen Substanz (J) oder: Die Anzahl der Magnetfeldlinien pro Fl\u00e4cheneinheit. Einheiten: Umfasst T und G <\/p>\n<p>Magnetische Polarisation, J:<br \/>\nAnteil der Materie an der magnetischen Induktion. Die Einheiten umfassen T und G. <\/p>\n<p>Magnetische Feldst\u00e4rke, H:<br \/>\nMagnetische Kraft, die zu einer magnetischen Induktion f\u00fchrt.<\/p>\n<p>Maximale Energiemasse (BH) max:<br \/>\nGr\u00f6\u00dftm\u00f6gliches Produkt von B und H auf der Entmagnetisierungskurve (siehe Entmagnetisierungskurve). Im Allgemeinen gilt: Je gr\u00f6\u00dfer die (BH) der magnetischen Substanz ist, desto kleiner kann das Volumen sein. Das &#8222;-&#8220; wird in den Spezifikationen normalerweise weggelassen. Einheiten: kJ\/m3 und MGOe. Zum Beispiel: das Volumen eines GSN35 Magneten kann +- 10 x kleiner sein als das Volumen eines GSF33H Magneten und trotzdem die gleiche Anwendung haben.[\/vc_column_text][vc_empty_space height=&#8220;30px&#8220;][vc_separator][vc_empty_space height=&#8220;30px&#8220;][vc_column_text]<\/p>\n<h3>Allgemeine Eigenschaften<\/h3>\n<p>Die Werte k\u00f6nnen nur zum Vergleich von Substanzen verwendet werden. Mechanische Belastung: Aufgrund der Zerbrechlichkeit ist es nicht empfehlenswert, die Magnete mechanischer Belastung auszusetzen. <\/p>\n<p>Die Gewebewerte werden nach der Norm IE404-5 gemessen: Die in der Tabelle genannten mechanischen Eigenschaften sind nicht f\u00fcr alle Magnetformen und -abmessungen verf\u00fcgbar.[\/vc_column_text][vc_empty_space height=&#8220;30px&#8220;][vc_media_grid element_width=&#8220;3&#8243; gap=&#8220;20&#8243; item=&#8220;467&#8243; grid_id=&#8220;vc_gid:1681992397102-d7fb6090-4742-3&#8243; include=&#8220;3698&#8243;][vc_empty_space height=&#8220;30px&#8220;]<div class=\"ult-spacer spacer-69d226b13a004\" data-id=\"69d226b13a004\" data-height=\"0\" data-height-mobile=\"30\" data-height-tab=\"0\" data-height-tab-portrait=\"30\" data-height-mobile-landscape=\"30\" style=\"clear:both;display:block;\"><\/div>[vc_column_text]<strong>Maximale Anwendungstemperatur:<\/strong><br \/>\nAngabe der maximalen Temperatur, bei der die magnetische Substanz mit begrenztem Dauerverlust verwendet werden kann (siehe Arbeitspunkt, Betriebslinie).<\/p>\n<p><strong>Permanentmagnet:<\/strong><br \/>\nEin Magnet, der seinen Magnetismus ganz oder teilweise beibeh\u00e4lt, nachdem er magnetisiert worden ist.<\/p>\n<p><strong>Permeabilit\u00e4t:<\/strong><br \/>\nDie F\u00e4higkeit einer magnetischen Substanz, Magnetismus zu leiten.<br \/>\nDie Permeabilit\u00e4t von Vakuum (uo) betr\u00e4gt 12,56*10-6 T\/(A\/m) oder 1 G\/Oe.<\/p>\n<p><strong>Remanenz Br:<\/strong><br \/>\nMagnetische Induktion in einer magnetischen Substanz bei einer Feldst\u00e4rke von Null (H=o) und nach S\u00e4ttigung (siehe Entmagnetisierungskurve). Einheiten: Einschlie\u00dflich T und G. <\/p>\n<p><strong>Freizeitverlust:<\/strong><br \/>\nVor\u00fcbergehender Verlust des Magnetismus, zum Beispiel durch Temperaturschwankungen.<\/p>\n<p><strong>Freie Pole:<\/strong><br \/>\nFeldlinien, die den Magneten verlassen, kehren durch die Luft zum Magneten zur\u00fcck. (keine ferromagnetische Substanz) <\/p>\n<p>2 Entmagnetisierungskurve (nur die Normalkurven) von zuf\u00e4lligen Neoflux-Substanzen in Abbildung 3. Der Arbeitspunkt (Bm, Hm) eines Magneten ist der Punkt, an dem die Arbeitslinie die B-H-Kurve kreuzt. Bei Magneten mit freien Polen und ohne externes Magnetfeld h\u00e4ngt der Winkel der Arbeitslinie im Verh\u00e4ltnis zur B-Achse vom Verh\u00e4ltnis zwischen L\u00e4nge und Durchmesser des Magneten ab; L1\/D1 &gt; L2\/D2. Die Arbeitslinie1 liegt n\u00e4her an der B-Achse als die Arbeitslinie2.  <\/p>\n<p>Dauermagnete sind auch in Stahlt\u00f6pfen erh\u00e4ltlich (auf Wunsch mit Gummischutz); diese Art von Magneten haben nur eine Anziehungsfl\u00e4che, was sie viel st\u00e4rker macht.<\/p>\n<p>Ein High-End-Produkt wie ein Lautsprecher ben\u00f6tigt einen staubfreien Magneten mit den richtigen magnetischen und mechanischen Eigenschaften.<\/p>\n<p>Unser Lieferprogramm umfasst auch Elektromagnete.[\/vc_column_text][vc_empty_space height=&#8220;30px&#8220;][vc_media_grid element_width=&#8220;3&#8243; gap=&#8220;20&#8243; item=&#8220;467&#8243; grid_id=&#8220;vc_gid:1681992397102-20047ae6-7678-3&#8243; include=&#8220;3699,3700,3701&#8243;][vc_empty_space height=&#8220;30px&#8220;][vc_separator][vc_empty_space height=&#8220;30px&#8220;][vc_column_text]<\/p>\n<h3>Sicherheitsanweisung<\/h3>\n<p><strong>Warnung!<\/strong><br \/>\nDieses Paket enth\u00e4lt sehr starke Dauermagnete oder Magnetsysteme.<\/p>\n<p>Wenn diese Magnete nicht sehr vorsichtig gehandhabt werden, besteht die Gefahr von schweren Verletzungen.<\/p>\n<p>Bitte beachten Sie die folgenden Warnhinweise;<\/p>\n<p>Die Magnete sollten sanft auseinander gleiten, damit Ihre Finger nicht dazwischen eingeklemmt werden. Dies verhindert auch, dass die Oberfl\u00e4chenbeschichtung besch\u00e4digt wird. Wenn m\u00f6glich, tragen Sie Handschuhe.  <\/p>\n<p>Achten Sie beim Auspacken der Magnete auf einen Abstand von mehreren Metern zwischen Ihnen und Eisengegenst\u00e4nden.<\/p>\n<p>Die Magnete sollten mehrere Meter von allen magnetischen Informationstr\u00e4gern wie Kreditkarten, Magnetb\u00e4ndern, Disketten und von allen elektronischen Ger\u00e4ten wie H\u00f6rger\u00e4ten, Herzschrittmachern, Mess- und Kontrollinstrumenten, Computern und Uhren entfernt aufbewahrt werden. Diese Ger\u00e4te k\u00f6nnen durch die extrem hohen Magnetfelder beeintr\u00e4chtigt oder besch\u00e4digt werden. <\/p>\n<p>Verwenden Sie Magnete niemals in explosiven Umgebungen, da sie Funken verursachen k\u00f6nnen.<\/p>\n<p>Befeuchten Sie die Magnete vor dem Gebrauch immer, um eine Selbstentz\u00fcndung zu verhindern.<br \/>\nVerwenden Sie bei der Arbeit mit Magneten immer K\u00fchlwasser, arbeiten Sie niemals trocken!<\/p>\n<p>Lagern Sie Staub und bearbeitete Teile nach der Bearbeitung immer in wassergef\u00fcllten Beh\u00e4ltern oder hermetisch verschlossenen R\u00e4umen, um das Risiko einer Selbstentz\u00fcndung zu vermeiden.[\/vc_column_text][\/vc_column_inner][vc_column_inner offset=&#8220;vc_col-lg-4 vc_col-md-4 vc_col-xs-12&#8243;][vc_widget_sidebar sidebar_id=&#8220;sidebar-1&#8243; el_class=&#8220;contact-sidebar&#8220;][\/vc_column_inner][\/vc_row_inner]<div class=\"ult-spacer spacer-69d226b13a025\" data-id=\"69d226b13a025\" data-height=\"90\" data-height-mobile=\"60\" data-height-tab=\"90\" data-height-tab-portrait=\"60\" data-height-mobile-landscape=\"60\" style=\"clear:both;display:block;\"><\/div>[\/vc_column][\/vc_row][vc_row full_width=&#8220;stretch_row_content_no_spaces&#8220; equal_height=&#8220;yes&#8220; css=&#8220;.vc_custom_1653381489748{background-color: #f7f7f7 !important;}&#8220;][vc_column el_class=&#8220;stretch&#8220;][vc_column_text]<\/p>\n<h3 style=\"text-align: center;\">Haben Sie noch Fragen?<\/h3>\n<p style=\"text-align: center;\">Wir sind bereit, alle Fragen zu beantworten, die nicht auf dieser Website beantwortet werden.<br \/>\nZ\u00f6gern Sie also nicht, uns anzurufen oder zu schreiben. Wir w\u00fcrden uns freuen, mit Ihnen ein unverbindliches Gespr\u00e4ch \u00fcber Ihre Pl\u00e4ne zu f\u00fchren. <\/p>\n<p>[\/vc_column_text][vc_empty_space height=&#8220;30px&#8220;][vc_btn title=&#8220;Kontaktieren Sie uns hier&#8220; style=&#8220;custom&#8220; custom_background=&#8220;#bf7d6b&#8220; custom_text=&#8220;#ffffff&#8220; shape=&#8220;square&#8220; size=&#8220;lg&#8220; align=&#8220;center&#8220; css_animation=&#8220;fadeInUp&#8220; link=&#8220;url:https%3A%2F%2Fwww.elektrokul.dk%2Fkontakt%2F|title:Kontaktieren%20Sie%20uns|&#8220;][\/vc_column][\/vc_row]<\/p>\n<\/section>","protected":false},"excerpt":{"rendered":"<p>[vc_row full_width=&#8220;stretch_row&#8220; css=&#8220;.vc_custom_1653378668627{background-color: #f7f7f7 !important;}&#8220;][vc_column][vc_basic_grid post_type=&#8220;page&#8220; max_items=&#8220;-1&#8243; element_width=&#8220;2&#8243; gap=&#8220;20&#8243; order=&#8220;ASC&#8220; item=&#8220;3474&#8243; grid_id=&#8220;vc_gid:1681992397097-ee0789fb-0439-4&#8243; taxonomies=&#8220;13&#8243;][\/vc_column][\/vc_row][vc_row full_width=&#8220;stretch_row&#8220;][vc_column][vc_row_inner][vc_column_inner offset=&#8220;vc_col-lg-8 vc_col-md-8 vc_col-xs-12&#8243;][vc_column_text] Liste der Begriffe Anisotrop &#8211; isotrop: Wenn eine magnetische Substanz in ein Magnetfeld gepresst wird, wird diese Substanz als speziell gerichtet oder anisotrop bezeichnet. Wenn die Substanz nicht in ein Magnetfeld gepresst wird, wird sie isotrop genannt. Sp\u00e4ter &#8230; <a title=\"Dauermagnete\" class=\"read-more\" href=\"https:\/\/www.elektrokul.dk\/de\/dauermagnete\/\" aria-label=\"Mehr zu Dauermagnete\">Weiterlesen &#8230;<\/a><\/p>\n","protected":false},"author":1,"featured_media":900685,"parent":0,"menu_order":0,"comment_status":"closed","ping_status":"closed","template":"","meta":{"_acf_changed":false,"footnotes":""},"categories":[13371352],"class_list":{"0":"post-900684","1":"page","2":"type-page","3":"status-publish","4":"has-post-thumbnail","6":"category-magnet-unterseite"},"acf":[],"yoast_head":"<!-- This site is optimized with the Yoast SEO plugin v26.6 - https:\/\/yoast.com\/wordpress\/plugins\/seo\/ -->\n<title>Dauermagnete &#183; Elektrokul A\/S<\/title>\n<meta name=\"robots\" content=\"index, follow, max-snippet:-1, max-image-preview:large, max-video-preview:-1\" \/>\n<link rel=\"canonical\" href=\"https:\/\/www.elektrokul.dk\/de\/dauermagnete\/\" \/>\n<meta property=\"og:locale\" content=\"de_DE\" \/>\n<meta property=\"og:type\" content=\"article\" \/>\n<meta property=\"og:title\" content=\"Dauermagnete &#183; Elektrokul A\/S\" \/>\n<meta property=\"og:description\" content=\"[vc_row full_width=&#8220;stretch_row&#8220; css=&#8220;.vc_custom_1653378668627{background-color: #f7f7f7 !important;}&#8220;][vc_column][vc_basic_grid post_type=&#8220;page&#8220; max_items=&#8220;-1&#8243; element_width=&#8220;2&#8243; gap=&#8220;20&#8243; order=&#8220;ASC&#8220; item=&#8220;3474&#8243; grid_id=&#8220;vc_gid:1681992397097-ee0789fb-0439-4&#8243; taxonomies=&#8220;13&#8243;][\/vc_column][\/vc_row][vc_row full_width=&#8220;stretch_row&#8220;][vc_column][vc_row_inner][vc_column_inner offset=&#8220;vc_col-lg-8 vc_col-md-8 vc_col-xs-12&#8243;][vc_column_text] Liste der Begriffe Anisotrop &#8211; isotrop: Wenn eine magnetische Substanz in ein Magnetfeld gepresst wird, wird diese Substanz als speziell gerichtet oder anisotrop bezeichnet. Wenn die Substanz nicht in ein Magnetfeld gepresst wird, wird sie isotrop genannt. Sp\u00e4ter ... Weiterlesen ...\" \/>\n<meta property=\"og:url\" content=\"https:\/\/www.elektrokul.dk\/de\/dauermagnete\/\" \/>\n<meta property=\"og:site_name\" content=\"Elektrokul A\/S\" \/>\n<meta property=\"article:modified_time\" content=\"2025-12-17T08:42:14+00:00\" \/>\n<meta property=\"og:image\" content=\"https:\/\/www.elektrokul.dk\/wp-content\/uploads\/2022\/05\/permanentet-magneter-930.jpg\" \/>\n\t<meta property=\"og:image:width\" content=\"131\" \/>\n\t<meta property=\"og:image:height\" content=\"106\" \/>\n\t<meta property=\"og:image:type\" content=\"image\/jpeg\" \/>\n<meta name=\"twitter:card\" content=\"summary_large_image\" \/>\n<meta name=\"twitter:label1\" content=\"Gesch\u00e4tzte Lesezeit\" \/>\n\t<meta name=\"twitter:data1\" content=\"7\u00a0Minuten\" \/>\n<script type=\"application\/ld+json\" class=\"yoast-schema-graph\">{\"@context\":\"https:\/\/schema.org\",\"@graph\":[{\"@type\":\"WebPage\",\"@id\":\"https:\/\/www.elektrokul.dk\/de\/dauermagnete\/\",\"url\":\"https:\/\/www.elektrokul.dk\/de\/dauermagnete\/\",\"name\":\"Dauermagnete &#183; Elektrokul A\/S\",\"isPartOf\":{\"@id\":\"https:\/\/www.elektrokul.dk\/#website\"},\"primaryImageOfPage\":{\"@id\":\"https:\/\/www.elektrokul.dk\/de\/dauermagnete\/#primaryimage\"},\"image\":{\"@id\":\"https:\/\/www.elektrokul.dk\/de\/dauermagnete\/#primaryimage\"},\"thumbnailUrl\":\"https:\/\/www.elektrokul.dk\/wp-content\/uploads\/2022\/05\/permanentet-magneter-930.jpg\",\"datePublished\":\"2022-05-24T06:33:15+00:00\",\"dateModified\":\"2025-12-17T08:42:14+00:00\",\"breadcrumb\":{\"@id\":\"https:\/\/www.elektrokul.dk\/de\/dauermagnete\/#breadcrumb\"},\"inLanguage\":\"de\",\"potentialAction\":[{\"@type\":\"ReadAction\",\"target\":[\"https:\/\/www.elektrokul.dk\/de\/dauermagnete\/\"]}]},{\"@type\":\"ImageObject\",\"inLanguage\":\"de\",\"@id\":\"https:\/\/www.elektrokul.dk\/de\/dauermagnete\/#primaryimage\",\"url\":\"https:\/\/www.elektrokul.dk\/wp-content\/uploads\/2022\/05\/permanentet-magneter-930.jpg\",\"contentUrl\":\"https:\/\/www.elektrokul.dk\/wp-content\/uploads\/2022\/05\/permanentet-magneter-930.jpg\",\"width\":131,\"height\":106},{\"@type\":\"BreadcrumbList\",\"@id\":\"https:\/\/www.elektrokul.dk\/de\/dauermagnete\/#breadcrumb\",\"itemListElement\":[{\"@type\":\"ListItem\",\"position\":1,\"name\":\"Hjem\",\"item\":\"https:\/\/www.elektrokul.dk\/de\/hauptseite\/\"},{\"@type\":\"ListItem\",\"position\":2,\"name\":\"Dauermagnete\"}]},{\"@type\":\"WebSite\",\"@id\":\"https:\/\/www.elektrokul.dk\/#website\",\"url\":\"https:\/\/www.elektrokul.dk\/\",\"name\":\"Elektrokul A\/S\",\"description\":\"Mekanisk grafit og andre kulvarer fra egen fabrik\",\"publisher\":{\"@id\":\"https:\/\/www.elektrokul.dk\/#organization\"},\"potentialAction\":[{\"@type\":\"SearchAction\",\"target\":{\"@type\":\"EntryPoint\",\"urlTemplate\":\"https:\/\/www.elektrokul.dk\/?s={search_term_string}\"},\"query-input\":{\"@type\":\"PropertyValueSpecification\",\"valueRequired\":true,\"valueName\":\"search_term_string\"}}],\"inLanguage\":\"de\"},{\"@type\":\"Organization\",\"@id\":\"https:\/\/www.elektrokul.dk\/#organization\",\"name\":\"Elektrokul A\/S\",\"url\":\"https:\/\/www.elektrokul.dk\/\",\"logo\":{\"@type\":\"ImageObject\",\"inLanguage\":\"de\",\"@id\":\"https:\/\/www.elektrokul.dk\/#\/schema\/logo\/image\/\",\"url\":\"https:\/\/www.elektrokul.dk\/wp-content\/uploads\/2022\/05\/logo-3.png\",\"contentUrl\":\"https:\/\/www.elektrokul.dk\/wp-content\/uploads\/2022\/05\/logo-3.png\",\"width\":535,\"height\":100,\"caption\":\"Elektrokul A\/S\"},\"image\":{\"@id\":\"https:\/\/www.elektrokul.dk\/#\/schema\/logo\/image\/\"}}]}<\/script>\n<!-- \/ Yoast SEO plugin. -->","yoast_head_json":{"title":"Dauermagnete &#183; Elektrokul A\/S","robots":{"index":"index","follow":"follow","max-snippet":"max-snippet:-1","max-image-preview":"max-image-preview:large","max-video-preview":"max-video-preview:-1"},"canonical":"https:\/\/www.elektrokul.dk\/de\/dauermagnete\/","og_locale":"de_DE","og_type":"article","og_title":"Dauermagnete &#183; Elektrokul A\/S","og_description":"[vc_row full_width=&#8220;stretch_row&#8220; css=&#8220;.vc_custom_1653378668627{background-color: #f7f7f7 !important;}&#8220;][vc_column][vc_basic_grid post_type=&#8220;page&#8220; max_items=&#8220;-1&#8243; element_width=&#8220;2&#8243; gap=&#8220;20&#8243; order=&#8220;ASC&#8220; item=&#8220;3474&#8243; grid_id=&#8220;vc_gid:1681992397097-ee0789fb-0439-4&#8243; taxonomies=&#8220;13&#8243;][\/vc_column][\/vc_row][vc_row full_width=&#8220;stretch_row&#8220;][vc_column][vc_row_inner][vc_column_inner offset=&#8220;vc_col-lg-8 vc_col-md-8 vc_col-xs-12&#8243;][vc_column_text] Liste der Begriffe Anisotrop &#8211; isotrop: Wenn eine magnetische Substanz in ein Magnetfeld gepresst wird, wird diese Substanz als speziell gerichtet oder anisotrop bezeichnet. Wenn die Substanz nicht in ein Magnetfeld gepresst wird, wird sie isotrop genannt. Sp\u00e4ter ... Weiterlesen ...","og_url":"https:\/\/www.elektrokul.dk\/de\/dauermagnete\/","og_site_name":"Elektrokul A\/S","article_modified_time":"2025-12-17T08:42:14+00:00","og_image":[{"width":131,"height":106,"url":"https:\/\/www.elektrokul.dk\/wp-content\/uploads\/2022\/05\/permanentet-magneter-930.jpg","type":"image\/jpeg"}],"twitter_card":"summary_large_image","twitter_misc":{"Gesch\u00e4tzte Lesezeit":"7\u00a0Minuten"},"schema":{"@context":"https:\/\/schema.org","@graph":[{"@type":"WebPage","@id":"https:\/\/www.elektrokul.dk\/de\/dauermagnete\/","url":"https:\/\/www.elektrokul.dk\/de\/dauermagnete\/","name":"Dauermagnete &#183; Elektrokul A\/S","isPartOf":{"@id":"https:\/\/www.elektrokul.dk\/#website"},"primaryImageOfPage":{"@id":"https:\/\/www.elektrokul.dk\/de\/dauermagnete\/#primaryimage"},"image":{"@id":"https:\/\/www.elektrokul.dk\/de\/dauermagnete\/#primaryimage"},"thumbnailUrl":"https:\/\/www.elektrokul.dk\/wp-content\/uploads\/2022\/05\/permanentet-magneter-930.jpg","datePublished":"2022-05-24T06:33:15+00:00","dateModified":"2025-12-17T08:42:14+00:00","breadcrumb":{"@id":"https:\/\/www.elektrokul.dk\/de\/dauermagnete\/#breadcrumb"},"inLanguage":"de","potentialAction":[{"@type":"ReadAction","target":["https:\/\/www.elektrokul.dk\/de\/dauermagnete\/"]}]},{"@type":"ImageObject","inLanguage":"de","@id":"https:\/\/www.elektrokul.dk\/de\/dauermagnete\/#primaryimage","url":"https:\/\/www.elektrokul.dk\/wp-content\/uploads\/2022\/05\/permanentet-magneter-930.jpg","contentUrl":"https:\/\/www.elektrokul.dk\/wp-content\/uploads\/2022\/05\/permanentet-magneter-930.jpg","width":131,"height":106},{"@type":"BreadcrumbList","@id":"https:\/\/www.elektrokul.dk\/de\/dauermagnete\/#breadcrumb","itemListElement":[{"@type":"ListItem","position":1,"name":"Hjem","item":"https:\/\/www.elektrokul.dk\/de\/hauptseite\/"},{"@type":"ListItem","position":2,"name":"Dauermagnete"}]},{"@type":"WebSite","@id":"https:\/\/www.elektrokul.dk\/#website","url":"https:\/\/www.elektrokul.dk\/","name":"Elektrokul A\/S","description":"Mekanisk grafit og andre kulvarer fra egen fabrik","publisher":{"@id":"https:\/\/www.elektrokul.dk\/#organization"},"potentialAction":[{"@type":"SearchAction","target":{"@type":"EntryPoint","urlTemplate":"https:\/\/www.elektrokul.dk\/?s={search_term_string}"},"query-input":{"@type":"PropertyValueSpecification","valueRequired":true,"valueName":"search_term_string"}}],"inLanguage":"de"},{"@type":"Organization","@id":"https:\/\/www.elektrokul.dk\/#organization","name":"Elektrokul A\/S","url":"https:\/\/www.elektrokul.dk\/","logo":{"@type":"ImageObject","inLanguage":"de","@id":"https:\/\/www.elektrokul.dk\/#\/schema\/logo\/image\/","url":"https:\/\/www.elektrokul.dk\/wp-content\/uploads\/2022\/05\/logo-3.png","contentUrl":"https:\/\/www.elektrokul.dk\/wp-content\/uploads\/2022\/05\/logo-3.png","width":535,"height":100,"caption":"Elektrokul A\/S"},"image":{"@id":"https:\/\/www.elektrokul.dk\/#\/schema\/logo\/image\/"}}]}},"_links":{"self":[{"href":"https:\/\/www.elektrokul.dk\/de\/wp-json\/wp\/v2\/pages\/900684","targetHints":{"allow":["GET"]}}],"collection":[{"href":"https:\/\/www.elektrokul.dk\/de\/wp-json\/wp\/v2\/pages"}],"about":[{"href":"https:\/\/www.elektrokul.dk\/de\/wp-json\/wp\/v2\/types\/page"}],"author":[{"embeddable":true,"href":"https:\/\/www.elektrokul.dk\/de\/wp-json\/wp\/v2\/users\/1"}],"replies":[{"embeddable":true,"href":"https:\/\/www.elektrokul.dk\/de\/wp-json\/wp\/v2\/comments?post=900684"}],"version-history":[{"count":1,"href":"https:\/\/www.elektrokul.dk\/de\/wp-json\/wp\/v2\/pages\/900684\/revisions"}],"predecessor-version":[{"id":900689,"href":"https:\/\/www.elektrokul.dk\/de\/wp-json\/wp\/v2\/pages\/900684\/revisions\/900689"}],"wp:featuredmedia":[{"embeddable":true,"href":"https:\/\/www.elektrokul.dk\/de\/wp-json\/wp\/v2\/media\/900685"}],"wp:attachment":[{"href":"https:\/\/www.elektrokul.dk\/de\/wp-json\/wp\/v2\/media?parent=900684"}],"wp:term":[{"taxonomy":"category","embeddable":true,"href":"https:\/\/www.elektrokul.dk\/de\/wp-json\/wp\/v2\/categories?post=900684"}],"curies":[{"name":"wp","href":"https:\/\/api.w.org\/{rel}","templated":true}]}}