{"id":900665,"date":"2022-05-24T08:26:34","date_gmt":"2022-05-24T06:26:34","guid":{"rendered":"https:\/\/www.elektrokul.dk\/funkenbearbeitung\/"},"modified":"2025-12-25T14:41:12","modified_gmt":"2025-12-25T13:41:12","slug":"funkenbearbeitung","status":"publish","type":"page","link":"https:\/\/www.elektrokul.dk\/de\/funkenbearbeitung\/","title":{"rendered":"Funkenbearbeitung"},"content":{"rendered":"<section class=\"wpb-content-wrapper\"><p>[vc_row full_width=&#8220;stretch_row&#8220;][vc_column]<div class=\"ult-spacer spacer-69f31a1b0415d\" data-id=\"69f31a1b0415d\" data-height=\"90\" data-height-mobile=\"60\" data-height-tab=\"90\" data-height-tab-portrait=\"60\" data-height-mobile-landscape=\"60\" style=\"clear:both;display:block;\"><\/div>[vc_row_inner][vc_column_inner offset=&#8220;vc_col-lg-8 vc_col-md-8 vc_col-xs-12&#8243;][vc_column_text]<\/p>\n<h3>Wir helfen bei allem<\/h3>\n<p>Wir verf\u00fcgen \u00fcber ein hohes Ma\u00df an Fachwissen, das es uns erm\u00f6glicht, alle Arten von Produkten f\u00fcr die Funkenbearbeitung zu liefern. Ganz gleich, was Sie ben\u00f6tigen, wir kennen die Aufgabe in- und auswendig.<\/p>\n<p><strong>Hier sehen Sie eine \u00dcbersicht \u00fcber die von uns gelieferten Produkte f\u00fcr die Funkenerosion:<\/strong><\/p>\n<ul>\n<li>Graphit<\/li>\n<li>Metall-Elektroden<\/li>\n<li>Filter<\/li>\n<li>EDM-Gewinde<\/li>\n<li>Ersatzteile f\u00fcr EDM-Maschinen<\/li>\n<li>Chemische Produkte<\/li>\n<\/ul>\n<p>Wir verstehen die elektrischen Ladungen, die bei der Funkenbearbeitung verwendet werden, und wir beraten Sie stets in unserem Bestreben, die besten Produkte zu liefern.[\/vc_column_text][vc_empty_space height=&#8220;30px&#8220;][vc_toggle title=&#8220;PDFs hier herunterladen&#8220;]Graphit &#8211; <a href=\"\/wp-content\/uploads\/2022\/05\/66-edm-graphite-elektrokul.pdf\" target=\"_blank\" rel=\"noopener\">Pft erhalten<\/a><\/p>\n<p>Metallelektroden &#8211; <a href=\"\/wp-content\/uploads\/2022\/05\/69-metal-electrodes-elektrokul.pdf\" target=\"_blank\" rel=\"noopener\">PDF herunterladen<\/a><\/p>\n<p>Edm thread &#8211; <a href=\"\/wp-content\/uploads\/2022\/05\/404-2851thermo-catalogue-en.pdf\" target=\"_blank\" rel=\"noopener\">PDF herunterladen<\/a><\/p>\n<p>Filter &#8211; <a href=\"\/wp-content\/uploads\/2022\/05\/405-iq-premiumfilter-elektrokul.pdf\" target=\"_blank\" rel=\"noopener\">PDF herunterladen<\/a><\/p>\n<p>Chemikalien &#8211; <a href=\"\/wp-content\/uploads\/2022\/05\/67-edm-kemikalier-elektrokul.pdf\" target=\"_blank\" rel=\"noopener\">PDF herunterladen<\/a><\/p>\n<p>Ersatzteile f\u00fcr EDM-Maschinen<\/p>\n<p>Sodick &#8211; <a href=\"https:\/\/www.elektrokul.dk\/wp-content\/uploads\/2022\/10\/sodick.pdf\" target=\"_blank\" rel=\"noopener\">PDF herunterladen<\/a><\/p>\n<p>Seibu &#8211; <a href=\"https:\/\/www.elektrokul.dk\/wp-content\/uploads\/2022\/10\/seibu.pdf\" target=\"_blank\" rel=\"noopener\">PDF herunterladen<\/a><\/p>\n<p>Ona &#8211; <a href=\"https:\/\/www.elektrokul.dk\/wp-content\/uploads\/2022\/10\/ona.pdf\" target=\"_blank\" rel=\"noopener\">PDF herunterladen<\/a><\/p>\n<p>Mitsubishi &#8211; <a href=\"https:\/\/www.elektrokul.dk\/wp-content\/uploads\/2022\/10\/mitsubishi.pdf\" target=\"_blank\" rel=\"noopener\">PDF herunterladen<\/a><\/p>\n<p>Makino &#8211; <a href=\"https:\/\/www.elektrokul.dk\/wp-content\/uploads\/2022\/10\/makino.pdf\" target=\"_blank\" rel=\"noopener\">PDF herunterladen<\/a><\/p>\n<p>Makino 2 &#8211; <a href=\"https:\/\/www.elektrokul.dk\/wp-content\/uploads\/2022\/10\/makino-1.pdf\" target=\"_blank\" rel=\"noopener\">PDF herunterladen<\/a><\/p>\n<p>Fanuc &#8211; <a href=\"https:\/\/www.elektrokul.dk\/wp-content\/uploads\/2022\/10\/fanuc.pdf\" target=\"_blank\" rel=\"noopener\">PDF herunterladen<\/a><\/p>\n<p>Fanuc 2 &#8211; <a href=\"https:\/\/www.elektrokul.dk\/wp-content\/uploads\/2022\/10\/fanuc-1.pdf\" target=\"_blank\" rel=\"noopener\">PDF herunterladen<\/a><\/p>\n<p>Japax &#8211; <a href=\"https:\/\/www.elektrokul.dk\/wp-content\/uploads\/2022\/10\/japax.pdf\" target=\"_blank\" rel=\"noopener\">PDF herunterladen<\/a><\/p>\n<p>Japax 2 &#8211; <a href=\"https:\/\/www.elektrokul.dk\/wp-content\/uploads\/2022\/10\/japax-1.pdf\" target=\"_blank\" rel=\"noopener\">PDF herunterladen<\/a><\/p>\n<p>Hitachi &#8211; <a href=\"https:\/\/www.elektrokul.dk\/wp-content\/uploads\/2022\/10\/hitachi.pdf\" target=\"_blank\" rel=\"noopener\">PDF herunterladen<\/a><\/p>\n<p>Hitachi 2 &#8211; <a href=\"https:\/\/www.elektrokul.dk\/wp-content\/uploads\/2022\/10\/hitachi-1.pdf\" target=\"_blank\" rel=\"noopener\">PDF herunterladen<\/a><\/p>\n<p>Bruder &#8211; <a href=\"https:\/\/www.elektrokul.dk\/wp-content\/uploads\/2022\/10\/brother.pdf\" target=\"_blank\" rel=\"noopener\">PDF herunterladen<\/a><\/p>\n<p>Agie &#8211; <a href=\"https:\/\/www.elektrokul.dk\/wp-content\/uploads\/2022\/10\/agie.pdf\" target=\"_blank\" rel=\"noopener\">PDF herunterladen<\/a>[\/vc_toggle][vc_empty_space height=&#8220;30px&#8220;]<div class=\"uavc-external-video\" style=\"position:relative;width:100%;aspect-ratio:16\/9;\">\r\n\t\t\t\t<iframe src=\"https:\/\/corpvideoservice.azurewebsites.net\/player\/stream.php?vimeo-id=713655060&#038;autoplay=false&#038;mute=false\"\r\n\t\t\t\t\tstyle=\"position:absolute;inset:0;width:100%;height:100%;border:0;\"\r\n\t\t\t\t\tloading=\"lazy\"\r\n\t\t\t\t\tallow=\"autoplay; fullscreen; picture-in-picture\"\r\n\t\t\t\t\tallowfullscreen><\/iframe>\r\n\t\t\t<\/div><div class=\"ult-spacer spacer-69f31a1b04230\" data-id=\"69f31a1b04230\" data-height=\"0\" data-height-mobile=\"30\" data-height-tab=\"0\" data-height-tab-portrait=\"30\" data-height-mobile-landscape=\"30\" style=\"clear:both;display:block;\"><\/div>[\/vc_column_inner][vc_column_inner offset=&#8220;vc_col-lg-4 vc_col-md-4 vc_col-xs-12&#8243;][vc_widget_sidebar sidebar_id=&#8220;sidebar-1&#8243; el_class=&#8220;contact-sidebar&#8220;][\/vc_column_inner][\/vc_row_inner]<div class=\"ult-spacer spacer-69f31a1b04253\" data-id=\"69f31a1b04253\" data-height=\"90\" data-height-mobile=\"60\" data-height-tab=\"90\" data-height-tab-portrait=\"60\" data-height-mobile-landscape=\"60\" style=\"clear:both;display:block;\"><\/div>[\/vc_column][\/vc_row][vc_row full_width=&#8220;stretch_row_content_no_spaces&#8220; equal_height=&#8220;yes&#8220; css=&#8220;.vc_custom_1653381489748{background-color: #f7f7f7 !important;}&#8220;][vc_column el_class=&#8220;stretch&#8220;][vc_column_text]<\/p>\n<h3 style=\"text-align: center;\">Holen Sie sich noch heute Produkte f\u00fcr die Funkenerosion<\/h3>\n<p style=\"text-align: center;\">Ob Sie in J\u00fctland, F\u00fcnen, Seeland oder sonstwo im Land wohnen, spielt f\u00fcr uns keine Rolle.<br \/>\nWir helfen jedem, der es braucht, und erstellen auch gerne ein unverbindliches Angebot.<\/p>\n<p style=\"text-align: center;\">Sie k\u00f6nnen uns telefonisch <a href=\"tel:70207826\">unter +45 70 20 78 26<\/a> oder per E-Mail kontaktieren: <a href=\"mailto:info@elektrokul.dk\">info@elektrokul.dk.<\/a><br \/>\nSie k\u00f6nnen auch das Kontaktformular ausf\u00fcllen.<\/p>\n<p>[\/vc_column_text][vc_empty_space height=&#8220;30px&#8220;][vc_btn title=&#8220;Kontaktieren Sie uns hier&#8220; style=&#8220;custom&#8220; custom_background=&#8220;#bf7d6b&#8220; custom_text=&#8220;#ffffff&#8220; shape=&#8220;square&#8220; size=&#8220;lg&#8220; align=&#8220;center&#8220; css_animation=&#8220;fadeInUp&#8220; link=&#8220;url:https%3A%2F%2Fwww.elektrokul.dk%2Fkontakt%2F|title:Kontakt|&#8220;][\/vc_column][\/vc_row]<\/p>\n<\/section>","protected":false},"excerpt":{"rendered":"<p>[vc_row full_width=&#8220;stretch_row&#8220;][vc_column][vc_row_inner][vc_column_inner offset=&#8220;vc_col-lg-8 vc_col-md-8 vc_col-xs-12&#8243;][vc_column_text] Wir helfen bei allem Wir verf\u00fcgen \u00fcber ein hohes Ma\u00df an Fachwissen, das es uns erm\u00f6glicht, alle Arten von Produkten f\u00fcr die Funkenbearbeitung zu liefern. Ganz gleich, was Sie ben\u00f6tigen, wir kennen die Aufgabe in- und auswendig. Hier sehen Sie eine \u00dcbersicht \u00fcber die von uns gelieferten Produkte f\u00fcr die &#8230; <a title=\"Funkenbearbeitung\" class=\"read-more\" href=\"https:\/\/www.elektrokul.dk\/de\/funkenbearbeitung\/\" aria-label=\"Mehr zu Funkenbearbeitung\">Weiterlesen &#8230;<\/a><\/p>\n","protected":false},"author":1,"featured_media":900075,"parent":0,"menu_order":0,"comment_status":"closed","ping_status":"closed","template":"","meta":{"_acf_changed":false,"footnotes":""},"categories":[13371347],"class_list":{"0":"post-900665","1":"page","2":"type-page","3":"status-publish","4":"has-post-thumbnail","6":"category-unsere-produkte"},"acf":[],"yoast_head":"<!-- This site is optimized with the Yoast SEO plugin v26.6 - https:\/\/yoast.com\/wordpress\/plugins\/seo\/ -->\n<title>Funkenbearbeitung &#183; Elektrokul A\/S<\/title>\n<meta name=\"robots\" content=\"index, follow, max-snippet:-1, max-image-preview:large, max-video-preview:-1\" \/>\n<link rel=\"canonical\" href=\"https:\/\/www.elektrokul.dk\/de\/funkenbearbeitung\/\" \/>\n<meta property=\"og:locale\" content=\"de_DE\" \/>\n<meta property=\"og:type\" content=\"article\" \/>\n<meta property=\"og:title\" content=\"Funkenbearbeitung &#183; Elektrokul A\/S\" \/>\n<meta property=\"og:description\" content=\"[vc_row full_width=&#8220;stretch_row&#8220;][vc_column][vc_row_inner][vc_column_inner offset=&#8220;vc_col-lg-8 vc_col-md-8 vc_col-xs-12&#8243;][vc_column_text] Wir helfen bei allem Wir verf\u00fcgen \u00fcber ein hohes Ma\u00df an Fachwissen, das es uns erm\u00f6glicht, alle Arten von Produkten f\u00fcr die Funkenbearbeitung zu liefern. Ganz gleich, was Sie ben\u00f6tigen, wir kennen die Aufgabe in- und auswendig. Hier sehen Sie eine \u00dcbersicht \u00fcber die von uns gelieferten Produkte f\u00fcr die ... Weiterlesen ...\" \/>\n<meta property=\"og:url\" content=\"https:\/\/www.elektrokul.dk\/de\/funkenbearbeitung\/\" \/>\n<meta property=\"og:site_name\" content=\"Elektrokul A\/S\" \/>\n<meta property=\"article:modified_time\" content=\"2025-12-25T13:41:12+00:00\" \/>\n<meta property=\"og:image\" content=\"https:\/\/www.elektrokul.dk\/wp-content\/uploads\/2024\/05\/dscf0034.jpg\" \/>\n\t<meta property=\"og:image:width\" content=\"1280\" \/>\n\t<meta property=\"og:image:height\" content=\"848\" \/>\n\t<meta property=\"og:image:type\" content=\"image\/jpeg\" \/>\n<meta name=\"twitter:card\" content=\"summary_large_image\" \/>\n<meta name=\"twitter:label1\" content=\"Gesch\u00e4tzte Lesezeit\" \/>\n\t<meta name=\"twitter:data1\" content=\"2\u00a0Minuten\" \/>\n<script type=\"application\/ld+json\" class=\"yoast-schema-graph\">{\"@context\":\"https:\/\/schema.org\",\"@graph\":[{\"@type\":\"WebPage\",\"@id\":\"https:\/\/www.elektrokul.dk\/de\/funkenbearbeitung\/\",\"url\":\"https:\/\/www.elektrokul.dk\/de\/funkenbearbeitung\/\",\"name\":\"Funkenbearbeitung &#183; Elektrokul A\/S\",\"isPartOf\":{\"@id\":\"https:\/\/www.elektrokul.dk\/#website\"},\"primaryImageOfPage\":{\"@id\":\"https:\/\/www.elektrokul.dk\/de\/funkenbearbeitung\/#primaryimage\"},\"image\":{\"@id\":\"https:\/\/www.elektrokul.dk\/de\/funkenbearbeitung\/#primaryimage\"},\"thumbnailUrl\":\"https:\/\/www.elektrokul.dk\/wp-content\/uploads\/2024\/05\/dscf0034.jpg\",\"datePublished\":\"2022-05-24T06:26:34+00:00\",\"dateModified\":\"2025-12-25T13:41:12+00:00\",\"breadcrumb\":{\"@id\":\"https:\/\/www.elektrokul.dk\/de\/funkenbearbeitung\/#breadcrumb\"},\"inLanguage\":\"de\",\"potentialAction\":[{\"@type\":\"ReadAction\",\"target\":[\"https:\/\/www.elektrokul.dk\/de\/funkenbearbeitung\/\"]}]},{\"@type\":\"ImageObject\",\"inLanguage\":\"de\",\"@id\":\"https:\/\/www.elektrokul.dk\/de\/funkenbearbeitung\/#primaryimage\",\"url\":\"https:\/\/www.elektrokul.dk\/wp-content\/uploads\/2024\/05\/dscf0034.jpg\",\"contentUrl\":\"https:\/\/www.elektrokul.dk\/wp-content\/uploads\/2024\/05\/dscf0034.jpg\",\"width\":1280,\"height\":848,\"caption\":\"Gnistbearbejdning\"},{\"@type\":\"BreadcrumbList\",\"@id\":\"https:\/\/www.elektrokul.dk\/de\/funkenbearbeitung\/#breadcrumb\",\"itemListElement\":[{\"@type\":\"ListItem\",\"position\":1,\"name\":\"Hjem\",\"item\":\"https:\/\/www.elektrokul.dk\/de\/hauptseite\/\"},{\"@type\":\"ListItem\",\"position\":2,\"name\":\"Funkenbearbeitung\"}]},{\"@type\":\"WebSite\",\"@id\":\"https:\/\/www.elektrokul.dk\/#website\",\"url\":\"https:\/\/www.elektrokul.dk\/\",\"name\":\"Elektrokul A\/S\",\"description\":\"Mekanisk grafit og andre kulvarer fra egen fabrik\",\"publisher\":{\"@id\":\"https:\/\/www.elektrokul.dk\/#organization\"},\"potentialAction\":[{\"@type\":\"SearchAction\",\"target\":{\"@type\":\"EntryPoint\",\"urlTemplate\":\"https:\/\/www.elektrokul.dk\/?s={search_term_string}\"},\"query-input\":{\"@type\":\"PropertyValueSpecification\",\"valueRequired\":true,\"valueName\":\"search_term_string\"}}],\"inLanguage\":\"de\"},{\"@type\":\"Organization\",\"@id\":\"https:\/\/www.elektrokul.dk\/#organization\",\"name\":\"Elektrokul A\/S\",\"url\":\"https:\/\/www.elektrokul.dk\/\",\"logo\":{\"@type\":\"ImageObject\",\"inLanguage\":\"de\",\"@id\":\"https:\/\/www.elektrokul.dk\/#\/schema\/logo\/image\/\",\"url\":\"https:\/\/www.elektrokul.dk\/wp-content\/uploads\/2022\/05\/logo-3.png\",\"contentUrl\":\"https:\/\/www.elektrokul.dk\/wp-content\/uploads\/2022\/05\/logo-3.png\",\"width\":535,\"height\":100,\"caption\":\"Elektrokul A\/S\"},\"image\":{\"@id\":\"https:\/\/www.elektrokul.dk\/#\/schema\/logo\/image\/\"}}]}<\/script>\n<!-- \/ Yoast SEO plugin. -->","yoast_head_json":{"title":"Funkenbearbeitung &#183; Elektrokul A\/S","robots":{"index":"index","follow":"follow","max-snippet":"max-snippet:-1","max-image-preview":"max-image-preview:large","max-video-preview":"max-video-preview:-1"},"canonical":"https:\/\/www.elektrokul.dk\/de\/funkenbearbeitung\/","og_locale":"de_DE","og_type":"article","og_title":"Funkenbearbeitung &#183; Elektrokul A\/S","og_description":"[vc_row full_width=&#8220;stretch_row&#8220;][vc_column][vc_row_inner][vc_column_inner offset=&#8220;vc_col-lg-8 vc_col-md-8 vc_col-xs-12&#8243;][vc_column_text] Wir helfen bei allem Wir verf\u00fcgen \u00fcber ein hohes Ma\u00df an Fachwissen, das es uns erm\u00f6glicht, alle Arten von Produkten f\u00fcr die Funkenbearbeitung zu liefern. Ganz gleich, was Sie ben\u00f6tigen, wir kennen die Aufgabe in- und auswendig. Hier sehen Sie eine \u00dcbersicht \u00fcber die von uns gelieferten Produkte f\u00fcr die ... Weiterlesen ...","og_url":"https:\/\/www.elektrokul.dk\/de\/funkenbearbeitung\/","og_site_name":"Elektrokul A\/S","article_modified_time":"2025-12-25T13:41:12+00:00","og_image":[{"width":1280,"height":848,"url":"https:\/\/www.elektrokul.dk\/wp-content\/uploads\/2024\/05\/dscf0034.jpg","type":"image\/jpeg"}],"twitter_card":"summary_large_image","twitter_misc":{"Gesch\u00e4tzte Lesezeit":"2\u00a0Minuten"},"schema":{"@context":"https:\/\/schema.org","@graph":[{"@type":"WebPage","@id":"https:\/\/www.elektrokul.dk\/de\/funkenbearbeitung\/","url":"https:\/\/www.elektrokul.dk\/de\/funkenbearbeitung\/","name":"Funkenbearbeitung &#183; Elektrokul A\/S","isPartOf":{"@id":"https:\/\/www.elektrokul.dk\/#website"},"primaryImageOfPage":{"@id":"https:\/\/www.elektrokul.dk\/de\/funkenbearbeitung\/#primaryimage"},"image":{"@id":"https:\/\/www.elektrokul.dk\/de\/funkenbearbeitung\/#primaryimage"},"thumbnailUrl":"https:\/\/www.elektrokul.dk\/wp-content\/uploads\/2024\/05\/dscf0034.jpg","datePublished":"2022-05-24T06:26:34+00:00","dateModified":"2025-12-25T13:41:12+00:00","breadcrumb":{"@id":"https:\/\/www.elektrokul.dk\/de\/funkenbearbeitung\/#breadcrumb"},"inLanguage":"de","potentialAction":[{"@type":"ReadAction","target":["https:\/\/www.elektrokul.dk\/de\/funkenbearbeitung\/"]}]},{"@type":"ImageObject","inLanguage":"de","@id":"https:\/\/www.elektrokul.dk\/de\/funkenbearbeitung\/#primaryimage","url":"https:\/\/www.elektrokul.dk\/wp-content\/uploads\/2024\/05\/dscf0034.jpg","contentUrl":"https:\/\/www.elektrokul.dk\/wp-content\/uploads\/2024\/05\/dscf0034.jpg","width":1280,"height":848,"caption":"Gnistbearbejdning"},{"@type":"BreadcrumbList","@id":"https:\/\/www.elektrokul.dk\/de\/funkenbearbeitung\/#breadcrumb","itemListElement":[{"@type":"ListItem","position":1,"name":"Hjem","item":"https:\/\/www.elektrokul.dk\/de\/hauptseite\/"},{"@type":"ListItem","position":2,"name":"Funkenbearbeitung"}]},{"@type":"WebSite","@id":"https:\/\/www.elektrokul.dk\/#website","url":"https:\/\/www.elektrokul.dk\/","name":"Elektrokul A\/S","description":"Mekanisk grafit og andre kulvarer fra egen fabrik","publisher":{"@id":"https:\/\/www.elektrokul.dk\/#organization"},"potentialAction":[{"@type":"SearchAction","target":{"@type":"EntryPoint","urlTemplate":"https:\/\/www.elektrokul.dk\/?s={search_term_string}"},"query-input":{"@type":"PropertyValueSpecification","valueRequired":true,"valueName":"search_term_string"}}],"inLanguage":"de"},{"@type":"Organization","@id":"https:\/\/www.elektrokul.dk\/#organization","name":"Elektrokul A\/S","url":"https:\/\/www.elektrokul.dk\/","logo":{"@type":"ImageObject","inLanguage":"de","@id":"https:\/\/www.elektrokul.dk\/#\/schema\/logo\/image\/","url":"https:\/\/www.elektrokul.dk\/wp-content\/uploads\/2022\/05\/logo-3.png","contentUrl":"https:\/\/www.elektrokul.dk\/wp-content\/uploads\/2022\/05\/logo-3.png","width":535,"height":100,"caption":"Elektrokul A\/S"},"image":{"@id":"https:\/\/www.elektrokul.dk\/#\/schema\/logo\/image\/"}}]}},"_links":{"self":[{"href":"https:\/\/www.elektrokul.dk\/de\/wp-json\/wp\/v2\/pages\/900665","targetHints":{"allow":["GET"]}}],"collection":[{"href":"https:\/\/www.elektrokul.dk\/de\/wp-json\/wp\/v2\/pages"}],"about":[{"href":"https:\/\/www.elektrokul.dk\/de\/wp-json\/wp\/v2\/types\/page"}],"author":[{"embeddable":true,"href":"https:\/\/www.elektrokul.dk\/de\/wp-json\/wp\/v2\/users\/1"}],"replies":[{"embeddable":true,"href":"https:\/\/www.elektrokul.dk\/de\/wp-json\/wp\/v2\/comments?post=900665"}],"version-history":[{"count":12,"href":"https:\/\/www.elektrokul.dk\/de\/wp-json\/wp\/v2\/pages\/900665\/revisions"}],"predecessor-version":[{"id":900866,"href":"https:\/\/www.elektrokul.dk\/de\/wp-json\/wp\/v2\/pages\/900665\/revisions\/900866"}],"wp:featuredmedia":[{"embeddable":true,"href":"https:\/\/www.elektrokul.dk\/de\/wp-json\/wp\/v2\/media\/900075"}],"wp:attachment":[{"href":"https:\/\/www.elektrokul.dk\/de\/wp-json\/wp\/v2\/media?parent=900665"}],"wp:term":[{"taxonomy":"category","embeddable":true,"href":"https:\/\/www.elektrokul.dk\/de\/wp-json\/wp\/v2\/categories?post=900665"}],"curies":[{"name":"wp","href":"https:\/\/api.w.org\/{rel}","templated":true}]}}