{"id":900306,"date":"2022-05-24T08:44:27","date_gmt":"2022-05-24T06:44:27","guid":{"rendered":"https:\/\/www.elektrokul.dk\/kohlenstoff-halterungen\/"},"modified":"2025-12-17T09:27:29","modified_gmt":"2025-12-17T08:27:29","slug":"kohlenstoff-halterungen","status":"publish","type":"page","link":"https:\/\/www.elektrokul.dk\/de\/kohlenstoff-halterungen\/","title":{"rendered":"Kohlenstoff-Halterungen"},"content":{"rendered":"<section class=\"wpb-content-wrapper\"><p>[vc_row full_width=&#8220;stretch_row&#8220;][vc_column]<div class=\"ult-spacer spacer-69d24a7838834\" data-id=\"69d24a7838834\" data-height=\"90\" data-height-mobile=\"60\" data-height-tab=\"90\" data-height-tab-portrait=\"60\" data-height-mobile-landscape=\"60\" style=\"clear:both;display:block;\"><\/div>[vc_row_inner][vc_column_inner offset=&#8220;vc_col-lg-8 vc_col-md-8 vc_col-xs-12&#8243;][vc_column_text]<\/p>\n<h2>Wir bieten Kohlehalter in verschiedenen Ausf\u00fchrungen an<\/h2>\n<p>Ben\u00f6tigen Sie einen Kohlehalter f\u00fcr Kohleb\u00fcrsten? Dann sind Sie bei uns genau richtig. Bei <a href=\"\/\">Elektrokul A\/S<\/a> k\u00f6nnen wir Ihnen eine gro\u00dfe Auswahl an Kohlehaltern liefern und wir sind immer bereit, Ihnen zu helfen. Wir verkaufen an Unternehmen in ganz D\u00e4nemark und garantieren immer eine kurze Lieferzeit. Z\u00f6gern Sie also nicht, uns zu kontaktieren, wenn Sie professionelle Hilfe ben\u00f6tigen.    <\/p>\n<p>Die Kohlehalter in unserem Sortiment haben Standardma\u00dfe, aber es ist dennoch m\u00f6glich, verschiedene Formen zu erstellen, die genau passen. Mit anderen Worten, wir k\u00f6nnen eine breite Palette von Bed\u00fcrfnissen erf\u00fcllen und den Kohlehalter herstellen, den Sie ben\u00f6tigen. <\/p>\n<p>Unabh\u00e4ngig von der Aufgabe, die Sie an uns stellen, k\u00f6nnen Sie sich darauf verlassen, dass wir stets hochwertige Kohlerohstoffe zu wettbewerbsf\u00e4higen Preisen liefern. Sie k\u00f6nnen also darauf vertrauen, dass wir Ihr zuk\u00fcnftiger Gesch\u00e4ftspartner sind. <\/p>\n<h3>Kohleb\u00fcrsten gleiten leicht in den richtigen Kohlehalter<\/h3>\n<p>Ein Kohlehalter ist ein Kasten oder ein Rohr, in dem die Kohleb\u00fcrsten mit einem bestimmten Federdruck leicht gegen die Kontaktfl\u00e4che eines Kommutators oder eines Schleifrings in einer Maschinenkonstruktion gleiten k\u00f6nnen. Die Druckfeder im Kohlehalter ist oft ein Teil davon. Kohlehalter werden normalerweise aus Messing hergestellt.  <\/p>\n<p>Wir k\u00f6nnen Ihnen bei praktisch allen Arten von Kohlehaltern helfen. Dabei spielt es keine Rolle, ob es sich um einen alten Kohlehalter handelt, der durch einen neuen ersetzt werden muss, oder ob es sich um ein Maschinenbauprojekt handelt. Wir verf\u00fcgen \u00fcber langj\u00e4hrige Erfahrung und k\u00f6nnen Sie daher qualifiziert und kompetent bei der Auswahl des richtigen Typs beraten.  <\/p>\n<h3>Garantiert hohe Qualit\u00e4t zu niedrigen Preisen<\/h3>\n<p>Wir sind ein professioneller und kompetenter Partner, bei dem die Bed\u00fcrfnisse des Kunden immer an erster Stelle stehen. Mit anderen Worten: Wenn Sie mit uns zusammenarbeiten, k\u00f6nnen Sie sich auf einen rundum guten Service verlassen. Wir sind bereit, sowohl einfache als auch komplexe Aufgaben zu l\u00f6sen, ganz nach Ihren W\u00fcnschen.  <\/p>\n<p>Wenn Sie einen Holzkohlehalter bei uns bestellen, k\u00f6nnen Sie erwarten, dass Sie ein hochwertiges Produkt erhalten. Obwohl die Qualit\u00e4t immer hoch ist, achten wir darauf, unsere Preise so niedrig wie m\u00f6glich zu halten. Sie k\u00f6nnen also von einem Einkauf bei uns profitieren, wenn Sie das beste Preis-Leistungs-Verh\u00e4ltnis erhalten m\u00f6chten.  <\/p>\n<h4>Wir liefern Kohlenstoffhalter f\u00fcr viele verschiedene Einsatzbedingungen<\/h4>\n<p>Wir sind seit vielen Jahren in der Branche t\u00e4tig und verf\u00fcgen \u00fcber umfangreiche Erfahrungen in diesem Bereich. Daher sind wir in der Lage, einen Kohlehalter f\u00fcr viele verschiedene Betriebsbedingungen zu liefern. Ganz gleich, welche Art von Unternehmen Sie sind, wir k\u00f6nnen Ihnen einen passenden Kohlehalter liefern.  <\/p>\n<p>Mit anderen Worten: Es gibt kaum eine Aufgabe, die wir nicht l\u00f6sen k\u00f6nnen, also z\u00f6gern Sie nicht, uns um professionelle Hilfe zu bitten.<\/p>\n<p>Bei uns erhalten Sie hohe Qualit\u00e4t, kompetente Beratung und guten Kundenservice zu attraktiven Preisen. Wir arbeiten immer schnell und effizient, so dass Sie Ihren neuen Kohlehalter so schnell wie m\u00f6glich erhalten k\u00f6nnen. Dar\u00fcber hinaus sind wir ein zuverl\u00e4ssiger Partner, der sich verpflichtet, das vereinbarte Produkt zum vereinbarten Zeitpunkt und Preis zu liefern.[\/vc_column_text][vc_empty_space height=&#8220;20px&#8220;][vc_btn title=&#8220;Katalog herunterladen&#8220; style=&#8220;custom&#8220; custom_background=&#8220;#bf7d6b&#8220; custom_text=&#8220;#ffffff&#8220; shape=&#8220;square&#8220; align=&#8220;left&#8220; css_animation=&#8220;fadeIn&#8220; link=&#8220;url:%2Fwp-content%2Fuploads%2F2022%2F05%2F268-web-kulholder-katalog-3.pdf|target:_blank|&#8220;][vc_empty_space height=&#8220;30px&#8220;][vc_media_grid style=&#8220;pagination&#8220; items_per_page=&#8220;4&#8243; element_width=&#8220;3&#8243; gap=&#8220;20&#8243; paging_color=&#8220;black&#8220; loop=&#8220;yes&#8220; grid_id=&#8220;vc_gid:1706814749846-2be7d8d0-fe85-10&#8243; include=&#8220;3625,3626,3627,3628,3629,3630,3631,3632&#8243;]<div class=\"ult-spacer spacer-69d24a783887f\" data-id=\"69d24a783887f\" data-height=\"0\" data-height-mobile=\"30\" data-height-tab=\"0\" data-height-tab-portrait=\"30\" data-height-mobile-landscape=\"30\" style=\"clear:both;display:block;\"><\/div>[\/vc_column_inner][vc_column_inner offset=&#8220;vc_col-lg-4 vc_col-md-4 vc_col-xs-12&#8243;][vc_widget_sidebar sidebar_id=&#8220;sidebar-1&#8243; el_class=&#8220;contact-sidebar&#8220;][\/vc_column_inner][\/vc_row_inner]<div class=\"ult-spacer spacer-69d24a78388a6\" data-id=\"69d24a78388a6\" data-height=\"90\" data-height-mobile=\"60\" data-height-tab=\"90\" data-height-tab-portrait=\"60\" data-height-mobile-landscape=\"60\" style=\"clear:both;display:block;\"><\/div>[\/vc_column][\/vc_row][vc_row full_width=&#8220;stretch_row_content_no_spaces&#8220; equal_height=&#8220;yes&#8220; css=&#8220;.vc_custom_1653381489748{background-color: #f7f7f7 !important;}&#8220;][vc_column el_class=&#8220;stretch&#8220;][vc_column_text]<\/p>\n<h3 style=\"text-align: center;\">Holen Sie sich ein unverbindliches Angebot f\u00fcr einen Carbonhalter<\/h3>\n<p style=\"text-align: center;\">M\u00f6chten Sie ein unverbindliches Angebot f\u00fcr einen Carbonhalter erhalten? Rufen Sie uns einfach an oder schreiben Sie uns.<br \/>\nWir sprechen gerne mit Ihnen \u00fcber Ihre W\u00fcnsche und Bed\u00fcrfnisse und stellen Ihnen dann ein gutes Angebot zusammen. <\/p>\n<p style=\"text-align: center;\">Sie k\u00f6nnen uns unter <a href=\"tel:70207826\">+45 70 20 78 26<\/a> anrufen, wenn Sie mehr wissen oder eine Bestellung aufgeben m\u00f6chten.<br \/>\nSie k\u00f6nnen uns auch gerne eine E-Mail an <a href=\"mailto:info@elektrokul.dk\">info@elektrokul.dk<\/a> schreiben, und wir werden uns so schnell wie m\u00f6glich bei Ihnen melden.<\/p>\n<p style=\"text-align: center;\">Wir freuen uns darauf, von Ihnen zu h\u00f6ren.<\/p>\n<p>[\/vc_column_text][vc_empty_space height=&#8220;30px&#8220;][vc_btn title=&#8220;Kontaktieren Sie uns hier&#8220; style=&#8220;custom&#8220; custom_background=&#8220;#bf7d6b&#8220; custom_text=&#8220;#ffffff&#8220; shape=&#8220;square&#8220; size=&#8220;lg&#8220; align=&#8220;center&#8220; css_animation=&#8220;fadeInUp&#8220; link=&#8220;url:https%3A%2F%2Fwww.elektrokul.dk%2Fkontakt%2F|title:Kontaktieren%20Sie%20uns|&#8220;][\/vc_column][\/vc_row]<\/p>\n<\/section>","protected":false},"excerpt":{"rendered":"<p>[vc_row full_width=&#8220;stretch_row&#8220;][vc_column][vc_row_inner][vc_column_inner offset=&#8220;vc_col-lg-8 vc_col-md-8 vc_col-xs-12&#8243;][vc_column_text] Wir bieten Kohlehalter in verschiedenen Ausf\u00fchrungen an Ben\u00f6tigen Sie einen Kohlehalter f\u00fcr Kohleb\u00fcrsten? Dann sind Sie bei uns genau richtig. Bei Elektrokul A\/S k\u00f6nnen wir Ihnen eine gro\u00dfe Auswahl an Kohlehaltern liefern und wir sind immer bereit, Ihnen zu helfen. Wir verkaufen an Unternehmen in ganz D\u00e4nemark und garantieren immer &#8230; <a title=\"Kohlenstoff-Halterungen\" class=\"read-more\" href=\"https:\/\/www.elektrokul.dk\/de\/kohlenstoff-halterungen\/\" aria-label=\"Mehr zu Kohlenstoff-Halterungen\">Weiterlesen &#8230;<\/a><\/p>\n","protected":false},"author":1,"featured_media":900307,"parent":0,"menu_order":0,"comment_status":"closed","ping_status":"closed","template":"","meta":{"_acf_changed":false,"footnotes":""},"categories":[13371347],"class_list":{"0":"post-900306","1":"page","2":"type-page","3":"status-publish","4":"has-post-thumbnail","6":"category-unsere-produkte"},"acf":[],"yoast_head":"<!-- This site is optimized with the Yoast SEO plugin v26.6 - https:\/\/yoast.com\/wordpress\/plugins\/seo\/ -->\n<title>Kohlenstoffhalter werden in ganz D\u00e4nemark angeboten | Lesen Sie hier mehr<\/title>\n<meta name=\"description\" content=\"Wir verkaufen Kohlehalter f\u00fcr alle Unternehmen in ganz D\u00e4nemark. M\u00f6chten Sie mehr \u00fcber Ihre M\u00f6glichkeiten erfahren? Dann kontaktieren Sie uns noch heute!\" \/>\n<meta name=\"robots\" content=\"index, follow, max-snippet:-1, max-image-preview:large, max-video-preview:-1\" \/>\n<link rel=\"canonical\" href=\"https:\/\/www.elektrokul.dk\/de\/?page_id=900306\" \/>\n<meta property=\"og:locale\" content=\"de_DE\" \/>\n<meta property=\"og:type\" content=\"article\" \/>\n<meta property=\"og:title\" content=\"Kohlenstoffhalter werden in ganz D\u00e4nemark angeboten | Lesen Sie hier mehr\" \/>\n<meta property=\"og:description\" content=\"Wir verkaufen Kohlehalter f\u00fcr alle Unternehmen in ganz D\u00e4nemark. M\u00f6chten Sie mehr \u00fcber Ihre M\u00f6glichkeiten erfahren? Dann kontaktieren Sie uns noch heute!\" \/>\n<meta property=\"og:url\" content=\"https:\/\/www.elektrokul.dk\/de\/?page_id=900306\" \/>\n<meta property=\"og:site_name\" content=\"Elektrokul A\/S\" \/>\n<meta property=\"article:modified_time\" content=\"2025-12-17T08:27:29+00:00\" \/>\n<meta property=\"og:image\" content=\"https:\/\/www.elektrokul.dk\/wp-content\/uploads\/2024\/05\/mack0673.jpg\" \/>\n\t<meta property=\"og:image:width\" content=\"1920\" \/>\n\t<meta property=\"og:image:height\" content=\"1535\" \/>\n\t<meta property=\"og:image:type\" content=\"image\/jpeg\" \/>\n<meta name=\"twitter:card\" content=\"summary_large_image\" \/>\n<meta name=\"twitter:label1\" content=\"Gesch\u00e4tzte Lesezeit\" \/>\n\t<meta name=\"twitter:data1\" content=\"4\u00a0Minuten\" \/>\n<script type=\"application\/ld+json\" class=\"yoast-schema-graph\">{\"@context\":\"https:\/\/schema.org\",\"@graph\":[{\"@type\":\"WebPage\",\"@id\":\"https:\/\/www.elektrokul.dk\/de\/?page_id=900306\",\"url\":\"https:\/\/www.elektrokul.dk\/de\/?page_id=900306\",\"name\":\"Kohlenstoffhalter werden in ganz D\u00e4nemark angeboten | Lesen Sie hier mehr\",\"isPartOf\":{\"@id\":\"https:\/\/www.elektrokul.dk\/#website\"},\"primaryImageOfPage\":{\"@id\":\"https:\/\/www.elektrokul.dk\/de\/?page_id=900306#primaryimage\"},\"image\":{\"@id\":\"https:\/\/www.elektrokul.dk\/de\/?page_id=900306#primaryimage\"},\"thumbnailUrl\":\"https:\/\/www.elektrokul.dk\/wp-content\/uploads\/2024\/05\/mack0673.jpg\",\"datePublished\":\"2022-05-24T06:44:27+00:00\",\"dateModified\":\"2025-12-17T08:27:29+00:00\",\"description\":\"Wir verkaufen Kohlehalter f\u00fcr alle Unternehmen in ganz D\u00e4nemark. M\u00f6chten Sie mehr \u00fcber Ihre M\u00f6glichkeiten erfahren? Dann kontaktieren Sie uns noch heute!\",\"breadcrumb\":{\"@id\":\"https:\/\/www.elektrokul.dk\/de\/?page_id=900306#breadcrumb\"},\"inLanguage\":\"de\",\"potentialAction\":[{\"@type\":\"ReadAction\",\"target\":[\"https:\/\/www.elektrokul.dk\/de\/?page_id=900306\"]}]},{\"@type\":\"ImageObject\",\"inLanguage\":\"de\",\"@id\":\"https:\/\/www.elektrokul.dk\/de\/?page_id=900306#primaryimage\",\"url\":\"https:\/\/www.elektrokul.dk\/wp-content\/uploads\/2024\/05\/mack0673.jpg\",\"contentUrl\":\"https:\/\/www.elektrokul.dk\/wp-content\/uploads\/2024\/05\/mack0673.jpg\",\"width\":1920,\"height\":1535,\"caption\":\"Kulholdere\"},{\"@type\":\"BreadcrumbList\",\"@id\":\"https:\/\/www.elektrokul.dk\/de\/?page_id=900306#breadcrumb\",\"itemListElement\":[{\"@type\":\"ListItem\",\"position\":1,\"name\":\"Hjem\",\"item\":\"https:\/\/www.elektrokul.dk\/de\/hauptseite\/\"},{\"@type\":\"ListItem\",\"position\":2,\"name\":\"Kohlenstoff-Halterungen\"}]},{\"@type\":\"WebSite\",\"@id\":\"https:\/\/www.elektrokul.dk\/#website\",\"url\":\"https:\/\/www.elektrokul.dk\/\",\"name\":\"Elektrokul A\/S\",\"description\":\"Mekanisk grafit og andre kulvarer fra egen fabrik\",\"publisher\":{\"@id\":\"https:\/\/www.elektrokul.dk\/#organization\"},\"potentialAction\":[{\"@type\":\"SearchAction\",\"target\":{\"@type\":\"EntryPoint\",\"urlTemplate\":\"https:\/\/www.elektrokul.dk\/?s={search_term_string}\"},\"query-input\":{\"@type\":\"PropertyValueSpecification\",\"valueRequired\":true,\"valueName\":\"search_term_string\"}}],\"inLanguage\":\"de\"},{\"@type\":\"Organization\",\"@id\":\"https:\/\/www.elektrokul.dk\/#organization\",\"name\":\"Elektrokul A\/S\",\"url\":\"https:\/\/www.elektrokul.dk\/\",\"logo\":{\"@type\":\"ImageObject\",\"inLanguage\":\"de\",\"@id\":\"https:\/\/www.elektrokul.dk\/#\/schema\/logo\/image\/\",\"url\":\"https:\/\/www.elektrokul.dk\/wp-content\/uploads\/2022\/05\/logo-3.png\",\"contentUrl\":\"https:\/\/www.elektrokul.dk\/wp-content\/uploads\/2022\/05\/logo-3.png\",\"width\":535,\"height\":100,\"caption\":\"Elektrokul A\/S\"},\"image\":{\"@id\":\"https:\/\/www.elektrokul.dk\/#\/schema\/logo\/image\/\"}}]}<\/script>\n<!-- \/ Yoast SEO plugin. -->","yoast_head_json":{"title":"Kohlenstoffhalter werden in ganz D\u00e4nemark angeboten | Lesen Sie hier mehr","description":"Wir verkaufen Kohlehalter f\u00fcr alle Unternehmen in ganz D\u00e4nemark. M\u00f6chten Sie mehr \u00fcber Ihre M\u00f6glichkeiten erfahren? Dann kontaktieren Sie uns noch heute!","robots":{"index":"index","follow":"follow","max-snippet":"max-snippet:-1","max-image-preview":"max-image-preview:large","max-video-preview":"max-video-preview:-1"},"canonical":"https:\/\/www.elektrokul.dk\/de\/?page_id=900306","og_locale":"de_DE","og_type":"article","og_title":"Kohlenstoffhalter werden in ganz D\u00e4nemark angeboten | Lesen Sie hier mehr","og_description":"Wir verkaufen Kohlehalter f\u00fcr alle Unternehmen in ganz D\u00e4nemark. M\u00f6chten Sie mehr \u00fcber Ihre M\u00f6glichkeiten erfahren? Dann kontaktieren Sie uns noch heute!","og_url":"https:\/\/www.elektrokul.dk\/de\/?page_id=900306","og_site_name":"Elektrokul A\/S","article_modified_time":"2025-12-17T08:27:29+00:00","og_image":[{"width":1920,"height":1535,"url":"https:\/\/www.elektrokul.dk\/wp-content\/uploads\/2024\/05\/mack0673.jpg","type":"image\/jpeg"}],"twitter_card":"summary_large_image","twitter_misc":{"Gesch\u00e4tzte Lesezeit":"4\u00a0Minuten"},"schema":{"@context":"https:\/\/schema.org","@graph":[{"@type":"WebPage","@id":"https:\/\/www.elektrokul.dk\/de\/?page_id=900306","url":"https:\/\/www.elektrokul.dk\/de\/?page_id=900306","name":"Kohlenstoffhalter werden in ganz D\u00e4nemark angeboten | Lesen Sie hier mehr","isPartOf":{"@id":"https:\/\/www.elektrokul.dk\/#website"},"primaryImageOfPage":{"@id":"https:\/\/www.elektrokul.dk\/de\/?page_id=900306#primaryimage"},"image":{"@id":"https:\/\/www.elektrokul.dk\/de\/?page_id=900306#primaryimage"},"thumbnailUrl":"https:\/\/www.elektrokul.dk\/wp-content\/uploads\/2024\/05\/mack0673.jpg","datePublished":"2022-05-24T06:44:27+00:00","dateModified":"2025-12-17T08:27:29+00:00","description":"Wir verkaufen Kohlehalter f\u00fcr alle Unternehmen in ganz D\u00e4nemark. M\u00f6chten Sie mehr \u00fcber Ihre M\u00f6glichkeiten erfahren? Dann kontaktieren Sie uns noch heute!","breadcrumb":{"@id":"https:\/\/www.elektrokul.dk\/de\/?page_id=900306#breadcrumb"},"inLanguage":"de","potentialAction":[{"@type":"ReadAction","target":["https:\/\/www.elektrokul.dk\/de\/?page_id=900306"]}]},{"@type":"ImageObject","inLanguage":"de","@id":"https:\/\/www.elektrokul.dk\/de\/?page_id=900306#primaryimage","url":"https:\/\/www.elektrokul.dk\/wp-content\/uploads\/2024\/05\/mack0673.jpg","contentUrl":"https:\/\/www.elektrokul.dk\/wp-content\/uploads\/2024\/05\/mack0673.jpg","width":1920,"height":1535,"caption":"Kulholdere"},{"@type":"BreadcrumbList","@id":"https:\/\/www.elektrokul.dk\/de\/?page_id=900306#breadcrumb","itemListElement":[{"@type":"ListItem","position":1,"name":"Hjem","item":"https:\/\/www.elektrokul.dk\/de\/hauptseite\/"},{"@type":"ListItem","position":2,"name":"Kohlenstoff-Halterungen"}]},{"@type":"WebSite","@id":"https:\/\/www.elektrokul.dk\/#website","url":"https:\/\/www.elektrokul.dk\/","name":"Elektrokul A\/S","description":"Mekanisk grafit og andre kulvarer fra egen fabrik","publisher":{"@id":"https:\/\/www.elektrokul.dk\/#organization"},"potentialAction":[{"@type":"SearchAction","target":{"@type":"EntryPoint","urlTemplate":"https:\/\/www.elektrokul.dk\/?s={search_term_string}"},"query-input":{"@type":"PropertyValueSpecification","valueRequired":true,"valueName":"search_term_string"}}],"inLanguage":"de"},{"@type":"Organization","@id":"https:\/\/www.elektrokul.dk\/#organization","name":"Elektrokul A\/S","url":"https:\/\/www.elektrokul.dk\/","logo":{"@type":"ImageObject","inLanguage":"de","@id":"https:\/\/www.elektrokul.dk\/#\/schema\/logo\/image\/","url":"https:\/\/www.elektrokul.dk\/wp-content\/uploads\/2022\/05\/logo-3.png","contentUrl":"https:\/\/www.elektrokul.dk\/wp-content\/uploads\/2022\/05\/logo-3.png","width":535,"height":100,"caption":"Elektrokul A\/S"},"image":{"@id":"https:\/\/www.elektrokul.dk\/#\/schema\/logo\/image\/"}}]}},"_links":{"self":[{"href":"https:\/\/www.elektrokul.dk\/de\/wp-json\/wp\/v2\/pages\/900306","targetHints":{"allow":["GET"]}}],"collection":[{"href":"https:\/\/www.elektrokul.dk\/de\/wp-json\/wp\/v2\/pages"}],"about":[{"href":"https:\/\/www.elektrokul.dk\/de\/wp-json\/wp\/v2\/types\/page"}],"author":[{"embeddable":true,"href":"https:\/\/www.elektrokul.dk\/de\/wp-json\/wp\/v2\/users\/1"}],"replies":[{"embeddable":true,"href":"https:\/\/www.elektrokul.dk\/de\/wp-json\/wp\/v2\/comments?post=900306"}],"version-history":[{"count":3,"href":"https:\/\/www.elektrokul.dk\/de\/wp-json\/wp\/v2\/pages\/900306\/revisions"}],"predecessor-version":[{"id":900310,"href":"https:\/\/www.elektrokul.dk\/de\/wp-json\/wp\/v2\/pages\/900306\/revisions\/900310"}],"wp:featuredmedia":[{"embeddable":true,"href":"https:\/\/www.elektrokul.dk\/de\/wp-json\/wp\/v2\/media\/900307"}],"wp:attachment":[{"href":"https:\/\/www.elektrokul.dk\/de\/wp-json\/wp\/v2\/media?parent=900306"}],"wp:term":[{"taxonomy":"category","embeddable":true,"href":"https:\/\/www.elektrokul.dk\/de\/wp-json\/wp\/v2\/categories?post=900306"}],"curies":[{"name":"wp","href":"https:\/\/api.w.org\/{rel}","templated":true}]}}